{"id":69617,"date":"2016-05-10T14:42:52","date_gmt":"2016-05-10T12:42:52","guid":{"rendered":"https:\/\/www.daliform.com\/?page_id=69617"},"modified":"2021-10-14T11:01:09","modified_gmt":"2021-10-14T09:01:09","slug":"grille-de-consolidation-de-couches-de-fondation-equestres","status":"publish","type":"page","link":"https:\/\/www.daliform.com\/fr\/grille-de-consolidation-de-couches-de-fondation-equestres\/","title":{"rendered":"Easy Ride"},"content":{"rendered":"<p>[vc_row][vc_column width=\u00a0\u00bb1\/4&Prime;][vc_single_image image=\u00a0\u00bb63801&Prime; img_size=\u00a0\u00bblarge\u00a0\u00bb][\/vc_column][vc_column width=\u00a0\u00bb3\/4&Prime;][vc_column_text]<\/p>\n<h5 style=\"text-align: justify;\">Easy Ride est la grille r\u00e9alis\u00e9e en mati\u00e8re plastique recycl\u00e9, \u00e9cocompatible et stabilis\u00e9 aux rayons UV qui permet d&rsquo;am\u00e9liorer et de stabiliser les surfaces soumises au pi\u00e9tinement des animaux, m\u00eame de grosse taille, en pr\u00e9servant la mobilit\u00e9 et l&rsquo;hygi\u00e8ne g\u00e9n\u00e9rale de l&rsquo;environnement o\u00f9 ils vivent.<\/h5>\n<p>[\/vc_column_text][vc_column_text]<strong>Easy Ride<\/strong> gr\u00e2ce \u00e0 ses caract\u00e9ristiques d&rsquo;\u00e9lasticit\u00e9 et de stabilit\u00e9, est particuli\u00e8rement indiqu\u00e9e dans le domaine de l&rsquo;\u00e9quitation car elle emp\u00eache que le cheval ne subisse des traumatismes aux pattes, surtout d\u00e9rivant de sauts ou d&rsquo;une vitesse tr\u00e8s \u00e9lev\u00e9e, en fournissant en m\u00eame temps une meilleure \u00ab\u00a0adh\u00e9rence\u00a0\u00bb et donc un meilleur \u00e9quilibre dynamique.[\/vc_column_text][\/vc_column][\/vc_row]<\/p>\n","protected":false},"excerpt":{"rendered":"<p>Am\u00e9liorer et de stabiliser les surfaces soumises au pi\u00e9tinement des animaux en pr\u00e9servant la mobilit\u00e9 et l&rsquo;hygi\u00e8ne g\u00e9n\u00e9rale de l&rsquo;environnement.<\/p>\n","protected":false},"author":1,"featured_media":63789,"parent":0,"menu_order":33,"comment_status":"closed","ping_status":"closed","template":"template-product.php","meta":[],"acf":[],"aioseo_notices":[],"_links":{"self":[{"href":"https:\/\/www.daliform.com\/fr\/wp-json\/wp\/v2\/pages\/69617"}],"collection":[{"href":"https:\/\/www.daliform.com\/fr\/wp-json\/wp\/v2\/pages"}],"about":[{"href":"https:\/\/www.daliform.com\/fr\/wp-json\/wp\/v2\/types\/page"}],"author":[{"embeddable":true,"href":"https:\/\/www.daliform.com\/fr\/wp-json\/wp\/v2\/users\/1"}],"replies":[{"embeddable":true,"href":"https:\/\/www.daliform.com\/fr\/wp-json\/wp\/v2\/comments?post=69617"}],"version-history":[{"count":1,"href":"https:\/\/www.daliform.com\/fr\/wp-json\/wp\/v2\/pages\/69617\/revisions"}],"predecessor-version":[{"id":108992,"href":"https:\/\/www.daliform.com\/fr\/wp-json\/wp\/v2\/pages\/69617\/revisions\/108992"}],"wp:featuredmedia":[{"embeddable":true,"href":"https:\/\/www.daliform.com\/fr\/wp-json\/wp\/v2\/media\/63789"}],"wp:attachment":[{"href":"https:\/\/www.daliform.com\/fr\/wp-json\/wp\/v2\/media?parent=69617"}],"curies":[{"name":"wp","href":"https:\/\/api.w.org\/{rel}","templated":true}]}}