{"id":68981,"date":"2016-05-10T16:29:52","date_gmt":"2016-05-10T14:29:52","guid":{"rendered":"https:\/\/www.daliform.com\/?page_id=68981"},"modified":"2021-10-13T15:48:00","modified_gmt":"2021-10-13T13:48:00","slug":"grille-de-protection-pour-pres-deja-formes","status":"publish","type":"page","link":"https:\/\/www.daliform.com\/fr\/grille-de-protection-pour-pres-deja-formes\/","title":{"rendered":"Easy Park"},"content":{"rendered":"<p>[vc_row][vc_column width=\u00a0\u00bb1\/4&Prime;][vc_single_image image=\u00a0\u00bb63652&Prime; img_size=\u00a0\u00bblarge\u00a0\u00bb][\/vc_column][vc_column width=\u00a0\u00bb3\/4&Prime;][vc_column_text]<\/p>\n<h5><strong>Easy Park\u00ae est un grillage technique hautement polyvalent destin\u00e9 au rev\u00eatement des surfaces naturelles. Il est r\u00e9alis\u00e9 en r\u00e9sine thermoplastique \u00e9cologique stabilis\u00e9e aux rayons UV.<\/strong><\/h5>\n<p><strong>Il s\u2019agit de la solution id\u00e9ale pour la cr\u00e9ation d\u2019all\u00e9es, d\u2019aires de stationnement, de zones pi\u00e9tonnes ou d\u2019\u00eelots permanents (ou provisoires) en fonction des diff\u00e9rents besoins. \u00a0<\/strong><br \/>\nL\u00e9ger, facile avec pose intuitive, Easy Park\u00ae est particuli\u00e8rement adapt\u00e9 aux surfaces de pelouse sans mauvaises herbes, sur lesquelles le grillage doit simplement \u00eatre \u00e9tendu.[\/vc_column_text][\/vc_column][vc_column][vc_empty_space height=\u00a0\u00bb15px\u00a0\u00bb][vc_column_text]<\/p>\n<p style=\"text-align: justify;\"><strong>Easy Park\u00ae<\/strong>, gr\u00e2ce \u00e0 sa structure particuli\u00e8re, prot\u00e8ge le tapis d\u2019herbe contre les sollicitations produites par le passage ou le stationnement des v\u00e9hicules, tout en favorisant la croissance et l\u2019enracinement naturel du gazon, peu importe les conditions atmosph\u00e9riques. Il peut \u00e9galement \u00eatre utilis\u00e9 pour les surfaces en sable, terre battue, sols \u00e0 faible capacit\u00e9 porteuse, etc.<br \/>\nGr\u00e2ce \u00e0 son d\u00e9veloppement modulaire et \u00e0 son syst\u00e8me de pose m\u00e2le\/femelle tr\u00e8s simple, il permet d\u2019am\u00e9nager de grandes surfaces en peu de temps. Le cas \u00e9ch\u00e9ant, il peut \u00eatre facilement et rapidement retir\u00e9, pour \u00eatre ensuite imm\u00e9diatement r\u00e9utilisable.<br \/>\nEasy Park\u00ae est disponible dans les coloris vert et gris fonc\u00e9.<\/p>\n<p>[\/vc_column_text][\/vc_column][\/vc_row]<\/p>\n","protected":false},"excerpt":{"rendered":"<p>Easy Park il s\u2019agit de la solution id\u00e9ale pour la cr\u00e9ation d\u2019all\u00e9es, d\u2019aires de stationnement, de zones pi\u00e9tonnes ou d\u2019\u00eelots permanents ou provisoires. <\/p>\n","protected":false},"author":1,"featured_media":63641,"parent":0,"menu_order":32,"comment_status":"closed","ping_status":"closed","template":"template-product.php","meta":[],"acf":[],"aioseo_notices":[],"_links":{"self":[{"href":"https:\/\/www.daliform.com\/fr\/wp-json\/wp\/v2\/pages\/68981"}],"collection":[{"href":"https:\/\/www.daliform.com\/fr\/wp-json\/wp\/v2\/pages"}],"about":[{"href":"https:\/\/www.daliform.com\/fr\/wp-json\/wp\/v2\/types\/page"}],"author":[{"embeddable":true,"href":"https:\/\/www.daliform.com\/fr\/wp-json\/wp\/v2\/users\/1"}],"replies":[{"embeddable":true,"href":"https:\/\/www.daliform.com\/fr\/wp-json\/wp\/v2\/comments?post=68981"}],"version-history":[{"count":1,"href":"https:\/\/www.daliform.com\/fr\/wp-json\/wp\/v2\/pages\/68981\/revisions"}],"predecessor-version":[{"id":108986,"href":"https:\/\/www.daliform.com\/fr\/wp-json\/wp\/v2\/pages\/68981\/revisions\/108986"}],"wp:featuredmedia":[{"embeddable":true,"href":"https:\/\/www.daliform.com\/fr\/wp-json\/wp\/v2\/media\/63641"}],"wp:attachment":[{"href":"https:\/\/www.daliform.com\/fr\/wp-json\/wp\/v2\/media?parent=68981"}],"curies":[{"name":"wp","href":"https:\/\/api.w.org\/{rel}","templated":true}]}}