{"id":68600,"date":"2016-05-10T17:14:52","date_gmt":"2016-05-10T15:14:52","guid":{"rendered":"https:\/\/www.daliform.com\/?page_id=68600"},"modified":"2024-07-30T15:20:14","modified_gmt":"2024-07-30T13:20:14","slug":"salvaprato-erby-grille-de-pavage-pour-vehicules","status":"publish","type":"page","link":"https:\/\/www.daliform.com\/fr\/salvaprato-erby-grille-de-pavage-pour-vehicules\/","title":{"rendered":"Salvaprato Erby"},"content":{"rendered":"<p>[vc_row][vc_column width=\u00a0\u00bb1\/4&Prime;][vc_single_image image=\u00a0\u00bb62782&Prime; img_size=\u00a0\u00bblarge\u00a0\u00bb][\/vc_column][vc_column width=\u00a0\u00bb3\/4&Prime;][vc_column_text]<\/p>\n<h5 style=\"text-align: justify;\"><strong>Salvaprato Erby est une grille modulaire en plastique recycl\u00e9 pour l&rsquo;ext\u00e9rieur qui permet de r\u00e9aliser des rev\u00eatements de chauss\u00e9e avec une finition en gazon. Ceux-ci pr\u00e9sentent de grands avantages esth\u00e9tiques, fonctionnels, \u00e9cologiques et \u00e9conomiques.<\/strong><\/h5>\n<p>Le syst\u00e8me Salvaprato ERBY, gr\u00e2ce \u00e0 sa structure particuli\u00e8re, prot\u00e8ge le tapis d&rsquo;herbe contre les sollicitations produites par le passage ou le stationnement des v\u00e9hicules tout en favorisant la croissance et l&rsquo;enracinement naturel du gazon, peu importe les conditions atmosph\u00e9riques.[\/vc_column_text][\/vc_column][vc_column][vc_empty_space height=\u00a0\u00bb15px\u00a0\u00bb][vc_column_text]Le principe consiste \u00e0 armer la surface naturelle du sol avec des grilles \u00e0 structure cellulaire tr\u00e8s robuste sur laquelle le manteau herbeux, restant quelques millim\u00e8tres au-dessous des parois verticales de la chauss\u00e9e, est prot\u00e9g\u00e9 contre les ph\u00e9nom\u00e8nes d&rsquo;\u00e9crasement.<br \/>\nGr\u00e2ce \u00e0 son syst\u00e8me de pose facile et intuitive avec un dispositif de fixation m\u00e2le\/femelle tr\u00e8s simple, il permet de pr\u00e9parer de grandes surfaces en peu de temps.<br \/>\nLe syst\u00e8me Salvaprato ERBY est disponible en couleur verte.[\/vc_column_text][\/vc_column][\/vc_row]<\/p>\n","protected":false},"excerpt":{"rendered":"<p>Le syst\u00e8me Salvaprato ERBY est une grille modulaire en plastique pour ext\u00e9rieur permettant de r\u00e9aliser des zones pour v\u00e9hicules avec un fini pelouse.<\/p>\n","protected":false},"author":1,"featured_media":62760,"parent":0,"menu_order":31,"comment_status":"closed","ping_status":"closed","template":"template-product.php","meta":[],"acf":[],"aioseo_notices":[],"_links":{"self":[{"href":"https:\/\/www.daliform.com\/fr\/wp-json\/wp\/v2\/pages\/68600"}],"collection":[{"href":"https:\/\/www.daliform.com\/fr\/wp-json\/wp\/v2\/pages"}],"about":[{"href":"https:\/\/www.daliform.com\/fr\/wp-json\/wp\/v2\/types\/page"}],"author":[{"embeddable":true,"href":"https:\/\/www.daliform.com\/fr\/wp-json\/wp\/v2\/users\/1"}],"replies":[{"embeddable":true,"href":"https:\/\/www.daliform.com\/fr\/wp-json\/wp\/v2\/comments?post=68600"}],"version-history":[{"count":2,"href":"https:\/\/www.daliform.com\/fr\/wp-json\/wp\/v2\/pages\/68600\/revisions"}],"predecessor-version":[{"id":112899,"href":"https:\/\/www.daliform.com\/fr\/wp-json\/wp\/v2\/pages\/68600\/revisions\/112899"}],"wp:featuredmedia":[{"embeddable":true,"href":"https:\/\/www.daliform.com\/fr\/wp-json\/wp\/v2\/media\/62760"}],"wp:attachment":[{"href":"https:\/\/www.daliform.com\/fr\/wp-json\/wp\/v2\/media?parent=68600"}],"curies":[{"name":"wp","href":"https:\/\/api.w.org\/{rel}","templated":true}]}}