{"id":68230,"date":"2016-05-10T08:58:52","date_gmt":"2016-05-10T06:58:52","guid":{"rendered":"https:\/\/www.daliform.com\/?page_id=68230"},"modified":"2022-02-17T16:58:47","modified_gmt":"2022-02-17T15:58:47","slug":"grille-pour-la-vegetaton-verticale-grimpante","status":"publish","type":"page","link":"https:\/\/www.daliform.com\/fr\/grille-pour-la-vegetaton-verticale-grimpante\/","title":{"rendered":"V-Green\u00ae"},"content":{"rendered":"<p>[vc_row][vc_column width=\u00a0\u00bb1\/4&Prime;][vc_single_image image=\u00a0\u00bb64165&Prime; img_size=\u00a0\u00bblarge\u00a0\u00bb alignment=\u00a0\u00bbcenter\u00a0\u00bb][\/vc_column][vc_column width=\u00a0\u00bb3\/4&Prime;][vc_column_text]<\/p>\n<h5>Le syst\u00e8me <strong>V-Green\u00ae\u00a0 (Vertical Green) repr\u00e9sente une opportunit\u00e9 d\u2019apporter la vie et la v\u00e9g\u00e9tation dans le gris des villes et des m\u00e9tropoles.<\/strong><\/h5>\n<p>V-Green\u00ae est un soutien pour plantes grimpantes, employ\u00e9 pour le rev\u00eatement v\u00e9g\u00e9tal des murs p\u00e9rim\u00e9trals d\u2019un b\u00e2timent. Permet de r\u00e9aliser facilement et \u00e9conomiquement de v\u00e9ritables jardins verticaux, compensant, limitant et am\u00e9liorant non seulement le b\u00e2timent mais \u00e9galement l\u2019environnement gr\u00e2ce \u00e0 l\u2019action d\u00e9purative d\u2019absorption du CO2 et des fines poussi\u00e8res, avec des avantages esth\u00e9tiques et psychologiques.[\/vc_column_text][\/vc_column][\/vc_row]<\/p>\n","protected":false},"excerpt":{"rendered":"<p>V-Green\u00ae est un soutien pour plantes grimpantes, employ\u00e9 pour le rev\u00eatement v\u00e9g\u00e9tal des murs p\u00e9rim\u00e9trals d\u2019un b\u00e2timent.<\/p>\n","protected":false},"author":1,"featured_media":64154,"parent":0,"menu_order":34,"comment_status":"closed","ping_status":"closed","template":"template-product.php","meta":[],"acf":[],"aioseo_notices":[],"_links":{"self":[{"href":"https:\/\/www.daliform.com\/fr\/wp-json\/wp\/v2\/pages\/68230"}],"collection":[{"href":"https:\/\/www.daliform.com\/fr\/wp-json\/wp\/v2\/pages"}],"about":[{"href":"https:\/\/www.daliform.com\/fr\/wp-json\/wp\/v2\/types\/page"}],"author":[{"embeddable":true,"href":"https:\/\/www.daliform.com\/fr\/wp-json\/wp\/v2\/users\/1"}],"replies":[{"embeddable":true,"href":"https:\/\/www.daliform.com\/fr\/wp-json\/wp\/v2\/comments?post=68230"}],"version-history":[{"count":1,"href":"https:\/\/www.daliform.com\/fr\/wp-json\/wp\/v2\/pages\/68230\/revisions"}],"predecessor-version":[{"id":108999,"href":"https:\/\/www.daliform.com\/fr\/wp-json\/wp\/v2\/pages\/68230\/revisions\/108999"}],"wp:featuredmedia":[{"embeddable":true,"href":"https:\/\/www.daliform.com\/fr\/wp-json\/wp\/v2\/media\/64154"}],"wp:attachment":[{"href":"https:\/\/www.daliform.com\/fr\/wp-json\/wp\/v2\/media?parent=68230"}],"curies":[{"name":"wp","href":"https:\/\/api.w.org\/{rel}","templated":true}]}}