{"id":68093,"date":"2020-11-06T10:53:52","date_gmt":"2020-11-06T09:53:52","guid":{"rendered":"https:\/\/www.daliform.com\/?page_id=68093"},"modified":"2024-07-30T15:11:34","modified_gmt":"2024-07-30T13:11:34","slug":"green-park-grille-de-pavage-pour-vehicules","status":"publish","type":"page","link":"https:\/\/www.daliform.com\/fr\/green-park-grille-de-pavage-pour-vehicules\/","title":{"rendered":"Green Park"},"content":{"rendered":"<p>[vc_row][vc_column width=\u00a0\u00bb1\/4&Prime;][vc_single_image image=\u00a0\u00bb62793&Prime; img_size=\u00a0\u00bblarge\u00a0\u00bb][\/vc_column][vc_column width=\u00a0\u00bb3\/4&Prime;][vc_column_text]<\/p>\n<h5><strong>GREEN PARK EST UN PRODUIT MODULAIRE, FABRIQU\u00c9 EN PLASTIQUE RECYCL\u00c9, RESPECTUEUX DE L&rsquo;ENVIRONNEMENT ET RECYCLABLE. Il rend le gazon praticable en pr\u00e9servant la surface des dommages caus\u00e9s par le passage et le stationnement des v\u00e9hicules, y compris les v\u00e9hicules lourds.<\/strong><\/h5>\n<p>Reconnu pour son effet d\u00e9coratif, il est facile \u00e0 poser, ne n\u00e9cessite aucun entretien et r\u00e9siste dans le temps aux contraintes d&rsquo;utilisation dans des conditions environnementales extr\u00eames.[\/vc_column_text][\/vc_column][vc_column][vc_empty_space height=\u00a0\u00bb15px\u00a0\u00bb][vc_column_text]Les deux faces oppos\u00e9es de formes diff\u00e9rentes, extr\u00eamement polyvalentes, permettent de poser Green Park des deux c\u00f4t\u00e9s\u00a0; le c\u00f4t\u00e9 avec des nervures plus fines orient\u00e9es vers le haut pour cr\u00e9er des all\u00e9es et des sols avec une finition en gazon ou en gravier\u00a0; le c\u00f4t\u00e9 avec des nervures plus fines orient\u00e9es vers le bas pour cr\u00e9er des espaces verts temporaires \u00e0 usage pi\u00e9tonnier.<\/p>\n<p>Disponible en vert et en blanc pour s&rsquo;harmoniser avec n&rsquo;importe quelle finition, m\u00eame avec du gravier, dont il \u00e9vite \u00e9galement la dispersion.[\/vc_column_text][\/vc_column][\/vc_row]<\/p>\n","protected":false},"excerpt":{"rendered":"<p>Green Park est un produit modulaire, r\u00e9alis\u00e9 en r\u00e9sine thermoplastique, \u00e9cologique et recyclable. Disponible en vert et en blanc.<\/p>\n","protected":false},"author":1,"featured_media":62672,"parent":0,"menu_order":30,"comment_status":"closed","ping_status":"closed","template":"template-product.php","meta":[],"acf":[],"aioseo_notices":[],"_links":{"self":[{"href":"https:\/\/www.daliform.com\/fr\/wp-json\/wp\/v2\/pages\/68093"}],"collection":[{"href":"https:\/\/www.daliform.com\/fr\/wp-json\/wp\/v2\/pages"}],"about":[{"href":"https:\/\/www.daliform.com\/fr\/wp-json\/wp\/v2\/types\/page"}],"author":[{"embeddable":true,"href":"https:\/\/www.daliform.com\/fr\/wp-json\/wp\/v2\/users\/1"}],"replies":[{"embeddable":true,"href":"https:\/\/www.daliform.com\/fr\/wp-json\/wp\/v2\/comments?post=68093"}],"version-history":[{"count":2,"href":"https:\/\/www.daliform.com\/fr\/wp-json\/wp\/v2\/pages\/68093\/revisions"}],"predecessor-version":[{"id":112895,"href":"https:\/\/www.daliform.com\/fr\/wp-json\/wp\/v2\/pages\/68093\/revisions\/112895"}],"wp:featuredmedia":[{"embeddable":true,"href":"https:\/\/www.daliform.com\/fr\/wp-json\/wp\/v2\/media\/62672"}],"wp:attachment":[{"href":"https:\/\/www.daliform.com\/fr\/wp-json\/wp\/v2\/media?parent=68093"}],"curies":[{"name":"wp","href":"https:\/\/api.w.org\/{rel}","templated":true}]}}