{"id":67824,"date":"2016-05-13T09:04:52","date_gmt":"2016-05-13T07:04:52","guid":{"rendered":"https:\/\/www.daliform.com\/?page_id=67824"},"modified":"2021-10-08T17:58:20","modified_gmt":"2021-10-08T15:58:20","slug":"eco-grille-de-pavage-pour-vehicules","status":"publish","type":"page","link":"https:\/\/www.daliform.com\/fr\/eco-grille-de-pavage-pour-vehicules\/","title":{"rendered":"E.C.O. di Pratopratico\u00ae"},"content":{"rendered":"<p>[vc_row][vc_column width=\u00a0\u00bb1\/4&Prime;][vc_single_image image=\u00a0\u00bb67805&Prime; img_size=\u00a0\u00bblarge\u00a0\u00bb][\/vc_column][vc_column width=\u00a0\u00bb3\/4&Prime;][vc_column_text]<\/p>\n<h5 style=\"text-align: justify;\"><strong>E.C.O. (El\u00e9ment pour Passage de Voitures Ornemental) est une grille modulaire en plastique pour ext\u00e9rieur pour r\u00e9aliser des dallages finis avec du gazon permettant le passage des voitures, avec un aspect esth\u00e9tique, pratique et \u00e9cologique certainement positif.<\/strong><\/h5>\n<p><span lang=\"fr\">E.C.O. di PRATOPRATICO\u00ae est r\u00e9alis\u00e9 avec des m\u00e9langes de r\u00e9sines thermoplastiques (mi-vierges \u00e0 hautes performances techno-m\u00e9caniques et mi-recycl\u00e9s) capables d&rsquo;offrir un excellent rapport qualit\u00e9 \/ prix.<\/span>[\/vc_column_text][\/vc_column][vc_column][vc_empty_space height=\u00a0\u00bb15px\u00a0\u00bb][vc_column_text]<span lang=\"fr\">L&rsquo;utilisation de mat\u00e9riaux recycl\u00e9s, bien qu&rsquo;elle repr\u00e9sente une initiative louable d&rsquo;un point de vue \u00e9cologique, n&rsquo;est pas toujours exempte de contre-indications. Un compos\u00e9 recycl\u00e9 affecte certes favorablement le prix, au d\u00e9triment de la qualit\u00e9 et de la durabilit\u00e9 du produit. C&rsquo;est pr\u00e9cis\u00e9ment pour cette raison que E.C.O. di PRATOPRATICO\u00ae est compos\u00e9 \u00e0 50% de mati\u00e8re vierge, de mani\u00e8re \u00e0 combiner favorablement la rentabilit\u00e9 et la qualit\u00e9 du produit.<\/span>[\/vc_column_text][\/vc_column][\/vc_row]<\/p>\n","protected":false},"excerpt":{"rendered":"<p>Le syst\u00e8me E.C.O. by Pratopratico  est une grille modulaire en plastique pour ext\u00e9rieur permettant de r\u00e9aliser des zones pour v\u00e9hicules avec un fini pelouse.<\/p>\n","protected":false},"author":1,"featured_media":62414,"parent":0,"menu_order":29,"comment_status":"closed","ping_status":"closed","template":"template-product.php","meta":[],"acf":[],"aioseo_notices":[],"_links":{"self":[{"href":"https:\/\/www.daliform.com\/fr\/wp-json\/wp\/v2\/pages\/67824"}],"collection":[{"href":"https:\/\/www.daliform.com\/fr\/wp-json\/wp\/v2\/pages"}],"about":[{"href":"https:\/\/www.daliform.com\/fr\/wp-json\/wp\/v2\/types\/page"}],"author":[{"embeddable":true,"href":"https:\/\/www.daliform.com\/fr\/wp-json\/wp\/v2\/users\/1"}],"replies":[{"embeddable":true,"href":"https:\/\/www.daliform.com\/fr\/wp-json\/wp\/v2\/comments?post=67824"}],"version-history":[{"count":1,"href":"https:\/\/www.daliform.com\/fr\/wp-json\/wp\/v2\/pages\/67824\/revisions"}],"predecessor-version":[{"id":108968,"href":"https:\/\/www.daliform.com\/fr\/wp-json\/wp\/v2\/pages\/67824\/revisions\/108968"}],"wp:featuredmedia":[{"embeddable":true,"href":"https:\/\/www.daliform.com\/fr\/wp-json\/wp\/v2\/media\/62414"}],"wp:attachment":[{"href":"https:\/\/www.daliform.com\/fr\/wp-json\/wp\/v2\/media?parent=67824"}],"curies":[{"name":"wp","href":"https:\/\/api.w.org\/{rel}","templated":true}]}}