{"id":67747,"date":"2016-05-25T10:21:49","date_gmt":"2016-05-25T08:21:49","guid":{"rendered":"https:\/\/www.daliform.com\/?page_id=67747"},"modified":"2022-03-02T10:29:16","modified_gmt":"2022-03-02T09:29:16","slug":"bassins-de-dispersion-deau","status":"publish","type":"page","link":"https:\/\/www.daliform.com\/fr\/reservoirs-des-eaux-de-pluie-en-beton-arme\/applications-atlantis-tank\/bassins-de-dispersion-deau\/","title":{"rendered":"Bassins de dispersion d&rsquo;eau"},"content":{"rendered":"<p>[vc_row padding_top=\u00a0\u00bb0&Prime; padding_bottom=\u00a0\u00bb0&Prime;][vc_column]\n\t<div class=\"custom-heading wpb_content_element  heading-medium\">\n\t\t<h2 class=\"heading-title\" >Le bassin r\u00e9alis\u00e9 peut \u00eatre surcharg\u00e9 directement sur la chape ou bien il peut \u00eatre enterr\u00e9 pour r\u00e9aliser \u00e0 sa surface un parking goudronn\u00e9 ou un espace vert.<\/h2>\n\t\t<span class=\"heading-line primary\"><\/span>\n\t<\/div>[\/vc_column][\/vc_row][vc_row][vc_column width=\u00a0\u00bb1\/2&Prime;][vc_single_image image=\u00a0\u00bb61266&Prime; img_size=\u00a0\u00bbfull\u00a0\u00bb][\/vc_column][vc_column width=\u00a0\u00bb1\/2&Prime;][vc_column_text]<\/p>\n<h5 style=\"text-align: justify;\"><strong>Par rapport aux bassins de r\u00e9tention, les bassins de dispersion ne sont pas parfaitement imperm\u00e9ables, mais ils permettent l&rsquo;\u00e9coulement graduel de l&rsquo;eau pluviale dans la nappe, \u00e0 l&rsquo;aide de fentes dans les parois ou de fond drainant.<\/strong><\/h5>\n<p style=\"text-align: justify;\"><strong>Les bassins de dispersion sont un moyen pour r\u00e9\u00e9quilibrer les nappes appauvries par la b\u00e9tonification<\/strong> qui a gravement r\u00e9duit la capacit\u00e9 naturelle de drainage du terrain. Comme on l&rsquo;a vu pr\u00e9c\u00e9demment au niveau de bassin fluvial, les bassins de dispersion pourraient \u00eatre un instrument en mesure de planifier, en le diminuant, le risque hydrog\u00e9ologique.<\/p>\n<p>Au <strong>niveau public<\/strong>, \u00e0 l&rsquo;\u00e9chelle de bassin fluvial, les b\u00e9n\u00e9fices sont consid\u00e9rables :<br \/>\n\u2022 d\u00e9chargement du r\u00e9seau des \u00e9gouts au moment de pluies abondantes et r\u00e9duction des d\u00e9bits envoy\u00e9s aux \u00e9purateurs et au r\u00e9cepteur final (fleuves, lacs, mer, etc.);<br \/>\n\u2022 l&rsquo;\u00e9quilibre hydrologique est respect\u00e9.[\/vc_column_text][\/vc_column][vc_column][vc_column_text]<\/p>\n<div>\n<p style=\"text-align: justify;\"><strong>Le bassin r\u00e9alis\u00e9 peut \u00eatre surcharg\u00e9 directement sur la chape ou bien il peut \u00eatre enterr\u00e9 pour r\u00e9aliser \u00e0 sa surface un parking goudronn\u00e9 ou un espace vert.<\/strong><\/p>\n<p style=\"text-align: justify;\">Si l&rsquo;on prend en consid\u00e9ration une \u00e9chelle plus locale, on peut d\u00e9finir d&rsquo;autres domaines d&rsquo;intervention comme les r\u00e9seaux d&rsquo;\u00e9gouts (\u00e9gout d&rsquo;eau pluviale et mixte). Ils sont influenc\u00e9s par la pr\u00e9sence des ph\u00e9nom\u00e8nes pluvieux et ils doivent habituellement \u00eatre surdimensionn\u00e9s selon l&rsquo;expansion de la zone urbaine. Utiliser des <strong>bassins de dispersion<\/strong>, concentr\u00e9s en plusieurs points du territoire, sur lesquels confluent les eaux pluviales recueillies par plusieurs lotissements, permettrait d&rsquo;abattre les co\u00fbts dus \u00e0 la r\u00e9alisation de nombreux bassins de petit volume et de diminuer les co\u00fbts collectifs pour permettre l&rsquo;augmentation du d\u00e9bit des \u00e9gouts. Une analyse attentive co\u00fbts-b\u00e9n\u00e9fices conduirait les autorit\u00e9s locales \u00e0 introduire des contraintes urbanistes pour disperser localement les eaux pluviales en maintenant l&rsquo;\u00e9quilibre hydrique, en diminuant les d\u00e9penses collectives, en alimentant les nappes locales, en promouvant un d\u00e9veloppement plus durable.<\/p>\n<p><strong>Au niveau public, \u00e0 l&rsquo;\u00e9chelle communale, les b\u00e9n\u00e9fices sont :<\/strong><br \/>\n\u2022 les r\u00e9seaux publics de collecte ne doivent pas \u00eatre renforc\u00e9s car l&rsquo;exc\u00e8s d&rsquo;eau pluviale qui n&rsquo;est pas absorb\u00e9e par le terrain au niveau urbain, \u00e0 cause de la b\u00e9tonification progressive, est conserv\u00e9e ou dispers\u00e9e sur place ;<br \/>\n\u2022 diminution du risque de saturation du r\u00e9seau des \u00e9gouts<br \/>\n\u2022 alimentation des nappes locales<\/p>\n<\/div>\n<p>[\/vc_column_text][\/vc_column][\/vc_row][vc_row][vc_column][vc_separator][vc_column_text css=\u00a0\u00bb.vc_custom_1633695407308{margin-bottom: 15px !important;}\u00a0\u00bb]<strong><span lang=\"fr\">PRODUITS RECOMMAND\u00c9S<\/span>:<\/strong>[\/vc_column_text][vc_empty_space height=\u00a0\u00bb10px\u00a0\u00bb][\/vc_column][vc_column][vc_masonry_grid post_type=\u00a0\u00bbids\u00a0\u00bb element_width=\u00a0\u00bb3&Prime; grid_id=\u00a0\u00bbvc_gid:1633695319134-4932b4e1-2b4f-9&Prime; include=\u00a0\u00bb4620&Prime; el_class=\u00a0\u00bbtext-size-p\u00a0\u00bb][\/vc_column][\/vc_row]<\/p>\n","protected":false},"excerpt":{"rendered":"<p>Les cuves de dispersion avec syst\u00e8me Atlantis servent \u00e0 att\u00e9nuer l&rsquo;effet de trop-plein provoqu\u00e9 par des \u00e9v\u00e9nements climatiques exceptionnels. <\/p>\n","protected":false},"author":1,"featured_media":61256,"parent":66967,"menu_order":2,"comment_status":"closed","ping_status":"closed","template":"","meta":[],"acf":[],"aioseo_notices":[],"_links":{"self":[{"href":"https:\/\/www.daliform.com\/fr\/wp-json\/wp\/v2\/pages\/67747"}],"collection":[{"href":"https:\/\/www.daliform.com\/fr\/wp-json\/wp\/v2\/pages"}],"about":[{"href":"https:\/\/www.daliform.com\/fr\/wp-json\/wp\/v2\/types\/page"}],"author":[{"embeddable":true,"href":"https:\/\/www.daliform.com\/fr\/wp-json\/wp\/v2\/users\/1"}],"replies":[{"embeddable":true,"href":"https:\/\/www.daliform.com\/fr\/wp-json\/wp\/v2\/comments?post=67747"}],"version-history":[{"count":1,"href":"https:\/\/www.daliform.com\/fr\/wp-json\/wp\/v2\/pages\/67747\/revisions"}],"predecessor-version":[{"id":108954,"href":"https:\/\/www.daliform.com\/fr\/wp-json\/wp\/v2\/pages\/67747\/revisions\/108954"}],"up":[{"embeddable":true,"href":"https:\/\/www.daliform.com\/fr\/wp-json\/wp\/v2\/pages\/66967"}],"wp:featuredmedia":[{"embeddable":true,"href":"https:\/\/www.daliform.com\/fr\/wp-json\/wp\/v2\/media\/61256"}],"wp:attachment":[{"href":"https:\/\/www.daliform.com\/fr\/wp-json\/wp\/v2\/media?parent=67747"}],"curies":[{"name":"wp","href":"https:\/\/api.w.org\/{rel}","templated":true}]}}