{"id":67699,"date":"2016-05-25T10:18:32","date_gmt":"2016-05-25T08:18:32","guid":{"rendered":"https:\/\/www.daliform.com\/?page_id=67699"},"modified":"2022-03-02T10:34:26","modified_gmt":"2022-03-02T09:34:26","slug":"bassins-de-retention-d-eau","status":"publish","type":"page","link":"https:\/\/www.daliform.com\/fr\/reservoirs-des-eaux-de-pluie-en-beton-arme\/applications-atlantis-tank\/bassins-de-retention-d-eau\/","title":{"rendered":"Bassins de r\u00e9tention d&rsquo;eau"},"content":{"rendered":"<p>[vc_row padding_top=\u00a0\u00bb0&Prime; padding_bottom=\u00a0\u00bb0&Prime;][vc_column]\n\t<div class=\"custom-heading wpb_content_element  heading-medium\">\n\t\t<h2 class=\"heading-title\" >Gr\u00e2ce \u00e0 sa modularit\u00e9, maniabilit\u00e9, rapidit\u00e9 de pose et grande capacit\u00e9 de stockage en verticale, Atlantis est l'outil id\u00e9al pour r\u00e9aliser des bassins \u00e0 grand volume \u00e0 des co\u00fbts extr\u00eamement bas.<\/h2>\n\t\t<span class=\"heading-line primary\"><\/span>\n\t<\/div>[\/vc_column][\/vc_row][vc_row][vc_column width=\u00a0\u00bb1\/2&Prime;][vc_single_image image=\u00a0\u00bb61230&Prime; img_size=\u00a0\u00bbfull\u00a0\u00bb][\/vc_column][vc_column width=\u00a0\u00bb1\/2&Prime;][vc_column_text]<\/p>\n<div>\n<p style=\"text-align: justify;\">Sa structure \u00e0 vo\u00fbte sph\u00e9rique permet \u00e0 la coul\u00e9e de b\u00e9ton arm\u00e9 d&rsquo;avoir une r\u00e9sistance remarquable avec des \u00e9paisseurs r\u00e9duites et il sera possible d&rsquo;exploiter l&rsquo;extrados du bassin comme surface utile pour les parkings (ex.: le parking de l\u2019IKEA d&rsquo;Amsterdam) ou bien pour des installations sportives (ex.: terrains de tennis, football, etc.). Le m\u00eame principe peut aussi \u00eatre utilis\u00e9 dans les \u00e9difices r\u00e9sidentiels, aussi bien pour des habitations uniques que dans le cas de lotissements. Il sera en effet possible de pr\u00e9parer les volumes n\u00e9cessaires \u00e0 recouvrir avec les <strong>coffrages Atlantis<\/strong> et qui seront ensuite remplis par l&rsquo;eau pluviale recueillie par le syst\u00e8me d&rsquo;\u00e9vacuation des eaux pluviales des \u00e9difices. Le volume d\u2019eau recueilli pourra \u00eatre utilis\u00e9 pour toutes les applications qui ne n\u00e9cessitent pas d&rsquo;eau potable, comme wc, lave-linge, irrigation de jardins, pompes anti-incendie, etc. Le bassin doit \u00eatre imperm\u00e9abilis\u00e9 et il doit pr\u00e9voir une \u00e9vacuation de trop-plein.<\/p>\n<p style=\"text-align: justify;\">L&rsquo;entretien des bassins est garanti par de v<strong>astes espaces de passage \u00e0 l&rsquo;int\u00e9rieur du bassin<\/strong>, gr\u00e2ce \u00e0 l&rsquo;u<strong>tilisation combin\u00e9e du Syst\u00e8me Atlantis et de l\u2019accessoire Beton U<\/strong>p.<br \/>\nLa distance que l&rsquo;on obtient entre les colonnes avec l\u2019Atlantis 100% est particuli\u00e8rement grande.<\/p>\n<\/div>\n<p>[\/vc_column_text][\/vc_column][\/vc_row][vc_row][vc_column][vc_column_text]<\/p>\n<div>\n<div>\n<div>\n<p style=\"text-align: justify;\"><strong>Le bassin r\u00e9alis\u00e9 peut \u00eatre surcharg\u00e9 directement sur la chape ou bien il peut \u00eatre enterr\u00e9 pour r\u00e9aliser \u00e0 sa surface un parking goudronn\u00e9 ou un espace vert.<\/strong><\/p>\n<p style=\"text-align: justify;\">Dans le <strong>secteur priv\u00e9<\/strong> 50% des besoins quotidiens d&rsquo;eau peut \u00eatre remplac\u00e9 par les eaux pluviales:<br \/>\n\u2022 pour l\u2019irrigation (cela favorise une absorption optimale des min\u00e9raux);<br \/>\n\u2022 pour le lave-linge et pour nettoyer la maison (l&rsquo;eau pluviale ne favorise pas la formation de calcaire);<br \/>\n\u2022 pour les wc;<br \/>\n\u2022 pour laver les automobiles<br \/>\net bien s\u00fbr, cette eau est gratuite.<br \/>\nDans le secteur industriel aussi (usines, bureaux), on peut utiliser l&rsquo;eau pluviale dans les processus de production de refroidissement, lavage, rin\u00e7age et toute autre production non alimentaire, ainsi que pour les installations contre l&rsquo;incendie en utilisant des bassins de r\u00e9tention.<\/p>\n<\/div>\n<\/div>\n<\/div>\n<p>[\/vc_column_text][\/vc_column][\/vc_row][vc_row][vc_column][vc_separator][vc_column_text css=\u00a0\u00bb.vc_custom_1633693281170{margin-bottom: 15px !important;}\u00a0\u00bb]<strong><span lang=\"fr\">PRODUITS RECOMMAND\u00c9S<\/span>:<\/strong>[\/vc_column_text][vc_empty_space height=\u00a0\u00bb10px\u00a0\u00bb][\/vc_column][vc_column][vc_masonry_grid post_type=\u00a0\u00bbids\u00a0\u00bb element_width=\u00a0\u00bb3&Prime; grid_id=\u00a0\u00bbvc_gid:1633692376368-3d4dede4-963f-0&Prime; include=\u00a0\u00bb4620&Prime; el_class=\u00a0\u00bbtext-size-p\u00a0\u00bb][\/vc_column][\/vc_row]<\/p>\n","protected":false},"excerpt":{"rendered":"<p>Atlantis Tank est l&rsquo;outil id\u00e9al pour r\u00e9aliser des bassins \u00e0 grand volume \u00e0 des co\u00fbts extr\u00eamement bas.<\/p>\n","protected":false},"author":1,"featured_media":61104,"parent":66967,"menu_order":1,"comment_status":"closed","ping_status":"closed","template":"","meta":[],"acf":[],"aioseo_notices":[],"_links":{"self":[{"href":"https:\/\/www.daliform.com\/fr\/wp-json\/wp\/v2\/pages\/67699"}],"collection":[{"href":"https:\/\/www.daliform.com\/fr\/wp-json\/wp\/v2\/pages"}],"about":[{"href":"https:\/\/www.daliform.com\/fr\/wp-json\/wp\/v2\/types\/page"}],"author":[{"embeddable":true,"href":"https:\/\/www.daliform.com\/fr\/wp-json\/wp\/v2\/users\/1"}],"replies":[{"embeddable":true,"href":"https:\/\/www.daliform.com\/fr\/wp-json\/wp\/v2\/comments?post=67699"}],"version-history":[{"count":1,"href":"https:\/\/www.daliform.com\/fr\/wp-json\/wp\/v2\/pages\/67699\/revisions"}],"predecessor-version":[{"id":108953,"href":"https:\/\/www.daliform.com\/fr\/wp-json\/wp\/v2\/pages\/67699\/revisions\/108953"}],"up":[{"embeddable":true,"href":"https:\/\/www.daliform.com\/fr\/wp-json\/wp\/v2\/pages\/66967"}],"wp:featuredmedia":[{"embeddable":true,"href":"https:\/\/www.daliform.com\/fr\/wp-json\/wp\/v2\/media\/61104"}],"wp:attachment":[{"href":"https:\/\/www.daliform.com\/fr\/wp-json\/wp\/v2\/media?parent=67699"}],"curies":[{"name":"wp","href":"https:\/\/api.w.org\/{rel}","templated":true}]}}