{"id":67656,"date":"2016-05-25T10:13:36","date_gmt":"2016-05-25T08:13:36","guid":{"rendered":"https:\/\/www.daliform.com\/reservoirs-des-eaux-de-pluie-en-beton-arme\/applications-atlantis-tank\/ristrutturazione-di-piscine\/"},"modified":"2022-03-02T10:32:17","modified_gmt":"2022-03-02T09:32:17","slug":"renovation-de-piscines","status":"publish","type":"page","link":"https:\/\/www.daliform.com\/fr\/reservoirs-des-eaux-de-pluie-en-beton-arme\/applications-atlantis-tank\/renovation-de-piscines\/","title":{"rendered":"R\u00e9novation de piscines"},"content":{"rendered":"<p>[vc_row padding_top=\u00a0\u00bb0&Prime; padding_bottom=\u00a0\u00bb0&Prime;][vc_column]\n\t<div class=\"custom-heading wpb_content_element  heading-medium\">\n\t\t<h2 class=\"heading-title\" >Atlantis est la solution id\u00e9ale pour la cr\u00e9ation et la r\u00e9novation de piscines publiques, priv\u00e9es, de parcs aquatiques et de spas.<\/h2>\n\t\t<span class=\"heading-line primary\"><\/span>\n\t<\/div>[\/vc_column][\/vc_row][vc_row][vc_column width=\u00a0\u00bb1\/2&Prime;][vc_masonry_media_grid element_width=\u00a0\u00bb6&Prime; grid_id=\u00a0\u00bbvc_gid:1633688178075-b8cdef2a-c07d-2&Prime; include=\u00a0\u00bb38267,61193,61203,61213&Prime;][\/vc_column][vc_column width=\u00a0\u00bb1\/2&Prime;][vc_column_text]<\/p>\n<p style=\"text-align: justify;\">Face \u00e0 la n\u00e9cessit\u00e9 de r\u00e9nover une piscine (\u00e9galement enti\u00e8rement \u00e0 l&rsquo;int\u00e9rieur d&rsquo;une piscine existante) pour des raisons esth\u00e9tiques, fonctionnelles et de s\u00e9curit\u00e9,<\/p>\n<h5 style=\"text-align: justify;\"><strong>Atlantis est le syst\u00e8me id\u00e9al pour diminuer la profondeur du fond, mettre \u00e0 niveau ou cr\u00e9er des surfaces inclin\u00e9es, mettre \u00e0 niveau ou cr\u00e9er des surfaces \u00e0 plusieurs niveaux (terrasses).<\/strong><\/h5>\n<p>Gr\u00e2ce aux tuyaux \u00e9l\u00e9vateurs, fournis sur mesure, il est possible de r\u00e9aliser des surfaces inclin\u00e9es \u00e0 pente variable d&rsquo;une hauteur maximum de 300 cm.<br \/>\nLa possibilit\u00e9 de d\u00e9finir la hauteur du tube \u00e9l\u00e9vateur au centim\u00e8tre permet \u00e9galement de r\u00e9aliser facilement des interventions en partant de surfaces d&rsquo;appui \u00e0 inclinaisons diverses, avec des \u00e9conomies consid\u00e9rables en termes de temps et d&rsquo;argent.[\/vc_column_text][\/vc_column][\/vc_row][vc_row][vc_column][vc_separator][vc_column_text css=\u00a0\u00bb.vc_custom_1633688252405{margin-bottom: 15px !important;}\u00a0\u00bb]<strong><span lang=\"fr\">PRODUITS RECOMMAND\u00c9S<\/span>:<\/strong>[\/vc_column_text][vc_empty_space height=\u00a0\u00bb10px\u00a0\u00bb][\/vc_column][vc_column][vc_masonry_grid post_type=\u00a0\u00bbids\u00a0\u00bb element_width=\u00a0\u00bb3&Prime; grid_id=\u00a0\u00bbvc_gid:1633688178076-4763852e-2706-6&Prime; include=\u00a0\u00bb4620&Prime; el_class=\u00a0\u00bbtext-size-p\u00a0\u00bb][\/vc_column][\/vc_row]<\/p>\n","protected":false},"excerpt":{"rendered":"<p>Atlantis est la solution id\u00e9ale pour la cr\u00e9ation et la r\u00e9novation de piscines publiques, priv\u00e9es, de parcs aquatiques et de spas.<\/p>\n","protected":false},"author":1,"featured_media":61183,"parent":66967,"menu_order":0,"comment_status":"closed","ping_status":"closed","template":"","meta":[],"acf":[],"aioseo_notices":[],"_links":{"self":[{"href":"https:\/\/www.daliform.com\/fr\/wp-json\/wp\/v2\/pages\/67656"}],"collection":[{"href":"https:\/\/www.daliform.com\/fr\/wp-json\/wp\/v2\/pages"}],"about":[{"href":"https:\/\/www.daliform.com\/fr\/wp-json\/wp\/v2\/types\/page"}],"author":[{"embeddable":true,"href":"https:\/\/www.daliform.com\/fr\/wp-json\/wp\/v2\/users\/1"}],"replies":[{"embeddable":true,"href":"https:\/\/www.daliform.com\/fr\/wp-json\/wp\/v2\/comments?post=67656"}],"version-history":[{"count":1,"href":"https:\/\/www.daliform.com\/fr\/wp-json\/wp\/v2\/pages\/67656\/revisions"}],"predecessor-version":[{"id":108952,"href":"https:\/\/www.daliform.com\/fr\/wp-json\/wp\/v2\/pages\/67656\/revisions\/108952"}],"up":[{"embeddable":true,"href":"https:\/\/www.daliform.com\/fr\/wp-json\/wp\/v2\/pages\/66967"}],"wp:featuredmedia":[{"embeddable":true,"href":"https:\/\/www.daliform.com\/fr\/wp-json\/wp\/v2\/media\/61183"}],"wp:attachment":[{"href":"https:\/\/www.daliform.com\/fr\/wp-json\/wp\/v2\/media?parent=67656"}],"curies":[{"name":"wp","href":"https:\/\/api.w.org\/{rel}","templated":true}]}}