{"id":66604,"date":"2016-05-19T16:01:52","date_gmt":"2016-05-19T14:01:52","guid":{"rendered":"https:\/\/www.daliform.com\/?page_id=66604"},"modified":"2024-07-30T11:53:40","modified_gmt":"2024-07-30T09:53:40","slug":"reservoirs-des-eaux-de-pluie-en-beton-arme","status":"publish","type":"page","link":"https:\/\/www.daliform.com\/fr\/reservoirs-des-eaux-de-pluie-en-beton-arme\/","title":{"rendered":"Atlantis Tank"},"content":{"rendered":"<p>[vc_row][vc_column width=\u00a0\u00bb1\/4&Prime;][vc_single_image image=\u00a0\u00bb66607&Prime; img_size=\u00a0\u00bblarge\u00a0\u00bb][\/vc_column][vc_column width=\u00a0\u00bb3\/4&Prime;][vc_column_text]<\/p>\n<h5 style=\"text-align: justify;\"><strong>Atlantis est le syst\u00e8me brevet\u00e9 permettant de r\u00e9aliser des cuves en b\u00e9ton sur site destin\u00e9es \u00e0 la r\u00e9tention ou \u00e0 la dispersion de grands volumes d&rsquo;eau dans un petit espace.<\/strong><\/h5>\n<p style=\"text-align: justify;\">La structure en b\u00e9ton arm\u00e9 obtenue avec le syst\u00e8me Atlantis est form\u00e9e par un terre-plein, des parois p\u00e9riph\u00e9riques et un plancher support\u00e9 par des piliers. La structure ainsi form\u00e9e permet de garantir une haute r\u00e9sistance aux surcharges, permanentes ou accidentelles.<\/p>\n<p>[\/vc_column_text][vc_column_text]La cuve obtenue avec le syst\u00e8me Atlantis peut \u00eatre enterr\u00e9e permettant ainsi de r\u00e9aliser, le cas \u00e9ch\u00e9ant, un espace vert sur son sommet, ou encore, une route destin\u00e9e au transit de v\u00e9hicules, poids lourds inclus.<br \/>\nLa rapidit\u00e9, la simplicit\u00e9 et le caract\u00e8re \u00e9conomique sont les caract\u00e9ristiques principales du syst\u00e8me en <strong>plastique recycl\u00e9.<\/strong>[\/vc_column_text][\/vc_column][\/vc_row]<\/p>\n","protected":false},"excerpt":{"rendered":"<p>Atlantis est la solution id\u00e9ale pour r\u00e9aliser des cuves en b\u00e9ton directement sur site pour la r\u00e9tention et\/ou la dispersion de l&rsquo;eau et la r\u00e9novation des bassins. <\/p>\n","protected":false},"author":1,"featured_media":61104,"parent":0,"menu_order":27,"comment_status":"closed","ping_status":"closed","template":"template-product.php","meta":[],"acf":[],"aioseo_notices":[],"_links":{"self":[{"href":"https:\/\/www.daliform.com\/fr\/wp-json\/wp\/v2\/pages\/66604"}],"collection":[{"href":"https:\/\/www.daliform.com\/fr\/wp-json\/wp\/v2\/pages"}],"about":[{"href":"https:\/\/www.daliform.com\/fr\/wp-json\/wp\/v2\/types\/page"}],"author":[{"embeddable":true,"href":"https:\/\/www.daliform.com\/fr\/wp-json\/wp\/v2\/users\/1"}],"replies":[{"embeddable":true,"href":"https:\/\/www.daliform.com\/fr\/wp-json\/wp\/v2\/comments?post=66604"}],"version-history":[{"count":2,"href":"https:\/\/www.daliform.com\/fr\/wp-json\/wp\/v2\/pages\/66604\/revisions"}],"predecessor-version":[{"id":112887,"href":"https:\/\/www.daliform.com\/fr\/wp-json\/wp\/v2\/pages\/66604\/revisions\/112887"}],"wp:featuredmedia":[{"embeddable":true,"href":"https:\/\/www.daliform.com\/fr\/wp-json\/wp\/v2\/media\/61104"}],"wp:attachment":[{"href":"https:\/\/www.daliform.com\/fr\/wp-json\/wp\/v2\/media?parent=66604"}],"curies":[{"name":"wp","href":"https:\/\/api.w.org\/{rel}","templated":true}]}}