{"id":66062,"date":"2016-05-04T15:58:43","date_gmt":"2016-05-04T13:58:43","guid":{"rendered":"https:\/\/www.daliform.com\/?page_id=66062"},"modified":"2022-03-02T10:49:48","modified_gmt":"2022-03-02T09:49:48","slug":"entrepot-alimentaire","status":"publish","type":"page","link":"https:\/\/www.daliform.com\/fr\/systemes-pour-le-compostage-et-la-biofiltration\/eolo-applications\/entrepot-alimentaire\/","title":{"rendered":"Entrep\u00f4t alimentaire"},"content":{"rendered":"<p>[vc_row padding_top=\u00a0\u00bb0&Prime; padding_bottom=\u00a0\u00bb0&Prime;][vc_column]\n\t<div class=\"custom-heading wpb_content_element  heading-medium\">\n\t\t<h2 class=\"heading-title\" >La ventilation des entrep\u00f4ts est n\u00e9cessaire afin de ne pas former de poches d'humidit\u00e9 dont la concentration entra\u00eene le d\u00e9veloppement de moisissures et de spores bact\u00e9riennes.<\/h2>\n\t\t<span class=\"heading-line primary\"><\/span>\n\t<\/div>[\/vc_column][\/vc_row][vc_row][vc_column width=\u00a0\u00bb1\/2&Prime;][vc_single_image image=\u00a0\u00bb61010&Prime; img_size=\u00a0\u00bbfull\u00a0\u00bb alignment=\u00a0\u00bbcenter\u00a0\u00bb][\/vc_column][vc_column width=\u00a0\u00bb1\/2&Prime;][vc_single_image image=\u00a0\u00bb61020&Prime; img_size=\u00a0\u00bbfull\u00a0\u00bb alignment=\u00a0\u00bbcenter\u00a0\u00bb][\/vc_column][vc_column][vc_empty_space height=\u00a0\u00bb20px\u00a0\u00bb][vc_column_text]<\/p>\n<p style=\"text-align: justify;\">L&rsquo;on sait, depuis l&rsquo;antiquit\u00e9, que l&rsquo;a\u00e9ration des entrep\u00f4ts \u00e9tait n\u00e9cessaire pour ne pas former de poches d&rsquo;humidit\u00e9 dont la concentration conduisait au d\u00e9veloppement de spores de moisissures et de bact\u00e9ries, en d\u00e9t\u00e9riorant les denr\u00e9es elles-m\u00eames (David Macaulay \u201cNaissance d&rsquo;une cit\u00e9 romaine\u201d).<br \/>\nL&rsquo;on sait aussi que, difficilement, l&rsquo;air se d\u00e9place dans le sens horizontal, \u00e0 moins que l&rsquo;on ne cr\u00e9e des conditions opportunes de temp\u00e9rature et de pression, et c&rsquo;est justement pour cette raison que l&rsquo;on cr\u00e9ait, \u00e0 l&rsquo;int\u00e9rieur des \u00e9difices, des matelas d&rsquo;air.<\/p>\n<p>Daliform Group, <strong>afin de favoriser le mouvement de l&rsquo;air \u00e0 l&rsquo;int\u00e9rieur des matelas, a con\u00e7u Eolo, un syst\u00e8me d&rsquo;a\u00e9ration asym\u00e9trique.<\/strong><br \/>\nLes diff\u00e9rents points de pr\u00e9l\u00e8vement de l&rsquo;air dans le matelas, qui se trouve de toute mani\u00e8re \u00e0 des conditions de temp\u00e9rature et de densit\u00e9 stratifi\u00e9es le long de la hauteur, permettent la possibilit\u00e9 de micro-insertions de circulation naturelle de l&rsquo;air et ils favorisent ainsi sa circulation dans le sens vertical.<br \/>\nL\u2019apport encore plus asym\u00e9trique d\u00fb \u00e0 la temp\u00e9rature et \u00e0 la densit\u00e9 de l&rsquo;air, \u00e0 l&rsquo;int\u00e9rieur des denr\u00e9es alimentaires empil\u00e9es, favorise l&rsquo;insertion de mani\u00e8re naturelle des mouvements dont ci-dessus, en augmentant les possibilit\u00e9s de conservation des ensilages.<br \/>\nEn plus de cette possibilit\u00e9, il est pr\u00e9vu des \u00e9vidures variables, d\u00e9termin\u00e9es sur les c\u00f4nes asym\u00e9triques, en mesure d&rsquo;abriter ou de suspendre des treillis \u00e9lectrosoud\u00e9s, \u00e0 poser en phase de coffrage dans la partie sup\u00e9rieure, et de faciliter ainsi la pr\u00e9paration \u00e0 la coul\u00e9e de b\u00e9ton arm\u00e9 du plancher sur laquelle on pourra poser, les travaux achev\u00e9s, les ensilages alimentaires.[\/vc_column_text][\/vc_column][\/vc_row][vc_row][vc_column][vc_separator][vc_column_text css=\u00a0\u00bb.vc_custom_1633423475194{margin-bottom: 15px !important;}\u00a0\u00bb]<strong>PRODUITS SUGG\u00c9RES:<\/strong>[\/vc_column_text][vc_empty_space height=\u00a0\u00bb10px\u00a0\u00bb][\/vc_column][vc_column][vc_masonry_grid post_type=\u00a0\u00bbids\u00a0\u00bb element_width=\u00a0\u00bb3&Prime; grid_id=\u00a0\u00bbvc_gid:1633423421845-4392e3bd-7d81-6&Prime; include=\u00a0\u00bb3291&Prime; el_class=\u00a0\u00bbtext-size-p\u00a0\u00bb][\/vc_column][\/vc_row]<\/p>\n","protected":false},"excerpt":{"rendered":"<p>L&rsquo;on sait, depuis l&rsquo;antiquit\u00e9, que l&rsquo;a\u00e9ration des entrep\u00f4ts \u00e9tait n\u00e9cessaire pour ne pas former de poches d&rsquo;humidit\u00e9.<\/p>\n","protected":false},"author":1,"featured_media":61000,"parent":65424,"menu_order":2,"comment_status":"closed","ping_status":"closed","template":"","meta":[],"acf":[],"aioseo_notices":[],"_links":{"self":[{"href":"https:\/\/www.daliform.com\/fr\/wp-json\/wp\/v2\/pages\/66062"}],"collection":[{"href":"https:\/\/www.daliform.com\/fr\/wp-json\/wp\/v2\/pages"}],"about":[{"href":"https:\/\/www.daliform.com\/fr\/wp-json\/wp\/v2\/types\/page"}],"author":[{"embeddable":true,"href":"https:\/\/www.daliform.com\/fr\/wp-json\/wp\/v2\/users\/1"}],"replies":[{"embeddable":true,"href":"https:\/\/www.daliform.com\/fr\/wp-json\/wp\/v2\/comments?post=66062"}],"version-history":[{"count":1,"href":"https:\/\/www.daliform.com\/fr\/wp-json\/wp\/v2\/pages\/66062\/revisions"}],"predecessor-version":[{"id":108943,"href":"https:\/\/www.daliform.com\/fr\/wp-json\/wp\/v2\/pages\/66062\/revisions\/108943"}],"up":[{"embeddable":true,"href":"https:\/\/www.daliform.com\/fr\/wp-json\/wp\/v2\/pages\/65424"}],"wp:featuredmedia":[{"embeddable":true,"href":"https:\/\/www.daliform.com\/fr\/wp-json\/wp\/v2\/media\/61000"}],"wp:attachment":[{"href":"https:\/\/www.daliform.com\/fr\/wp-json\/wp\/v2\/media?parent=66062"}],"curies":[{"name":"wp","href":"https:\/\/api.w.org\/{rel}","templated":true}]}}