{"id":65772,"date":"2016-05-04T15:56:01","date_gmt":"2016-05-04T13:56:01","guid":{"rendered":"https:\/\/www.daliform.com\/?page_id=65772"},"modified":"2021-10-05T09:51:05","modified_gmt":"2021-10-05T07:51:05","slug":"la-biofiltration-eolo","status":"publish","type":"page","link":"https:\/\/www.daliform.com\/fr\/systemes-pour-le-compostage-et-la-biofiltration\/eolo-applications\/la-biofiltration-eolo\/","title":{"rendered":"La biofiltration"},"content":{"rendered":"<p>[vc_row padding_top=\u00a0\u00bb0&Prime; padding_bottom=\u00a0\u00bb0&Prime;][vc_column]\n\t<div class=\"custom-heading wpb_content_element  heading-medium\">\n\t\t<h2 class=\"heading-title\" >La biofiltration dans l'air est un traitement qui permet de r\u00e9duire les odeurs qui sortent des usines de traitement industriel ou des d\u00e9chets.<\/h2>\n\t\t<span class=\"heading-line primary\"><\/span>\n\t<\/div>[\/vc_column][\/vc_row][vc_row][vc_column][vc_single_image image=\u00a0\u00bb65785&Prime; img_size=\u00a0\u00bbfull\u00a0\u00bb alignment=\u00a0\u00bbcenter\u00a0\u00bb][vc_column_text]<\/p>\n<p style=\"text-align: justify;\"><strong>La biofiltration<\/strong> est un processus d&rsquo;abattement des polluants dispers\u00e9s dans l&rsquo;air, qui exploite l&rsquo;oxydation biologique : l&rsquo;air contamin\u00e9 passe \u00e0 travers un milieu dans lequel sont pr\u00e9sents des micro-organismes en mesure de d\u00e9composer les polluants et en les utilisant comme source de nourriture.<br \/>\nDans la pratique, le syst\u00e8me permet d&rsquo;obtenir les m\u00eames r\u00e9sultats que la combustion, \u00e0 l&rsquo;exception du fait que l&rsquo;oxydation des compos\u00e9s organiques volatils \u00e0 anhydride carbonique ne se fait pas thermiquement, mais biologiquement ; si les compos\u00e9s contiennent du soufre, de l&rsquo;azote ou du chlore, alors les sous-produits de l&rsquo;oxydation sont des sels min\u00e9raux. Ces applications sont \u00e9conomiquement plus int\u00e9ressantes que les syst\u00e8mes \u00e0 combustion aussi bien pour la construction que pour l&rsquo;entretien, mais ils n\u00e9cessitent d&rsquo;une bonne conception pour avoir une utilisation optimale.<\/p>\n<p><strong>Avec Eolo il est possible de r\u00e9aliser un plancher a\u00e9r\u00e9 gr\u00e2ce aux buses qui garantissent la distribution r\u00e9guli\u00e8re et uniforme de l&rsquo;air. A travers le matelas d&rsquo;air qui se forme gr\u00e2ce \u00e0 Eolo et \u00e0 ses orifices de sortie, la distribution de l&rsquo;air se fait de mani\u00e8re uniforme sur toute la surface du lit filtrant.<\/strong>[\/vc_column_text][\/vc_column][\/vc_row][vc_row][vc_column][vc_separator][vc_column_text css=\u00a0\u00bb.vc_custom_1633420203149{margin-bottom: 15px !important;}\u00a0\u00bb]<strong>PRODUITS SUGG\u00c9RES:<\/strong>[\/vc_column_text][vc_empty_space height=\u00a0\u00bb10px\u00a0\u00bb][\/vc_column][vc_column][vc_masonry_grid post_type=\u00a0\u00bbids\u00a0\u00bb element_width=\u00a0\u00bb3&Prime; grid_id=\u00a0\u00bbvc_gid:1633420145401-bfb4d8d0-bae5-7&Prime; include=\u00a0\u00bb3291&Prime; el_class=\u00a0\u00bbtext-size-p\u00a0\u00bb][\/vc_column][\/vc_row]<\/p>\n","protected":false},"excerpt":{"rendered":"<p>La biofiltration est un processus d&rsquo;abattement des polluants dispers\u00e9s dans l&rsquo;air, qui exploite l&rsquo;oxydation biologique.<\/p>\n","protected":false},"author":1,"featured_media":60967,"parent":65424,"menu_order":1,"comment_status":"closed","ping_status":"closed","template":"","meta":[],"acf":[],"aioseo_notices":[],"_links":{"self":[{"href":"https:\/\/www.daliform.com\/fr\/wp-json\/wp\/v2\/pages\/65772"}],"collection":[{"href":"https:\/\/www.daliform.com\/fr\/wp-json\/wp\/v2\/pages"}],"about":[{"href":"https:\/\/www.daliform.com\/fr\/wp-json\/wp\/v2\/types\/page"}],"author":[{"embeddable":true,"href":"https:\/\/www.daliform.com\/fr\/wp-json\/wp\/v2\/users\/1"}],"replies":[{"embeddable":true,"href":"https:\/\/www.daliform.com\/fr\/wp-json\/wp\/v2\/comments?post=65772"}],"version-history":[{"count":1,"href":"https:\/\/www.daliform.com\/fr\/wp-json\/wp\/v2\/pages\/65772\/revisions"}],"predecessor-version":[{"id":108942,"href":"https:\/\/www.daliform.com\/fr\/wp-json\/wp\/v2\/pages\/65772\/revisions\/108942"}],"up":[{"embeddable":true,"href":"https:\/\/www.daliform.com\/fr\/wp-json\/wp\/v2\/pages\/65424"}],"wp:featuredmedia":[{"embeddable":true,"href":"https:\/\/www.daliform.com\/fr\/wp-json\/wp\/v2\/media\/60967"}],"wp:attachment":[{"href":"https:\/\/www.daliform.com\/fr\/wp-json\/wp\/v2\/media?parent=65772"}],"curies":[{"name":"wp","href":"https:\/\/api.w.org\/{rel}","templated":true}]}}