{"id":65510,"date":"2016-05-04T15:25:03","date_gmt":"2016-05-04T13:25:03","guid":{"rendered":"https:\/\/www.daliform.com\/?page_id=65510"},"modified":"2021-10-04T17:35:16","modified_gmt":"2021-10-04T15:35:16","slug":"le-compostage-eolo","status":"publish","type":"page","link":"https:\/\/www.daliform.com\/fr\/systemes-pour-le-compostage-et-la-biofiltration\/eolo-applications\/le-compostage-eolo\/","title":{"rendered":"Le compostage"},"content":{"rendered":"<p>[vc_row padding_top=\u00a0\u00bb0&Prime; padding_bottom=\u00a0\u00bb0&Prime;][vc_column]\n\t<div class=\"custom-heading wpb_content_element  heading-medium\">\n\t\t<h2 class=\"heading-title\" >La biostabilisation (et le compostage) est une op\u00e9ration de traitement des d\u00e9chets qui permet d'\u00e9liminer les fractions ind\u00e9sirables, ce qui les rend moins dangereuses pour l'environnement.<\/h2>\n\t\t<span class=\"heading-line primary\"><\/span>\n\t<\/div>[\/vc_column][\/vc_row][vc_row][vc_column][vc_single_image image=\u00a0\u00bb65524&Prime; img_size=\u00a0\u00bbfull\u00a0\u00bb alignment=\u00a0\u00bbcenter\u00a0\u00bb][vc_column_text]<\/p>\n<p style=\"text-align: justify;\">Le compostage est une technique par laquelle on contr\u00f4le, acc\u00e9l\u00e8re et am\u00e9liore le processus naturel de toute substance organique par effet de la flore microbienne naturellement pr\u00e9sente dans l&rsquo;environnement. La richesse en humus, en flore microbienne active et en micro-\u00e9l\u00e9ments fait du compost un produit appropri\u00e9 pour les usages agronomiques les plus divers, des p\u00e9pini\u00e8res aux cultures pratiqu\u00e9es en plein champ.<\/p>\n<p>Le processus de compostage se compose essentiellement de deux phases :<br \/>\n\u2022 <strong>Bio-oxydation<\/strong>, dans laquelle on a l&rsquo;hygi\u00e9nisation de la masse : c&rsquo;est la phase active (connue aussi comme high rate, active composting time), caract\u00e9ris\u00e9e par des processus intenses de d\u00e9gradation des composants organiques plus facilement d\u00e9gradables.<br \/>\n<strong>Eolo garantit la distribution de l&rsquo;air, en le distribuant de mani\u00e8re homog\u00e8ne \u00e0 l&rsquo;int\u00e9rieur de toute la biomasse en fermentation, en permettant une r\u00e9duction des temps du processus et en garantissant un niveau optimal de stabilisation.<\/strong><\/p>\n<p>\u2022 <strong>Maturation<\/strong>, pendant laquelle le produit se stabilise en s&rsquo;enrichissant de mol\u00e9cules humides : il s&rsquo;agit de la phase de traitement (connue comme curing phase), caract\u00e9ris\u00e9e par des processus de transformation de la substance organique dont l&rsquo;expression maximale est la formation de substances humiques.<br \/>\n<strong>L\u2019utilisation de Eolo est n\u00e9cessaire pour la r\u00e9alisation d&rsquo;un plancher a\u00e9r\u00e9 qui permet l\u2019insufflation de l&rsquo;air afin de rendre ce processus plus efficace.<\/strong>[\/vc_column_text][\/vc_column][\/vc_row][vc_row][vc_column][vc_separator][vc_column_text css=\u00a0\u00bb.vc_custom_1633361705741{margin-bottom: 15px !important;}\u00a0\u00bb]<strong>PRODUITS SUGG\u00c9RES:<\/strong>[\/vc_column_text][vc_empty_space height=\u00a0\u00bb10px\u00a0\u00bb][\/vc_column][vc_column][vc_masonry_grid post_type=\u00a0\u00bbids\u00a0\u00bb element_width=\u00a0\u00bb3&Prime; grid_id=\u00a0\u00bbvc_gid:1633361640389-43264387-1190-8&Prime; include=\u00a0\u00bb3291&Prime; el_class=\u00a0\u00bbtext-size-p\u00a0\u00bb][\/vc_column][\/vc_row]<\/p>\n","protected":false},"excerpt":{"rendered":"<p>Le compostage est une technique par laquelle on contr\u00f4le, acc\u00e9l\u00e8re et am\u00e9liore le processus naturel de toute substance organique par effet de la flore. <\/p>\n","protected":false},"author":1,"featured_media":60890,"parent":65424,"menu_order":0,"comment_status":"closed","ping_status":"closed","template":"","meta":[],"acf":[],"aioseo_notices":[],"_links":{"self":[{"href":"https:\/\/www.daliform.com\/fr\/wp-json\/wp\/v2\/pages\/65510"}],"collection":[{"href":"https:\/\/www.daliform.com\/fr\/wp-json\/wp\/v2\/pages"}],"about":[{"href":"https:\/\/www.daliform.com\/fr\/wp-json\/wp\/v2\/types\/page"}],"author":[{"embeddable":true,"href":"https:\/\/www.daliform.com\/fr\/wp-json\/wp\/v2\/users\/1"}],"replies":[{"embeddable":true,"href":"https:\/\/www.daliform.com\/fr\/wp-json\/wp\/v2\/comments?post=65510"}],"version-history":[{"count":1,"href":"https:\/\/www.daliform.com\/fr\/wp-json\/wp\/v2\/pages\/65510\/revisions"}],"predecessor-version":[{"id":108941,"href":"https:\/\/www.daliform.com\/fr\/wp-json\/wp\/v2\/pages\/65510\/revisions\/108941"}],"up":[{"embeddable":true,"href":"https:\/\/www.daliform.com\/fr\/wp-json\/wp\/v2\/pages\/65424"}],"wp:featuredmedia":[{"embeddable":true,"href":"https:\/\/www.daliform.com\/fr\/wp-json\/wp\/v2\/media\/60890"}],"wp:attachment":[{"href":"https:\/\/www.daliform.com\/fr\/wp-json\/wp\/v2\/media?parent=65510"}],"curies":[{"name":"wp","href":"https:\/\/api.w.org\/{rel}","templated":true}]}}