{"id":64994,"date":"2016-05-04T08:57:52","date_gmt":"2016-05-04T06:57:52","guid":{"rendered":"https:\/\/www.daliform.com\/?page_id=64994"},"modified":"2024-07-30T15:26:43","modified_gmt":"2024-07-30T13:26:43","slug":"systemes-pour-le-compostage-et-la-biofiltration","status":"publish","type":"page","link":"https:\/\/www.daliform.com\/fr\/systemes-pour-le-compostage-et-la-biofiltration\/","title":{"rendered":"Eolo"},"content":{"rendered":"<p>[vc_row][vc_column width=\u00a0\u00bb1\/4&Prime;][vc_single_image image=\u00a0\u00bb60802&Prime; img_size=\u00a0\u00bblarge\u00a0\u00bb][\/vc_column][vc_column width=\u00a0\u00bb3\/4&Prime;][vc_column_text]<\/p>\n<h5 class=\"p1\" style=\"text-align: justify;\"><span class=\"s1\"><strong>Eolo<\/strong> repr\u00e9sente le rem\u00e8de efficace, rapide et \u00e9conomique qui permet de r\u00e9aliser un plancher a\u00e9r\u00e9 en b\u00e9ton arm\u00e9 avec une capacit\u00e9 portante \u00e9lev\u00e9e, carrossable aussi pour les v\u00e9hicules lourds.<\/span><\/h5>\n<p class=\"p1\" style=\"text-align: justify;\"><span class=\"s1\">Gr\u00e2ce aux buses asym\u00e9triques verticales, perc\u00e9es axialement, il peut \u00eatre avantageusement utilis\u00e9 pour la distribution et la diffusion d&rsquo;air dans des installations de compostage, de stabilisation des d\u00e9chets, des installations de d\u00e9sodorisation et pour a\u00e9rer les planchers des entrep\u00f4ts destin\u00e9s \u00e0 la conservation\/maturation de produits alimentaires. <\/span><\/p>\n<p>[\/vc_column_text][\/vc_column][vc_column][vc_empty_space height=\u00a0\u00bb15px\u00a0\u00bb][vc_column_text]<\/p>\n<p class=\"p1\" style=\"text-align: justify;\"><span class=\"s1\">L&rsquo;on sait, depuis la Rome antique, que l&rsquo;a\u00e9ration des entrep\u00f4ts \u00e9tait n\u00e9cessaire pour ne pas former de poches d&rsquo;humidit\u00e9 dont la concentration conduisait au d\u00e9veloppement de spores de moisissures et de bact\u00e9ries, en d\u00e9t\u00e9riorant les denr\u00e9es elles-m\u00eames<em> (David Macaulay \u201cNaissance d&rsquo;une cit\u00e9 romaine\u201d)<\/em>. <\/span><\/p>\n<p class=\"p1\" style=\"text-align: justify;\"><span class=\"s1\">R\u00e9alis\u00e9 en <strong>plastique recycl\u00e9<\/strong> et \u00e9cocompatible, Eolo est compos\u00e9 de buses d\u00e9flectrices hautes sp\u00e9ciales qui permettent la r\u00e9alisation d&rsquo;une dalle a\u00e9r\u00e9e de 6 cm de hauteur.<\/span><\/p>\n<p class=\"p1\" style=\"text-align: justify;\"><span class=\"s1\">A travers les \u00e9l\u00e9ments de Eolo, l\u2019air est distribu\u00e9 de mani\u00e8re uniforme dans tout le matelas et il est ensuite insuffl\u00e9 dans le milieu sus-jacent.<\/span><\/p>\n<p>[\/vc_column_text][\/vc_column][\/vc_row]<\/p>\n","protected":false},"excerpt":{"rendered":"<p>Pour la distribution et diffusion d\u2019aire dans usines de compostage, stabilisation de refus, usines de d\u00e9sodorisation et dans entrep\u00f4ts alimentaires.<\/p>\n","protected":false},"author":1,"featured_media":60792,"parent":0,"menu_order":26,"comment_status":"closed","ping_status":"closed","template":"template-product.php","meta":[],"acf":[],"aioseo_notices":[],"_links":{"self":[{"href":"https:\/\/www.daliform.com\/fr\/wp-json\/wp\/v2\/pages\/64994"}],"collection":[{"href":"https:\/\/www.daliform.com\/fr\/wp-json\/wp\/v2\/pages"}],"about":[{"href":"https:\/\/www.daliform.com\/fr\/wp-json\/wp\/v2\/types\/page"}],"author":[{"embeddable":true,"href":"https:\/\/www.daliform.com\/fr\/wp-json\/wp\/v2\/users\/1"}],"replies":[{"embeddable":true,"href":"https:\/\/www.daliform.com\/fr\/wp-json\/wp\/v2\/comments?post=64994"}],"version-history":[{"count":2,"href":"https:\/\/www.daliform.com\/fr\/wp-json\/wp\/v2\/pages\/64994\/revisions"}],"predecessor-version":[{"id":112903,"href":"https:\/\/www.daliform.com\/fr\/wp-json\/wp\/v2\/pages\/64994\/revisions\/112903"}],"wp:featuredmedia":[{"embeddable":true,"href":"https:\/\/www.daliform.com\/fr\/wp-json\/wp\/v2\/media\/60792"}],"wp:attachment":[{"href":"https:\/\/www.daliform.com\/fr\/wp-json\/wp\/v2\/media?parent=64994"}],"curies":[{"name":"wp","href":"https:\/\/api.w.org\/{rel}","templated":true}]}}