{"id":64916,"date":"2016-05-17T17:12:52","date_gmt":"2016-05-17T15:12:52","guid":{"rendered":"https:\/\/www.daliform.com\/?page_id=64916"},"modified":"2022-02-15T14:03:17","modified_gmt":"2022-02-15T13:03:17","slug":"manteau-disolation-sonore","status":"publish","type":"page","link":"https:\/\/www.daliform.com\/fr\/manteau-disolation-sonore\/","title":{"rendered":"U-Boot\u00ae Silence"},"content":{"rendered":"<p>[vc_row][vc_column width=\u00a0\u00bb1\/3&Prime;][vc_single_image image=\u00a0\u00bb60645&Prime; img_size=\u00a0\u00bblarge\u00a0\u00bb alignment=\u00a0\u00bbcenter\u00a0\u00bb][\/vc_column][vc_column width=\u00a0\u00bb2\/3&Prime;][vc_column_text]<\/p>\n<h5 style=\"text-align: justify;\"><strong>U-Boot\u00ae Silence est le manteau d&rsquo;insonorisation r\u00e9alis\u00e9 sp\u00e9cialement pour \u00eatre appliqu\u00e9 sur les plafonds all\u00e9g\u00e9s avec le syst\u00e8me U-Boot\u00ae Beton, \u00e9liminant pour toujours les bruits a\u00e9riens et ceux g\u00e9n\u00e9r\u00e9s par les chocs. <\/strong><\/h5>\n<p style=\"text-align: justify;\">L&rsquo;application de U-Boot\u00ae Silence sur les plafonds all\u00e9g\u00e9s permet d&rsquo;obtenir d&rsquo;excellentes performances d&rsquo;isolation et de positionner l&rsquo;\u00e9difice dans la Classe I (UNI 11367:2010) en termes de bruits a\u00e9riens et de chocs.<\/p>\n<p>Ces derni\u00e8res ann\u00e9es ont vu une large diffusion de la conscience du confort d&rsquo;habitation. Les clients et les utilisateurs finals demandent des performances et des niveaux de qualit\u00e9 adapt\u00e9s et pr\u00e9tendent, \u00e0 la hauteur de leurs attentes, des garanties pr\u00e9cisent de la part du constructeur et du concepteur.[\/vc_column_text][\/vc_column][vc_column][vc_column_text]Tandis que le th\u00e8me de l&rsquo;\u00e9conomie d&rsquo;\u00e9nergie a fait des pas de g\u00e9ant ces derni\u00e8res ann\u00e9es, le probl\u00e8me du confort acoustique reste encore sous estim\u00e9. Des \u00e9tudes r\u00e9centes ont en outre d\u00e9montr\u00e9 que les personnes vivant dans des espaces avec une mauvaise isolation sonore pr\u00e9sentent des troubles du sommeil, de l&rsquo;irritabilit\u00e9 et un moindre rendement professionnel.<br \/>\nC&rsquo;est pourquoi le non-respect des performances minimum d&rsquo;isolation acoustique peut compromettre la validit\u00e9 du certificat d&rsquo;habitabilit\u00e9 et g\u00e9n\u00e9rer une perte consid\u00e9rable en termes de valeur immobili\u00e8re.[\/vc_column_text][\/vc_column][\/vc_row]<\/p>\n","protected":false},"excerpt":{"rendered":"<p>U-Boot\u00ae Silence est le manteau d&rsquo;insonorisation r\u00e9alis\u00e9 sp\u00e9cialement pour \u00eatre appliqu\u00e9 sur les plafonds all\u00e9g\u00e9s avec le syst\u00e8me U-Boot\u00ae Beton<\/p>\n","protected":false},"author":1,"featured_media":60629,"parent":0,"menu_order":25,"comment_status":"closed","ping_status":"closed","template":"template-product.php","meta":[],"acf":[],"aioseo_notices":[],"_links":{"self":[{"href":"https:\/\/www.daliform.com\/fr\/wp-json\/wp\/v2\/pages\/64916"}],"collection":[{"href":"https:\/\/www.daliform.com\/fr\/wp-json\/wp\/v2\/pages"}],"about":[{"href":"https:\/\/www.daliform.com\/fr\/wp-json\/wp\/v2\/types\/page"}],"author":[{"embeddable":true,"href":"https:\/\/www.daliform.com\/fr\/wp-json\/wp\/v2\/users\/1"}],"replies":[{"embeddable":true,"href":"https:\/\/www.daliform.com\/fr\/wp-json\/wp\/v2\/comments?post=64916"}],"version-history":[{"count":1,"href":"https:\/\/www.daliform.com\/fr\/wp-json\/wp\/v2\/pages\/64916\/revisions"}],"predecessor-version":[{"id":108933,"href":"https:\/\/www.daliform.com\/fr\/wp-json\/wp\/v2\/pages\/64916\/revisions\/108933"}],"wp:featuredmedia":[{"embeddable":true,"href":"https:\/\/www.daliform.com\/fr\/wp-json\/wp\/v2\/media\/60629"}],"wp:attachment":[{"href":"https:\/\/www.daliform.com\/fr\/wp-json\/wp\/v2\/media?parent=64916"}],"curies":[{"name":"wp","href":"https:\/\/api.w.org\/{rel}","templated":true}]}}