{"id":64385,"date":"2016-11-24T14:37:52","date_gmt":"2016-11-24T13:37:52","guid":{"rendered":"https:\/\/www.daliform.com\/?page_id=64385"},"modified":"2022-04-13T15:51:00","modified_gmt":"2022-04-13T13:51:00","slug":"allegement-pour-dalles-mixtes-en-beton-arme","status":"publish","type":"page","link":"https:\/\/www.daliform.com\/fr\/allegement-pour-dalles-mixtes-en-beton-arme\/","title":{"rendered":"Fit Slab"},"content":{"rendered":"<p>[vc_row][vc_column width=\u00a0\u00bb1\/4&Prime;][vc_single_image image=\u00a0\u00bb64388&Prime; img_size=\u00a0\u00bblarge\u00a0\u00bb][\/vc_column][vc_column width=\u00a0\u00bb3\/4&Prime;][vc_column_text]<\/p>\n<h6 style=\"text-align: justify;\"><strong>Fit Slab est un coffrage en polypropyl\u00e8ne ayant comme fonction principale l\u2019all\u00e8gement et qui, associ\u00e9 aux poutrelles pr\u00e9fabriqu\u00e9es, en b\u00e9ton arm\u00e9 pr\u00e9compress\u00e9 ou en treillis ou bien directement sur pr\u00e9dalle, permet de r\u00e9aliser diff\u00e9rentes typologies de dalles all\u00e9g\u00e9es en b\u00e9ton arm\u00e9, avec une rapidit\u00e9 de pose extr\u00eame, que ce soit pour les r\u00e9novations ou les nouvelles constructions.<\/strong><\/h6>\n<p style=\"text-align: justify;\">Ce type de construction, pratique et rapide, permet d\u2019obtenir une dalle plus performante et ayant un poids propre structurel inf\u00e9rieur par rapport \u00e0 celui des dalles r\u00e9alis\u00e9es avec des m\u00e9thodes traditionnelles comme des hourdis en briques ou du b\u00e9ton all\u00e9g\u00e9.<\/p>\n<p>[\/vc_column_text][\/vc_column][vc_column][vc_empty_space height=\u00a0\u00bb15px\u00a0\u00bb][vc_column_text]<\/p>\n<p style=\"text-align: justify;\">L\u2019utilisation de Fit Slab entra\u00eene une r\u00e9duction importante des sollicitations pour le squelette et les ma\u00e7onneries portantes en hauteur et pour les fondations. De plus, les actions sismiques que la dalle transmet aux structures en hauteur se r\u00e9duisent proportionnellement au poids de la dalle.<br \/>\nEn exploitant l\u2019espace en dessous des \u00e9l\u00e9ments Fit Slab, il est possible d\u2019installer des canalisations, dans le sens transversal et longitudinal, servant au passage d\u2019installations \u00e9lectriques, hydrauliques, de chauffage.<\/p>\n<p>[\/vc_column_text][\/vc_column][\/vc_row]<\/p>\n","protected":false},"excerpt":{"rendered":"<p>All\u00e8gement pour dalles en b\u00e9ton arm\u00e9 \u00e0 structure mixte constitu\u00e9e de poutrelles en b\u00e9ton arm\u00e9 normal ou pr\u00e9compress\u00e9 ou sur plaque pr\u00e9fabriqu\u00e9e type pr\u00e9dalle.<\/p>\n","protected":false},"author":1,"featured_media":59995,"parent":0,"menu_order":24,"comment_status":"closed","ping_status":"closed","template":"template-product.php","meta":[],"acf":[],"aioseo_notices":[],"_links":{"self":[{"href":"https:\/\/www.daliform.com\/fr\/wp-json\/wp\/v2\/pages\/64385"}],"collection":[{"href":"https:\/\/www.daliform.com\/fr\/wp-json\/wp\/v2\/pages"}],"about":[{"href":"https:\/\/www.daliform.com\/fr\/wp-json\/wp\/v2\/types\/page"}],"author":[{"embeddable":true,"href":"https:\/\/www.daliform.com\/fr\/wp-json\/wp\/v2\/users\/1"}],"replies":[{"embeddable":true,"href":"https:\/\/www.daliform.com\/fr\/wp-json\/wp\/v2\/comments?post=64385"}],"version-history":[{"count":1,"href":"https:\/\/www.daliform.com\/fr\/wp-json\/wp\/v2\/pages\/64385\/revisions"}],"predecessor-version":[{"id":108926,"href":"https:\/\/www.daliform.com\/fr\/wp-json\/wp\/v2\/pages\/64385\/revisions\/108926"}],"wp:featuredmedia":[{"embeddable":true,"href":"https:\/\/www.daliform.com\/fr\/wp-json\/wp\/v2\/media\/59995"}],"wp:attachment":[{"href":"https:\/\/www.daliform.com\/fr\/wp-json\/wp\/v2\/media?parent=64385"}],"curies":[{"name":"wp","href":"https:\/\/api.w.org\/{rel}","templated":true}]}}