{"id":63419,"date":"2016-05-17T17:50:52","date_gmt":"2016-05-17T15:50:52","guid":{"rendered":"https:\/\/www.daliform.com\/?page_id=63419"},"modified":"2024-07-30T11:38:44","modified_gmt":"2024-07-30T09:38:44","slug":"planchers-allegees-monodirectionnels","status":"publish","type":"page","link":"https:\/\/www.daliform.com\/fr\/planchers-allegees-monodirectionnels\/","title":{"rendered":"U-Bahn\u00ae Beton"},"content":{"rendered":"<p>[vc_row][vc_column width=\u00a0\u00bb1\/4&Prime;][vc_single_image image=\u00a0\u00bb63408&Prime; img_size=\u00a0\u00bblarge\u00a0\u00bb][\/vc_column][vc_column width=\u00a0\u00bb3\/4&Prime;][vc_column_text]<\/p>\n<p style=\"text-align: justify;\"><strong>U-Bahn\u00ae Beton est un coffrage modulaire en plastique recycl\u00e9, sp\u00e9cialement con\u00e7u pour la construction de dalles unidirectionnelles coul\u00e9es ou semi-pr\u00e9fabriqu\u00e9es.<br \/>\n<\/strong>Les diff\u00e9rents \u00e9l\u00e9ments, superposables dans la portion terminale, permettent le d\u00e9veloppement de poutrelles de n&rsquo;importe quelle longueur.<br \/>\nGr\u00e2ce aux pieds coniques \u00e9l\u00e9vateurs, en effet, en noyant les coffrages U-Bahn\u00ae Beton dans la coul\u00e9e de b\u00e9ton arm\u00e9, on obtient des poutres en \u00e9paisseur, parall\u00e8les entre elles, ferm\u00e9es inf\u00e9rieurement et sup\u00e9rieurement par une dalle plane r\u00e9alis\u00e9e en s\u00e9quence et en un unique coulage ; le tout avec une importante \u00e9conomie en b\u00e9ton arm\u00e9 et acier, ainsi qu&rsquo;avec d&rsquo;importants avantages en termes de risque incendie par rapport aux all\u00e9gements en polystyr\u00e8ne expans\u00e9.<\/p>\n<p>[\/vc_column_text][\/vc_column][vc_column][vc_empty_space height=\u00a0\u00bb15px\u00a0\u00bb][vc_column_text]<\/p>\n<p style=\"text-align: justify;\">L\u00e9ger et empilable, il est maniable dans la pose sur place, rationnel dans l&rsquo;utilisation, il ne craint pas les intemp\u00e9ries et il est facile \u00e0 stocker sur le chantier avec des encombrements minimes.<\/p>\n<p>Con\u00e7u selon des crit\u00e8res rigides de qualit\u00e9, le coffrage U-Bahn\u00ae Beton est garanti pour une r\u00e9sistance \u00e0 sec de 150 kg concentr\u00e9s sur une empreinte de charge de 8 x 8 cm, comme pr\u00e9vu par les normes en vigueur.<br \/>\nContrairement \u00e0 ce qui se passe avec les briques classiques, le vide laiss\u00e9 par U-Bahn\u00ae Beton pourra \u00eatre utilis\u00e9 pour le passage de c\u00e2bles et de r\u00e9seaux.[\/vc_column_text][\/vc_column][\/vc_row]<\/p>\n","protected":false},"excerpt":{"rendered":"<p>U-Bahn Beton\u00ae est un coffrage modulaire en polypropyl\u00e8ne recycl\u00e9, con\u00e7u express\u00e9ment pour la r\u00e9alisation de planchers monodirectionnels coul\u00e9s sur place ou semi-pr\u00e9fabriqu\u00e9s.<\/p>\n","protected":false},"author":1,"featured_media":58777,"parent":0,"menu_order":22,"comment_status":"closed","ping_status":"closed","template":"template-product.php","meta":[],"acf":[],"aioseo_notices":[],"_links":{"self":[{"href":"https:\/\/www.daliform.com\/fr\/wp-json\/wp\/v2\/pages\/63419"}],"collection":[{"href":"https:\/\/www.daliform.com\/fr\/wp-json\/wp\/v2\/pages"}],"about":[{"href":"https:\/\/www.daliform.com\/fr\/wp-json\/wp\/v2\/types\/page"}],"author":[{"embeddable":true,"href":"https:\/\/www.daliform.com\/fr\/wp-json\/wp\/v2\/users\/1"}],"replies":[{"embeddable":true,"href":"https:\/\/www.daliform.com\/fr\/wp-json\/wp\/v2\/comments?post=63419"}],"version-history":[{"count":2,"href":"https:\/\/www.daliform.com\/fr\/wp-json\/wp\/v2\/pages\/63419\/revisions"}],"predecessor-version":[{"id":112875,"href":"https:\/\/www.daliform.com\/fr\/wp-json\/wp\/v2\/pages\/63419\/revisions\/112875"}],"wp:featuredmedia":[{"embeddable":true,"href":"https:\/\/www.daliform.com\/fr\/wp-json\/wp\/v2\/media\/58777"}],"wp:attachment":[{"href":"https:\/\/www.daliform.com\/fr\/wp-json\/wp\/v2\/media?parent=63419"}],"curies":[{"name":"wp","href":"https:\/\/api.w.org\/{rel}","templated":true}]}}