{"id":61748,"date":"2016-05-18T17:06:54","date_gmt":"2016-05-18T15:06:54","guid":{"rendered":"https:\/\/www.daliform.com\/?page_id=61748"},"modified":"2024-07-30T11:28:55","modified_gmt":"2024-07-30T09:28:55","slug":"coffrage-a-perdre-pour-dalles-et-des-radiers-allegees-en-beton-arme","status":"publish","type":"page","link":"https:\/\/www.daliform.com\/fr\/coffrage-a-perdre-pour-dalles-et-des-radiers-allegees-en-beton-arme\/","title":{"rendered":"U-Boot\u00ae Beton"},"content":{"rendered":"<p>[vc_row][vc_column width=\u00a0\u00bb1\/4&Prime;][vc_single_image image=\u00a0\u00bb55849&Prime; img_size=\u00a0\u00bblarge\u00a0\u00bb][vc_single_image image=\u00a0\u00bb61712&Prime; alignment=\u00a0\u00bbcenter\u00a0\u00bb][\/vc_column][vc_column width=\u00a0\u00bb3\/4&Prime;][vc_column_text]<\/p>\n<h6 style=\"text-align: justify;\"><strong>U-Booth\u00ae Beton est un coffrage permanent en plastique recycl\u00e9 destin\u00e9 aux dalles biaxiales vides.<\/strong><\/h6>\n<p>Le syst\u00e8me brevet\u00e9 U-Boot\u00ae Beton permet de construire des dalles structurelles l\u00e9g\u00e8res en b\u00e9ton et des radiers en cr\u00e9ant des vides internes plac\u00e9s dans les zones o\u00f9 la demande de cisaillement est faible.<\/p>\n<p>Cette technologie est la solution id\u00e9ale pour cr\u00e9er des dalles de grande port\u00e9e et de grande capacit\u00e9 portante. Elle permet aux concepteurs d&rsquo;\u00eatre plus cr\u00e9atifs et plus libres dans l&rsquo;utilisation de l&rsquo;espace, car les dalles sont plus minces, totalement plates et n\u00e9cessitent une structure portante plus fine, sans nervures ni panneaux de retomb\u00e9e autour des colonnes. Pour ce faire, le coffrage U-Boot\u00ae Beton est noy\u00e9 dans le b\u00e9ton, ce qui entra\u00eene la formation d&rsquo;une plaque creuse avec des dalles inf\u00e9rieures et sup\u00e9rieures continues, reli\u00e9es par des nervures orthogonales interconnect\u00e9es entre elles.[\/vc_column_text][vc_column_text]Les dalles plates vides U-Boot\u00ae Beton offrent une solution efficace et durable aux architectes, ing\u00e9nieurs et entrepreneurs. Elles permettent en effet de r\u00e9duire la quantit\u00e9 de b\u00e9ton et d&rsquo;acier dans les dalles, les colonnes et les fondations, ainsi que le carbone incorpor\u00e9 dans l&rsquo;ensemble du b\u00e2timent par rapport \u00e0 une structure en b\u00e9ton conventionnelle.<br \/>\nGr\u00e2ce \u00e0 sa modularit\u00e9, sa simplicit\u00e9 de manipulation et sa robustesse, U-Boot\u00ae Beton r\u00e9duit les temps de construction et les co\u00fbts associ\u00e9s, et am\u00e9liore les performances techniques des b\u00e2timents.[\/vc_column_text][\/vc_column][\/vc_row]<\/p>\n","protected":false},"excerpt":{"rendered":"<p>U-Boot\u00ae Beton &#8211; Coffrage perdu pour plancher all\u00e9g\u00e9es en b\u00e9ton arm\u00e9 mises en oeuvre, coffrage en polypropyl\u00e8ne recycl\u00e9 pour dalles et des radiers all\u00e9g\u00e9s en b\u00e9ton arm\u00e9.<\/p>\n","protected":false},"author":1,"featured_media":55859,"parent":0,"menu_order":21,"comment_status":"closed","ping_status":"closed","template":"template-product.php","meta":[],"acf":[],"aioseo_notices":[],"_links":{"self":[{"href":"https:\/\/www.daliform.com\/fr\/wp-json\/wp\/v2\/pages\/61748"}],"collection":[{"href":"https:\/\/www.daliform.com\/fr\/wp-json\/wp\/v2\/pages"}],"about":[{"href":"https:\/\/www.daliform.com\/fr\/wp-json\/wp\/v2\/types\/page"}],"author":[{"embeddable":true,"href":"https:\/\/www.daliform.com\/fr\/wp-json\/wp\/v2\/users\/1"}],"replies":[{"embeddable":true,"href":"https:\/\/www.daliform.com\/fr\/wp-json\/wp\/v2\/comments?post=61748"}],"version-history":[{"count":6,"href":"https:\/\/www.daliform.com\/fr\/wp-json\/wp\/v2\/pages\/61748\/revisions"}],"predecessor-version":[{"id":112874,"href":"https:\/\/www.daliform.com\/fr\/wp-json\/wp\/v2\/pages\/61748\/revisions\/112874"}],"wp:featuredmedia":[{"embeddable":true,"href":"https:\/\/www.daliform.com\/fr\/wp-json\/wp\/v2\/media\/55859"}],"wp:attachment":[{"href":"https:\/\/www.daliform.com\/fr\/wp-json\/wp\/v2\/media?parent=61748"}],"curies":[{"name":"wp","href":"https:\/\/api.w.org\/{rel}","templated":true}]}}