{"id":60571,"date":"2016-05-17T07:59:55","date_gmt":"2016-05-17T05:59:55","guid":{"rendered":"https:\/\/www.daliform.com\/?page_id=60571"},"modified":"2022-04-13T14:43:05","modified_gmt":"2022-04-13T12:43:05","slug":"coffrage-mur","status":"publish","type":"page","link":"https:\/\/www.daliform.com\/fr\/coffrage-mur\/","title":{"rendered":"Coffrage Mur"},"content":{"rendered":"<p>[vc_row][vc_column width=\u00a0\u00bb1\/4&Prime;][vc_single_image image=\u00a0\u00bb60575&Prime; img_size=\u00a0\u00bbfull\u00a0\u00bb alignment=\u00a0\u00bbcenter\u00a0\u00bb][\/vc_column][vc_column width=\u00a0\u00bb3\/4&Prime;][vc_column_text]<\/p>\n<h5 style=\"text-align: justify;\"><strong>Le Coffrage Mur a \u00e9t\u00e9 con\u00e7u comme alternative au coffrage en bois traditionnel, pour permettre le coulage de murs en \u00e9l\u00e9vation, poutres renvers\u00e9es et socles de fondation, en r\u00e9duisant fortement les temps d&rsquo;ex\u00e9cution de l&rsquo;ouvrage de fondation.<\/strong><\/h5>\n<p style=\"text-align: justify;\">Ce coffrage \u00e0 perdre est constitu\u00e9 par la combinaison de tubes, panneaux, colliers et accroches, en polypropyl\u00e8ne.<\/p>\n<p>[\/vc_column_text][\/vc_column][vc_column][vc_empty_space height=\u00a0\u00bb15px\u00a0\u00bb][vc_column_text]Associ\u00e9 au syst\u00e8me Atlantis, le Coffrage Mur permet la r\u00e9alisation en m\u00eame temps des semelles et de la dalle en optimisant et en acc\u00e9l\u00e9rant le travail en chantier, avec des b\u00e9n\u00e9fices \u00e9conomiques consid\u00e9rables.<br \/>\nPour cette raison, le syst\u00e8me est tr\u00e8s appr\u00e9ci\u00e9 dans la r\u00e9alisation de bassins de r\u00e9tention et\/ou de dispersion des eaux, des ouvrages toujours plus n\u00e9cessaires dans les domaines les plus vari\u00e9s de construction.<br \/>\n\u00c9tant donn\u00e9 la facilit\u00e9 et la rapidit\u00e9 de pose, il s&rsquo;adapte aussi parfaitement \u00e0 la r\u00e9alisation de radiers nervur\u00e9s o\u00f9 les vides entre les poutres sont remplis par les coffrages du Syst\u00e8me Atlantis.[\/vc_column_text][\/vc_column][\/vc_row]<\/p>\n","protected":false},"excerpt":{"rendered":"<p>Le Coffrage Mur permettre le coulage de murs en \u00e9l\u00e9vation, poutres renvers\u00e9es et socles de fondation, en r\u00e9duisant es temps d&rsquo;ex\u00e9cution.<\/p>\n","protected":false},"author":1,"featured_media":51513,"parent":0,"menu_order":20,"comment_status":"closed","ping_status":"closed","template":"template-product.php","meta":[],"acf":[],"aioseo_notices":[],"_links":{"self":[{"href":"https:\/\/www.daliform.com\/fr\/wp-json\/wp\/v2\/pages\/60571"}],"collection":[{"href":"https:\/\/www.daliform.com\/fr\/wp-json\/wp\/v2\/pages"}],"about":[{"href":"https:\/\/www.daliform.com\/fr\/wp-json\/wp\/v2\/types\/page"}],"author":[{"embeddable":true,"href":"https:\/\/www.daliform.com\/fr\/wp-json\/wp\/v2\/users\/1"}],"replies":[{"embeddable":true,"href":"https:\/\/www.daliform.com\/fr\/wp-json\/wp\/v2\/comments?post=60571"}],"version-history":[{"count":1,"href":"https:\/\/www.daliform.com\/fr\/wp-json\/wp\/v2\/pages\/60571\/revisions"}],"predecessor-version":[{"id":108899,"href":"https:\/\/www.daliform.com\/fr\/wp-json\/wp\/v2\/pages\/60571\/revisions\/108899"}],"wp:featuredmedia":[{"embeddable":true,"href":"https:\/\/www.daliform.com\/fr\/wp-json\/wp\/v2\/media\/51513"}],"wp:attachment":[{"href":"https:\/\/www.daliform.com\/fr\/wp-json\/wp\/v2\/media?parent=60571"}],"curies":[{"name":"wp","href":"https:\/\/api.w.org\/{rel}","templated":true}]}}