{"id":51552,"date":"2018-06-22T15:36:30","date_gmt":"2018-06-22T13:36:30","guid":{"rendered":"https:\/\/www.daliform.com\/coffrargile\/"},"modified":"2022-09-26T16:44:53","modified_gmt":"2022-09-26T14:44:53","slug":"coffrargile-argiles-gonflantes","status":"publish","type":"page","link":"https:\/\/www.daliform.com\/fr\/coffrargile-argiles-gonflantes\/","title":{"rendered":"Coffrargile"},"content":{"rendered":"<p>[vc_row][vc_column width=\u00a0\u00bb1\/2&Prime;][vc_column_text]<\/p>\n<h3><strong>Urgence climatique en France!<\/strong><\/h3>\n<p>[\/vc_column_text][vc_single_image image=\u00a0\u00bb108815&Prime; img_size=\u00a0\u00bbfull\u00a0\u00bb][vc_column_text]<a href=\"https:\/\/www.vie-publique.fr\/loi\/285958-ordonnance-29-juillet-2022-controle-regles-de-construction-loi-climat\"><strong>Ordonnance du 29 juillet 2022 visant \u00e0 renforcer le contr\u00f4le des r\u00e8gles de construction<\/strong><\/a><br \/>\n<em><span class=\"field field--name-field-chapo field--type-string-long field--label-hidden field__item\">L&rsquo;ordonnance, prise en application de la loi Climat et R\u00e9silience du 22 ao\u00fbt 2021, pr\u00e9voit de nouveaux outils pour faire respecter les r\u00e8gles pour des constructions neuves adapt\u00e9es au changement climatique.<\/span><\/em><\/p>\n<p>Dans le cadre de la lutte contre le d\u00e9r\u00e8glement climatique et du renforcement de la r\u00e9silience.<br \/>\nLes risques li\u00e9s \u00e0 la construction sur terrain argileux, dit retrait-gonflement des argiles sont \u00e0 traiter par l&rsquo;ensemble des acteurs de la construction sur l&rsquo;ensemble du territoire Fran\u00e7ais.<br \/>\nAvec le changement climatique, ce risque majeur deviendra plus fr\u00e9quent et plus co\u00fbteux.[\/vc_column_text][\/vc_column][vc_column width=\u00a0\u00bb1\/2&Prime;][vc_column_text]<\/p>\n<h3><strong>La solution: COFFRARGILE<\/strong><\/h3>\n<p>[\/vc_column_text][vc_single_image image=\u00a0\u00bb108826&Prime; img_size=\u00a0\u00bbfull\u00a0\u00bb][vc_column_text]Pour les probl\u00e8mes de fondation sur terrains argileux, les conditions permettant, au niveau conceptuel, de prendre une position \u201cactive\u201d par rapport au terrain ne se pr\u00e9sentent pas fr\u00e9quemment.<\/p>\n<p>Dans la plupart des cas, on con\u00e7oit l\u2019\u0153uvre et on pr\u00e9voit son comportement, en fonction des caract\u00e9ristiques m\u00e9caniques des terrains, alors qu\u2019il n\u2019est possible d\u2019agir sur celles-ci que rarement, pour modifier des conditions environnementales d\u00e9favorables.<\/p>\n<p>Pour faire face de mani\u00e8re efficace aux mouvements du terrain argileux et prot\u00e9ger le sol contre retrait\/gonflement, Daliform Group a cr\u00e9\u00e9 <strong>Coffrargile<\/strong>, le coffrage \u00e0 perdre en plastique recycl\u00e9.[\/vc_column_text][\/vc_column][\/vc_row]<\/p>\n","protected":false},"excerpt":{"rendered":"<p>Coffrargile est en coffrages perdus pour faire face de mani\u00e8re efficace aux mouvements du terrain argileux et prot\u00e9ger le sol contre retrait\/gonflement.<\/p>\n","protected":false},"author":1,"featured_media":38974,"parent":0,"menu_order":19,"comment_status":"closed","ping_status":"closed","template":"template-product.php","meta":[],"acf":[],"aioseo_notices":[],"_links":{"self":[{"href":"https:\/\/www.daliform.com\/fr\/wp-json\/wp\/v2\/pages\/51552"}],"collection":[{"href":"https:\/\/www.daliform.com\/fr\/wp-json\/wp\/v2\/pages"}],"about":[{"href":"https:\/\/www.daliform.com\/fr\/wp-json\/wp\/v2\/types\/page"}],"author":[{"embeddable":true,"href":"https:\/\/www.daliform.com\/fr\/wp-json\/wp\/v2\/users\/1"}],"replies":[{"embeddable":true,"href":"https:\/\/www.daliform.com\/fr\/wp-json\/wp\/v2\/comments?post=51552"}],"version-history":[{"count":2,"href":"https:\/\/www.daliform.com\/fr\/wp-json\/wp\/v2\/pages\/51552\/revisions"}],"predecessor-version":[{"id":108837,"href":"https:\/\/www.daliform.com\/fr\/wp-json\/wp\/v2\/pages\/51552\/revisions\/108837"}],"wp:featuredmedia":[{"embeddable":true,"href":"https:\/\/www.daliform.com\/fr\/wp-json\/wp\/v2\/media\/38974"}],"wp:attachment":[{"href":"https:\/\/www.daliform.com\/fr\/wp-json\/wp\/v2\/media?parent=51552"}],"curies":[{"name":"wp","href":"https:\/\/api.w.org\/{rel}","templated":true}]}}