{"id":51341,"date":"2020-05-19T10:05:08","date_gmt":"2020-05-19T08:05:08","guid":{"rendered":"https:\/\/www.daliform.com\/iglu-barrier\/"},"modified":"2024-07-30T11:02:20","modified_gmt":"2024-07-30T09:02:20","slug":"protection-perimetrique-des-murs-contre-terre","status":"publish","type":"page","link":"https:\/\/www.daliform.com\/fr\/protection-perimetrique-des-murs-contre-terre\/","title":{"rendered":"Iglu&rsquo;\u00ae Barrier"},"content":{"rendered":"<p>[vc_row][vc_column width=\u00a0\u00bb1\/4&Prime;][vc_single_image image=\u00a0\u00bb38766&Prime; img_size=\u00a0\u00bblarge\u00a0\u00bb][\/vc_column][vc_column width=\u00a0\u00bb3\/4&Prime;][vc_column_text]<\/p>\n<h5><strong>Ce syst\u00e8me repr\u00e9sente la protection la plus s\u00fbre pour les murs enterr\u00e9s, durable, et accompagnera la construction pendant toute sa dur\u00e9e de vie technique.<\/strong><\/h5>\n<p>[\/vc_column_text][vc_column_text]Les murs contre terre sont expos\u00e9s \u00e0 l&rsquo;humidit\u00e9 due aux ph\u00e9nom\u00e8nes de capillarit\u00e9, \u00e0 laquelle peut s&rsquo;ajouter l&rsquo;\u00e9ventuelle condensation de l&rsquo;air humide, cons\u00e9quence d&rsquo;une isolation thermique inad\u00e9quate. Cette situation peut provoquer la formation de moisissure, d&rsquo;odeurs d\u00e9sagr\u00e9ables et surtout compromettre la durabilit\u00e9 de la structure.<\/p>\n<p>Le choix des mat\u00e9riaux doit donc \u00eatre orient\u00e9 vers les produits qui conservent dans le temps leurs caract\u00e9ristiques d&rsquo;\u00e9tanch\u00e9it\u00e9 \u00e0 l&rsquo;eau et \u00e0 la vapeur d&rsquo;eau, d&rsquo;imputrescibilit\u00e9 et de r\u00e9sistance m\u00e9canique, m\u00eame sous l&rsquo;action des charges dues aux mouvements des v\u00e9hicules de chantier.[\/vc_column_text][\/vc_column][\/vc_row][vc_row][vc_column][vc_column_text]<strong>Iglu&rsquo;\u00ae Barrier est un panneau en<\/strong> <strong>plastique recycl\u00e9<\/strong> cr\u00e9\u00e9 pour prot\u00e9ger la couche d\u2019\u00e9tanch\u00e9it\u00e9 des murs contre terre. Gr\u00e2ce \u00e0 ses caract\u00e9ristiques techniques, il garantit une excellente r\u00e9sistance \u00e0 la compression.<br \/>\nIglu\u2019\u00ae Barrier cr\u00e9e une cavit\u00e9 ventil\u00e9e entre le mur contre terre imperm\u00e9abilis\u00e9 et le remblai, entra\u00eenant l\u2019\u00e9limination du contact entre le sol et l\u2019imperm\u00e9abilisation.[\/vc_column_text][\/vc_column][\/vc_row]<\/p>\n","protected":false},"excerpt":{"rendered":"<p>Iglu&rsquo;\u00ae Barrier prot\u00e8ge les murs contre terre des espaces de vie situ\u00e9s sous le niveau du sol<\/p>\n","protected":false},"author":11,"featured_media":38776,"parent":0,"menu_order":18,"comment_status":"closed","ping_status":"closed","template":"template-product.php","meta":[],"acf":[],"aioseo_notices":[],"_links":{"self":[{"href":"https:\/\/www.daliform.com\/fr\/wp-json\/wp\/v2\/pages\/51341"}],"collection":[{"href":"https:\/\/www.daliform.com\/fr\/wp-json\/wp\/v2\/pages"}],"about":[{"href":"https:\/\/www.daliform.com\/fr\/wp-json\/wp\/v2\/types\/page"}],"author":[{"embeddable":true,"href":"https:\/\/www.daliform.com\/fr\/wp-json\/wp\/v2\/users\/11"}],"replies":[{"embeddable":true,"href":"https:\/\/www.daliform.com\/fr\/wp-json\/wp\/v2\/comments?post=51341"}],"version-history":[{"count":2,"href":"https:\/\/www.daliform.com\/fr\/wp-json\/wp\/v2\/pages\/51341\/revisions"}],"predecessor-version":[{"id":112871,"href":"https:\/\/www.daliform.com\/fr\/wp-json\/wp\/v2\/pages\/51341\/revisions\/112871"}],"wp:featuredmedia":[{"embeddable":true,"href":"https:\/\/www.daliform.com\/fr\/wp-json\/wp\/v2\/media\/38776"}],"wp:attachment":[{"href":"https:\/\/www.daliform.com\/fr\/wp-json\/wp\/v2\/media?parent=51341"}],"curies":[{"name":"wp","href":"https:\/\/api.w.org\/{rel}","templated":true}]}}