{"id":49790,"date":"2016-05-27T15:51:51","date_gmt":"2016-05-27T13:51:51","guid":{"rendered":"https:\/\/www.daliform.com\/sistema-atlantis\/applications-sistema-atlantis\/matelas-anti-racines\/"},"modified":"2021-09-13T14:46:08","modified_gmt":"2021-09-13T12:46:08","slug":"matelas-anti-racines-2","status":"publish","type":"page","link":"https:\/\/www.daliform.com\/fr\/sistema-atlantis-pour-vides-sanitaires-aeres\/applications-sistema-atlantis\/matelas-anti-racines-2\/","title":{"rendered":"Matelas anti-racines"},"content":{"rendered":"<p>[vc_row padding_top=\u00a0\u00bb0&Prime; padding_bottom=\u00a0\u00bb0&Prime;][vc_column]En r\u00e9alisant un matelas d&rsquo;air avec Igl\u00f9\u00ae ou avec le syst\u00e8me Atlantis autour des arbres, sous le pavage de la route, les racines sont emp\u00each\u00e9es de casser ou de briser le trottoir sus-jacent.[\/vc_column][\/vc_row][vc_row][vc_column width=\u00a0\u00bb1\/2&Prime;][vc_masonry_media_grid element_width=\u00a0\u00bb6&Prime; grid_id=\u00a0\u00bbvc_gid:1627986227821-ac8d7061-78bb-8&Prime; include=\u00a0\u00bb37824,37834,37844,37854&Prime;][\/vc_column][vc_column width=\u00a0\u00bb1\/2&Prime;][vc_column_text css=\u00a0\u00bb.vc_custom_1594369666697{margin-bottom: 35px !important;}\u00a0\u00bb]<\/p>\n<h5 style=\"text-align: justify;\">En r\u00e9alisant un matelas d&rsquo;air avec Igl\u00f9<sup><sub>\u00ae<\/sub><\/sup> autour des arbres, sous le pavage de la route, on \u00ab\u00a0trompera\u00a0\u00bb l\u2019arbre ; <strong>les racines, en effet, trouvant la couche d&rsquo;air, tendront naturellement \u00e0 se d\u00e9velopper en horizontale sans casser ou d\u00e9former le pavage.<\/strong><\/h5>\n<p style=\"text-align: justify;\"><strong>L&rsquo;espace vert urbain est un composant d\u00e9sormais indispensable pour am\u00e9liorer la qualit\u00e9 de la vie et offrir des couleurs et de la vivacit\u00e9 aux villes.<\/strong><br \/>\nPresque 200 ans se sont \u00e9coul\u00e9s depuis la th\u00e9orisation des villes jardin et la tendance est de r\u00e9aliser des parcs, des for\u00eats urbaines et des \u201cceintures vertes\u201d. Mais, souvent, l&rsquo;espace vert est simplement ins\u00e9r\u00e9 \u00e0 c\u00f4t\u00e9 de routes, sur les trottoirs ou sur les pistes cyclables. Et il faut r\u00e9guli\u00e8rement effectuer des travaux d&rsquo;entretien car les racines des arbres soul\u00e8vent le pavage pour sortir et retourner ensuite dans le sous-sol pour se d\u00e9velopper en horizontale. <strong>Le syst\u00e8me Atlantis et Igl\u00f9<sup><sub>\u00ae<\/sub><\/sup>, peut \u00e9liminer ce probl\u00e8me.<\/strong><\/p>\n<p>[\/vc_column_text][\/vc_column][\/vc_row][vc_row row_type=\u00a0\u00bbrow_full_center_content\u00a0\u00bb bg_color=\u00a0\u00bb#f2f2f2&Prime;][vc_column][vc_column_text]<\/p>\n<p style=\"text-align: justify;\"><strong>Avantages:<\/strong><br \/>\n\u2022 Il n&rsquo;y a pas de co\u00fbts d&rsquo;entretien du trottoir\/piste cyclable.<br \/>\n\u2022 Plus de \u201csatisfaction\u201d de la part du citoyen qui ne se plaindra pas du pavage d\u00e9form\u00e9.<br \/>\n\u2022 Moins d&rsquo;accidents \u00e0 des personnes \u00e2g\u00e9es ou avec des capacit\u00e9s motrices limit\u00e9es.<br \/>\n\u2022 Nivellement avec grande \u00e9conomie d&rsquo;inertes.<\/p>\n<p>[\/vc_column_text][\/vc_column][\/vc_row][vc_row][vc_column][vc_separator][vc_column_text css=\u00a0\u00bb.vc_custom_1592297006811{margin-bottom: 15px !important;}\u00a0\u00bb]<strong>PRODUITS RECOMMAND\u00c9S:<\/strong>[\/vc_column_text][vc_empty_space height=\u00a0\u00bb10px\u00a0\u00bb][\/vc_column][vc_column][vc_masonry_grid post_type=\u00a0\u00bbids\u00a0\u00bb element_width=\u00a0\u00bb3&Prime; grid_id=\u00a0\u00bbvc_gid:1627986227823-e9c34ef3-a323-7&Prime; include=\u00a0\u00bb1034, 4579&Prime; el_class=\u00a0\u00bbtext-size-p\u00a0\u00bb][\/vc_column][\/vc_row]<\/p>\n","protected":false},"excerpt":{"rendered":"<p>Prot\u00e9ger les racines des arbres et des arbustes le long de la route pour \u00e9viter les d\u00e9formations dangereuses et le levage de l&rsquo;asphalte.<\/p>\n","protected":false},"author":1,"featured_media":57867,"parent":49190,"menu_order":3,"comment_status":"closed","ping_status":"closed","template":"","meta":[],"acf":[],"aioseo_notices":[],"_links":{"self":[{"href":"https:\/\/www.daliform.com\/fr\/wp-json\/wp\/v2\/pages\/49790"}],"collection":[{"href":"https:\/\/www.daliform.com\/fr\/wp-json\/wp\/v2\/pages"}],"about":[{"href":"https:\/\/www.daliform.com\/fr\/wp-json\/wp\/v2\/types\/page"}],"author":[{"embeddable":true,"href":"https:\/\/www.daliform.com\/fr\/wp-json\/wp\/v2\/users\/1"}],"replies":[{"embeddable":true,"href":"https:\/\/www.daliform.com\/fr\/wp-json\/wp\/v2\/comments?post=49790"}],"version-history":[{"count":1,"href":"https:\/\/www.daliform.com\/fr\/wp-json\/wp\/v2\/pages\/49790\/revisions"}],"predecessor-version":[{"id":108876,"href":"https:\/\/www.daliform.com\/fr\/wp-json\/wp\/v2\/pages\/49790\/revisions\/108876"}],"up":[{"embeddable":true,"href":"https:\/\/www.daliform.com\/fr\/wp-json\/wp\/v2\/pages\/49190"}],"wp:featuredmedia":[{"embeddable":true,"href":"https:\/\/www.daliform.com\/fr\/wp-json\/wp\/v2\/media\/57867"}],"wp:attachment":[{"href":"https:\/\/www.daliform.com\/fr\/wp-json\/wp\/v2\/media?parent=49790"}],"curies":[{"name":"wp","href":"https:\/\/api.w.org\/{rel}","templated":true}]}}