{"id":49749,"date":"2016-05-26T15:50:05","date_gmt":"2016-05-26T13:50:05","guid":{"rendered":"https:\/\/www.daliform.com\/sistema-atlantis\/applications-sistema-atlantis\/radier-a-caisson\/"},"modified":"2021-09-13T14:37:32","modified_gmt":"2021-09-13T12:37:32","slug":"radier-a-caisson","status":"publish","type":"page","link":"https:\/\/www.daliform.com\/fr\/sistema-atlantis-pour-vides-sanitaires-aeres\/applications-sistema-atlantis\/radier-a-caisson\/","title":{"rendered":"Radier \u00e0 caisson"},"content":{"rendered":"<p>[vc_row padding_top=\u00a0\u00bb0&Prime; padding_bottom=\u00a0\u00bb0&Prime;][vc_column]\n\t<div class=\"custom-heading wpb_content_element  heading-medium\">\n\t\t<h2 class=\"heading-title\" >Avec le syst\u00e8me Atlantis, il est possible de cr\u00e9er des fondations tr\u00e8s rigides (caisson) \u00e0 faible co\u00fbt.<\/h2>\n\t\t<span class=\"heading-line primary\"><\/span>\n\t<\/div>[\/vc_column][\/vc_row][vc_row][vc_column width=\u00a0\u00bb1\/2&Prime;][vc_single_image image=\u00a0\u00bb37802&Prime; img_size=\u00a0\u00bbfull\u00a0\u00bb][\/vc_column][vc_column width=\u00a0\u00bb1\/2&Prime;][vc_column_text css=\u00a0\u00bb.vc_custom_1594368940386{margin-bottom: 25px !important;}\u00a0\u00bb]<\/p>\n<h5 style=\"text-align: justify;\"><strong>Gr\u00e2ce aux coffrages Igl\u00f9\u00ae ou Atlantis de Daliform Group associ\u00e9s aux panneaux L-Plast ou au Coffrage Mur, il est possible de compl\u00e9ter la structure du radier en deux seules phases<\/strong> : c&rsquo;est-\u00e0-dire en coulant la dalle inf\u00e9rieure sur laquelle on pose les produits Daliform Group et puis, en coulant les poutres et la dalle de compression en une unique solution.<br \/>\nDe cette mani\u00e8re, on peut r\u00e9aliser des fondations de tr\u00e8s grande rigidit\u00e9 \u00e0 des co\u00fbts contenus.<\/h5>\n<p style=\"text-align: justify;\">La fonction principale des structures de fondation, comme celle qui est propos\u00e9e par le <span class=\"s1\">Syst\u00e8me Atlantis<\/span> est de <span class=\"s1\">distribuer sur le terrain les charges<\/span> provenant des pieux, des cloisons, des murs et, en m\u00eame temps, d&rsquo;ancrer l&rsquo;\u00e9difice au terrain, en assurant sa stabilit\u00e9. Dans certains cas, toujours en utilisant le <span class=\"s1\">Syst\u00e8me Atlantis<\/span>, on peut <span class=\"s1\">\u00e9liminer les pieux de fondation<\/span> qui seraient n\u00e9cessaires avec d&rsquo;autres solutions de construction.<\/p>\n<p>[\/vc_column_text][\/vc_column][vc_column][vc_empty_space height=\u00a0\u00bb20px\u00a0\u00bb][vc_column_text css=\u00a0\u00bb.vc_custom_1594368933242{margin-bottom: 25px !important;}\u00a0\u00bb]<\/p>\n<p style=\"text-align: justify;\">Les structures de fondation ont l&rsquo;objectif de minimiser les d\u00e9formations diff\u00e9r\u00e9es, dues \u00e0 des inhomog\u00e9n\u00e9it\u00e9s du terrain ou \u00e0 des dissym\u00e9tries dans les charges, pour assurer la stabilit\u00e9 de l&rsquo;\u00e9difice. Ces derni\u00e8res repr\u00e9sentent en effet le v\u00e9ritable danger pour l&rsquo;int\u00e9grit\u00e9 de la fondation et de la structure sus-jacente. Une fois que l&rsquo;on a d\u00e9termin\u00e9, en fonction des caract\u00e9ristiques de l&rsquo;\u00e9difice et du terrain, le type de fondation qui se pr\u00eate le mieux \u00e0 r\u00e9partir les charges dans le terrain, le probl\u00e8me se transforme de technique \u00e0 \u00e9conomique, c&rsquo;est-\u00e0-dire qu&rsquo;il s&rsquo;agit de d\u00e9terminer le syst\u00e8me le plus \u00e9conomique pour r\u00e9aliser la solution choisie.<br \/>\nUne solution \u00e0 ce probl\u00e8me, sans devoir changer le type de structure, est celle de r\u00e9aliser un radier \u00e0 caisson. Nous obtiendrons une structure alv\u00e9olaire constitu\u00e9e de deux dalles planes, reli\u00e9es par des poutres orthogonales entre elles : dalles inf\u00e9rieures et sup\u00e9rieures de 15-20 cm d&rsquo;\u00e9paisseur avec des poutres de 70\u2013120 cm de hauteur, plac\u00e9es \u00e0 des entraxes variables selon les exigences statiques. Gr\u00e2ce aux coffrages <span class=\"s1\">Igl\u00f9<sup>\u00ae<\/sup><\/span> ou <span class=\"s1\">Atlantis<\/span> de Daliform Group associ\u00e9s aux panneaux <span class=\"s1\">L-Plast<\/span> ou au<span class=\"s1\"> Coffrage Mur,<\/span> il est possible de compl\u00e9ter la structure du radier en deux seules phases : c&rsquo;est-\u00e0-dire en coulant la dalle inf\u00e9rieure sur laquelle on pose les produits Daliform Group et puis, en coulant les poutres et la dalle de compression en une unique solution. De cette mani\u00e8re, on peut r\u00e9aliser des fondations de tr\u00e8s grande rigidit\u00e9 \u00e0 des co\u00fbts contenus.<\/p>\n<p>[\/vc_column_text][\/vc_column][\/vc_row][vc_row][vc_column][vc_separator][vc_column_text css=\u00a0\u00bb.vc_custom_1592297006811{margin-bottom: 15px !important;}\u00a0\u00bb]<strong>PRODUITS SUGG\u00c9R\u00c9S:<\/strong>[\/vc_column_text][vc_empty_space height=\u00a0\u00bb10px\u00a0\u00bb][\/vc_column][vc_column][vc_masonry_grid post_type=\u00a0\u00bbids\u00a0\u00bb element_width=\u00a0\u00bb3&Prime; grid_id=\u00a0\u00bbvc_gid:1627985728897-b0e7b1fa-8089-6&Prime; include=\u00a0\u00bb1034, 4579&Prime; el_class=\u00a0\u00bbtext-size-p\u00a0\u00bb][\/vc_column][\/vc_row]<\/p>\n","protected":false},"excerpt":{"rendered":"<p>Gr\u00e2ce aux coffrages Iglu&rsquo;\u00ae ou Atlantis associ\u00e9s aux L-Plast ou au Coffrage Mur, il est possible de compl\u00e9ter la structure du radier en deux seules phases.<\/p>\n","protected":false},"author":1,"featured_media":57856,"parent":49190,"menu_order":2,"comment_status":"closed","ping_status":"closed","template":"","meta":[],"acf":[],"aioseo_notices":[],"_links":{"self":[{"href":"https:\/\/www.daliform.com\/fr\/wp-json\/wp\/v2\/pages\/49749"}],"collection":[{"href":"https:\/\/www.daliform.com\/fr\/wp-json\/wp\/v2\/pages"}],"about":[{"href":"https:\/\/www.daliform.com\/fr\/wp-json\/wp\/v2\/types\/page"}],"author":[{"embeddable":true,"href":"https:\/\/www.daliform.com\/fr\/wp-json\/wp\/v2\/users\/1"}],"replies":[{"embeddable":true,"href":"https:\/\/www.daliform.com\/fr\/wp-json\/wp\/v2\/comments?post=49749"}],"version-history":[{"count":1,"href":"https:\/\/www.daliform.com\/fr\/wp-json\/wp\/v2\/pages\/49749\/revisions"}],"predecessor-version":[{"id":108875,"href":"https:\/\/www.daliform.com\/fr\/wp-json\/wp\/v2\/pages\/49749\/revisions\/108875"}],"up":[{"embeddable":true,"href":"https:\/\/www.daliform.com\/fr\/wp-json\/wp\/v2\/pages\/49190"}],"wp:featuredmedia":[{"embeddable":true,"href":"https:\/\/www.daliform.com\/fr\/wp-json\/wp\/v2\/media\/57856"}],"wp:attachment":[{"href":"https:\/\/www.daliform.com\/fr\/wp-json\/wp\/v2\/media?parent=49749"}],"curies":[{"name":"wp","href":"https:\/\/api.w.org\/{rel}","templated":true}]}}