{"id":49444,"date":"2016-05-26T15:51:46","date_gmt":"2016-05-26T13:51:46","guid":{"rendered":"https:\/\/www.daliform.com\/sistema-atlantis\/applications-sistema-atlantis\/fondations-profondes-a-plusieurs-niveaux\/"},"modified":"2021-09-13T14:23:31","modified_gmt":"2021-09-13T12:23:31","slug":"fondations-profondes-a-plusieurs-niveaux","status":"publish","type":"page","link":"https:\/\/www.daliform.com\/fr\/sistema-atlantis-pour-vides-sanitaires-aeres\/applications-sistema-atlantis\/fondations-profondes-a-plusieurs-niveaux\/","title":{"rendered":"Fondations profondes \u00e0 plusieurs niveaux"},"content":{"rendered":"<p>[vc_row padding_top=\u00a0\u00bb0&Prime; padding_bottom=\u00a0\u00bb0&Prime;][vc_column]\n\t<div class=\"custom-heading wpb_content_element  heading-medium\">\n\t\t<h2 class=\"heading-title\" >Avec le Syst\u00e8me Atlantis sera possible de r\u00e9aliser facilement, en \u00e9conomie et rapidit\u00e9, des structures qui demandent des hauteurs variables comme dalles, rampes en pente et dalles multi-niveau.<\/h2>\n\t\t<span class=\"heading-line primary\"><\/span>\n\t<\/div>[\/vc_column][\/vc_row][vc_row][vc_column width=\u00a0\u00bb1\/2&Prime;][vc_single_image image=\u00a0\u00bb37780&Prime; img_size=\u00a0\u00bbfull\u00a0\u00bb][\/vc_column][vc_column width=\u00a0\u00bb1\/2&Prime;][vc_column_text css=\u00a0\u00bb.vc_custom_1594212135729{margin-bottom: 25px !important;}\u00a0\u00bb]<\/p>\n<h5 style=\"text-align: justify;\">Le Syst\u00e8me Atlantis permet de r\u00e9gler au centim\u00e8tre la hauteur des tubes \u00e9l\u00e9vateurs, qui peuvent \u00eatre fournis sur le chantier en diff\u00e9rentes mesures. De cette mani\u00e8re, il sera possible de r\u00e9aliser facilement, en \u00e9conomie et rapidit\u00e9, des structures qui demandent des hauteurs variables comme dalles, rampes en pente et dalles multi-niveau.<\/h5>\n<p style=\"text-align: justify;\">Habituellement, on r\u00e9alise des dalles \u00e0 la m\u00eame cote \u00e0 partir de trav\u00e9es de fondation \u00e0 des niveaux diff\u00e9rents (un exemple classique est repr\u00e9sent\u00e9 par les poutres en \u201cT renvers\u00e9\u201d ou fondations \u00e0 massifs isol\u00e9s), le Syst\u00e8me Atlantis permet de r\u00e9aliser ces structures simplement et sans devoir interrompre la pose r\u00e9guli\u00e8re des coffrages. Le syst\u00e8me d\u00e9crit, s&rsquo;il est combin\u00e9 \u00e0 l&rsquo;accessoire coffrage Mur, r\u00e9duit encore les temps de r\u00e9alisation.<\/p>\n<p>[\/vc_column_text][\/vc_column][\/vc_row][vc_row][vc_column][vc_separator][vc_column_text css=\u00a0\u00bb.vc_custom_1592297006811{margin-bottom: 15px !important;}\u00a0\u00bb]<strong>PRODUITS RECOMMAND\u00c9S:<\/strong>[\/vc_column_text][vc_empty_space height=\u00a0\u00bb10px\u00a0\u00bb][\/vc_column][vc_column][vc_masonry_grid post_type=\u00a0\u00bbids\u00a0\u00bb element_width=\u00a0\u00bb3&Prime; grid_id=\u00a0\u00bbvc_gid:1627985330000-7894ba51-ea60-5&Prime; include=\u00a0\u00bb1034, 4579&Prime; el_class=\u00a0\u00bbtext-size-p\u00a0\u00bb][\/vc_column][\/vc_row]<\/p>\n","protected":false},"excerpt":{"rendered":"<p>R\u00e9aliser facilement, en \u00e9conomie et rapidit\u00e9, des structures qui demandent des hauteurs variables comme dalles, rampes en pente et dalles multi-niveau. <\/p>\n","protected":false},"author":1,"featured_media":57845,"parent":49190,"menu_order":1,"comment_status":"closed","ping_status":"closed","template":"","meta":[],"acf":[],"aioseo_notices":[],"_links":{"self":[{"href":"https:\/\/www.daliform.com\/fr\/wp-json\/wp\/v2\/pages\/49444"}],"collection":[{"href":"https:\/\/www.daliform.com\/fr\/wp-json\/wp\/v2\/pages"}],"about":[{"href":"https:\/\/www.daliform.com\/fr\/wp-json\/wp\/v2\/types\/page"}],"author":[{"embeddable":true,"href":"https:\/\/www.daliform.com\/fr\/wp-json\/wp\/v2\/users\/1"}],"replies":[{"embeddable":true,"href":"https:\/\/www.daliform.com\/fr\/wp-json\/wp\/v2\/comments?post=49444"}],"version-history":[{"count":1,"href":"https:\/\/www.daliform.com\/fr\/wp-json\/wp\/v2\/pages\/49444\/revisions"}],"predecessor-version":[{"id":108874,"href":"https:\/\/www.daliform.com\/fr\/wp-json\/wp\/v2\/pages\/49444\/revisions\/108874"}],"up":[{"embeddable":true,"href":"https:\/\/www.daliform.com\/fr\/wp-json\/wp\/v2\/pages\/49190"}],"wp:featuredmedia":[{"embeddable":true,"href":"https:\/\/www.daliform.com\/fr\/wp-json\/wp\/v2\/media\/57845"}],"wp:attachment":[{"href":"https:\/\/www.daliform.com\/fr\/wp-json\/wp\/v2\/media?parent=49444"}],"curies":[{"name":"wp","href":"https:\/\/api.w.org\/{rel}","templated":true}]}}