{"id":49250,"date":"2016-04-13T16:53:49","date_gmt":"2016-04-13T14:53:49","guid":{"rendered":"https:\/\/www.daliform.com\/sistema-atlantis\/applications-sistema-atlantis\/rampes-dacces-carrossables\/"},"modified":"2021-09-13T11:58:33","modified_gmt":"2021-09-13T09:58:33","slug":"rampes-acces-carrossables","status":"publish","type":"page","link":"https:\/\/www.daliform.com\/fr\/sistema-atlantis-pour-vides-sanitaires-aeres\/applications-sistema-atlantis\/rampes-acces-carrossables\/","title":{"rendered":"Rampes d\u2019acc\u00e8s carrossables"},"content":{"rendered":"<p>[vc_row padding_top=\u00a0\u00bb0&Prime; padding_bottom=\u00a0\u00bb0&Prime;][vc_column]\n\t<div class=\"custom-heading wpb_content_element  heading-medium\">\n\t\t<h2 class=\"heading-title\" >Le Syst\u00e8me Atlantis permet de r\u00e9gler au centim\u00e8tre la hauteur des tubes \u00e9l\u00e9vateurs, qui peuvent \u00eatre fournis sur le chantier en diff\u00e9rentes mesures. De cette mani\u00e8re, il sera possible de r\u00e9aliser facilement, en \u00e9conomie et rapidit\u00e9, des structures qui demandent des hauteurs variables comme dalles, rampes en pente et dalles multi-niveau.<\/h2>\n\t\t<span class=\"heading-line primary\"><\/span>\n\t<\/div>[\/vc_column][\/vc_row][vc_row][vc_column width=\u00a0\u00bb1\/2&Prime;][vc_masonry_media_grid grid_id=\u00a0\u00bbvc_gid:1627984732730-6ac9d718-f27c-0&Prime; include=\u00a0\u00bb37666,37676,37686,37696,37706,37716,37726,37736,37656&Prime;][\/vc_column][vc_column width=\u00a0\u00bb1\/2&Prime;][vc_column_text]<\/p>\n<h5 style=\"text-align: justify;\"><strong>Le Syst\u00e8me Atlantis permet de r\u00e9aliser, de mani\u00e8re rapide et avec une remarquable \u00e9conomie de mat\u00e9riaux, des rampes d\u2019acc\u00e8s carrossables, terrasses, planchers l\u00e9g\u00e8rement inclin\u00e9s pour th\u00e9\u00e2tres et cin\u00e9mas ou pour \u00e9galisation altitudes.<\/strong><\/h5>\n<p style=\"text-align: justify;\">En effet, au lieu d&rsquo;utiliser des mat\u00e9riaux comme le sable, le gravier ou le b\u00e9ton arm\u00e9, on peut r\u00e9aliser une fondation pour la rampe ayant la m\u00eame cote que la structure adjacente (parking) et r\u00e9aliser un vide ayant une dalle carrossable inclin\u00e9e \u00e0 l&rsquo;extrados. <strong>Le Syst\u00e8me Atlantis permet aussi des rampes courbes.<\/strong><\/p>\n<p>Les techniciens Daliform Group sont \u00e0 votre disposition pour vous assister dans la conception de votre vide sanitaire, en fournissant sur demande des \u00e9tudes personnalis\u00e9es avec des relations de calcul et des dessins d&rsquo;ex\u00e9cution.[\/vc_column_text][\/vc_column][\/vc_row][vc_row][vc_column][vc_separator][vc_column_text css=\u00a0\u00bb.vc_custom_1592297006811{margin-bottom: 15px !important;}\u00a0\u00bb]<strong>PRODUITS SUGG\u00c9RES:<\/strong>[\/vc_column_text][vc_empty_space height=\u00a0\u00bb10px\u00a0\u00bb][\/vc_column][vc_column][vc_masonry_grid post_type=\u00a0\u00bbids\u00a0\u00bb show_filter=\u00a0\u00bbyes\u00a0\u00bb element_width=\u00a0\u00bb3&Prime; grid_id=\u00a0\u00bbvc_gid:1627984732732-84822b3c-6b3a-4&Prime; include=\u00a0\u00bb1034, 4579&Prime; el_class=\u00a0\u00bbtext-size-p\u00a0\u00bb filter_source=\u00a0\u00bbcategory\u00a0\u00bb][\/vc_column][\/vc_row]<\/p>\n","protected":false},"excerpt":{"rendered":"<p>Syst\u00e8mes pour r\u00e9aliser rampes d\u2019acc\u00e8s carrossables, terrasses, planchers l\u00e9g\u00e8rement inclin\u00e9s pour th\u00e9\u00e2tres et cin\u00e9mas ou pour \u00e9galisation altitudes.<\/p>\n","protected":false},"author":1,"featured_media":57829,"parent":49190,"menu_order":0,"comment_status":"closed","ping_status":"closed","template":"","meta":[],"acf":[],"aioseo_notices":[],"_links":{"self":[{"href":"https:\/\/www.daliform.com\/fr\/wp-json\/wp\/v2\/pages\/49250"}],"collection":[{"href":"https:\/\/www.daliform.com\/fr\/wp-json\/wp\/v2\/pages"}],"about":[{"href":"https:\/\/www.daliform.com\/fr\/wp-json\/wp\/v2\/types\/page"}],"author":[{"embeddable":true,"href":"https:\/\/www.daliform.com\/fr\/wp-json\/wp\/v2\/users\/1"}],"replies":[{"embeddable":true,"href":"https:\/\/www.daliform.com\/fr\/wp-json\/wp\/v2\/comments?post=49250"}],"version-history":[{"count":1,"href":"https:\/\/www.daliform.com\/fr\/wp-json\/wp\/v2\/pages\/49250\/revisions"}],"predecessor-version":[{"id":108873,"href":"https:\/\/www.daliform.com\/fr\/wp-json\/wp\/v2\/pages\/49250\/revisions\/108873"}],"up":[{"embeddable":true,"href":"https:\/\/www.daliform.com\/fr\/wp-json\/wp\/v2\/pages\/49190"}],"wp:featuredmedia":[{"embeddable":true,"href":"https:\/\/www.daliform.com\/fr\/wp-json\/wp\/v2\/media\/57829"}],"wp:attachment":[{"href":"https:\/\/www.daliform.com\/fr\/wp-json\/wp\/v2\/media?parent=49250"}],"curies":[{"name":"wp","href":"https:\/\/api.w.org\/{rel}","templated":true}]}}