{"id":48974,"date":"2016-05-19T14:54:53","date_gmt":"2016-05-19T12:54:53","guid":{"rendered":"https:\/\/www.daliform.com\/sistema-atlantis\/"},"modified":"2024-07-30T10:56:36","modified_gmt":"2024-07-30T08:56:36","slug":"sistema-atlantis-pour-vides-sanitaires-aeres","status":"publish","type":"page","link":"https:\/\/www.daliform.com\/fr\/sistema-atlantis-pour-vides-sanitaires-aeres\/","title":{"rendered":"Sistema Atlantis"},"content":{"rendered":"<p>[vc_row][vc_column width=\u00a0\u00bb1\/4&Prime;][vc_single_image image=\u00a0\u00bb37599&Prime; img_size=\u00a0\u00bblarge\u00a0\u00bb][\/vc_column][vc_column width=\u00a0\u00bb3\/4&Prime;][vc_column_text]<\/p>\n<p style=\"text-align: justify;\"><strong>Atlantis est le syst\u00e8me avanc\u00e9<\/strong> pour la cr\u00e9ation d&rsquo;interstices en g\u00e9n\u00e9ral, de vides sanitaires et de planchers a\u00e9r\u00e9s, dans la construction et la renovation d&rsquo;\u00e9difices civils et industriels, de bassins de r\u00e9tention, de bassins de dispersion, de radiers alv\u00e9olaires, de chambres froides \u00e0 basse temp\u00e9rature.<\/p>\n<p>Le <strong>Syst\u00e8me Atlantis<\/strong> est utilis\u00e9 quand la profondeur du vide sanitaire ou de l&rsquo;interstice est telle qu&rsquo;elle ne permet pas l&rsquo;utilisation des classiques coffrages Igl\u00f9<sup>\u00ae<\/sup>, avec l&rsquo;avantage que le diam\u00e8tre constant des tubes \u00e9l\u00e9vateurs permet de minimiser les consommations de b\u00e9ton arm\u00e9 pour le remplissage. <strong>Rapidit\u00e9,<\/strong> <strong>simplicit\u00e9<\/strong> et <strong>rentabilit\u00e9<\/strong> sont les principales caract\u00e9ristiques de ce syst\u00e8me en <strong>plastique recycl\u00e9<\/strong>.<\/p>\n<p style=\"text-align: justify;\">Avec <strong>Atlantis<\/strong>, en outre, on obtient un vide sanitaire avec une barri\u00e8re de vapeur appropri\u00e9 pour le plancher et, s&rsquo;il est a\u00e9r\u00e9 de mani\u00e8re opportune par des tuyaux reli\u00e9s \u00e0 l&rsquo;ext\u00e9rieur, un v\u00e9hicule pour l&rsquo;\u00e9limination du gaz Radon pr\u00e9sent dans le terrain.<\/p>\n<p>[\/vc_column_text][\/vc_column][\/vc_row]<\/p>\n","protected":false},"excerpt":{"rendered":"<p>Syst\u00e8me de coffrage Atlantis pour cr\u00e9er des vides sanitaires a\u00e9r\u00e9s sur\u00e9lev\u00e9es en b\u00e9ton avec de l&rsquo;espace en dessous pour all\u00e9ger les structures, compenser les hauteurs de plancher et d&rsquo;autres applications.<\/p>\n","protected":false},"author":1,"featured_media":37609,"parent":0,"menu_order":17,"comment_status":"closed","ping_status":"closed","template":"template-product.php","meta":[],"acf":[],"aioseo_notices":[],"_links":{"self":[{"href":"https:\/\/www.daliform.com\/fr\/wp-json\/wp\/v2\/pages\/48974"}],"collection":[{"href":"https:\/\/www.daliform.com\/fr\/wp-json\/wp\/v2\/pages"}],"about":[{"href":"https:\/\/www.daliform.com\/fr\/wp-json\/wp\/v2\/types\/page"}],"author":[{"embeddable":true,"href":"https:\/\/www.daliform.com\/fr\/wp-json\/wp\/v2\/users\/1"}],"replies":[{"embeddable":true,"href":"https:\/\/www.daliform.com\/fr\/wp-json\/wp\/v2\/comments?post=48974"}],"version-history":[{"count":2,"href":"https:\/\/www.daliform.com\/fr\/wp-json\/wp\/v2\/pages\/48974\/revisions"}],"predecessor-version":[{"id":112868,"href":"https:\/\/www.daliform.com\/fr\/wp-json\/wp\/v2\/pages\/48974\/revisions\/112868"}],"wp:featuredmedia":[{"embeddable":true,"href":"https:\/\/www.daliform.com\/fr\/wp-json\/wp\/v2\/media\/37609"}],"wp:attachment":[{"href":"https:\/\/www.daliform.com\/fr\/wp-json\/wp\/v2\/media?parent=48974"}],"curies":[{"name":"wp","href":"https:\/\/api.w.org\/{rel}","templated":true}]}}