{"id":48607,"date":"2020-10-23T11:07:59","date_gmt":"2020-10-23T09:07:59","guid":{"rendered":"https:\/\/www.daliform.com\/iglu-smart\/"},"modified":"2024-07-29T12:28:30","modified_gmt":"2024-07-29T10:28:30","slug":"iglu-smart-vides-sanitaires-aeres","status":"publish","type":"page","link":"https:\/\/www.daliform.com\/fr\/iglu-smart-vides-sanitaires-aeres\/","title":{"rendered":"Iglu&rsquo;\u00ae Smart"},"content":{"rendered":"<p>[vc_row][vc_column width=\u00a0\u00bb1\/4&Prime;][vc_single_image image=\u00a0\u00bb36747&Prime; img_size=\u00a0\u00bblarge\u00a0\u00bb][\/vc_column][vc_column width=\u00a0\u00bb3\/4&Prime;][vc_column_text]<\/p>\n<h5><strong>IGLU&rsquo;\u00ae SMART EST UN COFFRAGE UNIDIRECTIONNEL INNOVANT EN PLASTIQUE RECYCL\u00c9 QUI PEUT \u00caTRE AJUST\u00c9 HORIZONTALEMENT ET VERTICALEMENT POUR CR\u00c9ER DES MATELAS D&rsquo;AIR (CAVIT\u00c9S VENTIL\u00c9ES) AVEC UNE FLEXIBILIT\u00c9 ENCORE PLUS GRANDE QU&rsquo;UN COFFRAGE NORMAL.<\/strong><\/h5>\n<p><strong>Iglu\u2019\u00ae Smart<\/strong>, gr\u00e2ce \u00e0 sa conformation unique et innovante et au syst\u00e8me particulier d&rsquo;encastrement \u00e0 encoches r\u00e9glables dans ses deux appendices, horizontal et vertical, permet d&rsquo;ajuster facilement la dimension en plan du coffrage dans les deux directions, mutuellement orthogonales, horizontale et verticale.[\/vc_column_text][\/vc_column][vc_column][vc_empty_space height=\u00a0\u00bb20px\u00a0\u00bb][vc_column_text]Par exemple,<strong> l&rsquo;utilisation d&rsquo;Igl\u00f9<sup>\u00ae<\/sup> Smart permet d&rsquo;obtenir, outre les dimensions indiqu\u00e9es ci-dessous 50&#215;50 cm &#8211; 52,5&#215;52,5 cm, &#8211; 55&#215;55 cm, des dimensions non standard telles que 55&#215;52,5 cm, 52,5&#215;50 cm, 50&#215;55 cm, 50&#215;52,5 cm, simplement en r\u00e9glant la position du chevauchement entre les coffrages, c&rsquo;est-\u00e0-dire en d\u00e9pla\u00e7ant le coffrage \u00e0 l&rsquo;aide des encoches pr\u00e9d\u00e9finies.<\/strong><\/p>\n<p><strong>Iglu\u2019\u00ae Smart<\/strong> est id\u00e9al pour recouvrir des surfaces de grandes dimensions, dans des d\u00e9lais consid\u00e9rablement plus courts par rapport aux coffrages normaux sans accessoires suppl\u00e9mentaires, comme des syst\u00e8mes de rallonges.[\/vc_column_text][\/vc_column][\/vc_row]<\/p>\n","protected":false},"excerpt":{"rendered":"<p>Iglu\u2019\u00ae Smart est un coffrage jetable innovant, r\u00e9glable en plan horizontal et vertical, qui permet de cr\u00e9er des matelas d&rsquo;air (cavit\u00e9s ventil\u00e9es).<\/p>\n","protected":false},"author":1,"featured_media":36757,"parent":0,"menu_order":16,"comment_status":"closed","ping_status":"closed","template":"template-product.php","meta":[],"acf":[],"aioseo_notices":[],"_links":{"self":[{"href":"https:\/\/www.daliform.com\/fr\/wp-json\/wp\/v2\/pages\/48607"}],"collection":[{"href":"https:\/\/www.daliform.com\/fr\/wp-json\/wp\/v2\/pages"}],"about":[{"href":"https:\/\/www.daliform.com\/fr\/wp-json\/wp\/v2\/types\/page"}],"author":[{"embeddable":true,"href":"https:\/\/www.daliform.com\/fr\/wp-json\/wp\/v2\/users\/1"}],"replies":[{"embeddable":true,"href":"https:\/\/www.daliform.com\/fr\/wp-json\/wp\/v2\/comments?post=48607"}],"version-history":[{"count":2,"href":"https:\/\/www.daliform.com\/fr\/wp-json\/wp\/v2\/pages\/48607\/revisions"}],"predecessor-version":[{"id":112856,"href":"https:\/\/www.daliform.com\/fr\/wp-json\/wp\/v2\/pages\/48607\/revisions\/112856"}],"wp:featuredmedia":[{"embeddable":true,"href":"https:\/\/www.daliform.com\/fr\/wp-json\/wp\/v2\/media\/36757"}],"wp:attachment":[{"href":"https:\/\/www.daliform.com\/fr\/wp-json\/wp\/v2\/media?parent=48607"}],"curies":[{"name":"wp","href":"https:\/\/api.w.org\/{rel}","templated":true}]}}