{"id":44812,"date":"2016-03-07T10:57:30","date_gmt":"2016-03-07T09:57:30","guid":{"rendered":"https:\/\/www.daliform.com\/iglu\/applications-iglu\/isolation-sonore\/"},"modified":"2022-03-02T09:43:03","modified_gmt":"2022-03-02T08:43:03","slug":"iglu-isolation-sonore","status":"publish","type":"page","link":"https:\/\/www.daliform.com\/fr\/iglu-vides-sanitaires-aeres\/iglu-applications\/iglu-isolation-sonore\/","title":{"rendered":"Isolation sonore"},"content":{"rendered":"<p>[vc_row padding_top=\u00a0\u00bb0&Prime; padding_bottom=\u00a0\u00bb0&Prime;][vc_column]\n\t<div class=\"custom-heading wpb_content_element  heading-medium\">\n\t\t<h2 class=\"heading-title\" >A l'aide de Igl\u00f9\u00ae on r\u00e9alise ce m\u00e9canisme de contr\u00f4le du bruit qui permet d'augmenter le niveau de confort \u00e0 l'int\u00e9rieur des habitations.<\/h2>\n\t\t<span class=\"heading-line primary\"><\/span>\n\t<\/div>[\/vc_column][\/vc_row][vc_row][vc_column width=\u00a0\u00bb1\/2&Prime;][vc_single_image image=\u00a0\u00bb35316&Prime; img_size=\u00a0\u00bbfull\u00a0\u00bb][\/vc_column][vc_column width=\u00a0\u00bb1\/2&Prime;][vc_column_text css=\u00a0\u00bb.vc_custom_1464359033054{margin-bottom: 35px !important;}\u00a0\u00bb]<\/p>\n<p style=\"text-align: justify;\">A l&rsquo;aide de <strong>Igl\u00f9<sup><sub>\u00ae<\/sub><\/sup> H 4-8-12 cm<\/strong>, \u00e0 interposer entre la chape et la structure du plancher, on r\u00e9alise ce m\u00e9canisme de contr\u00f4le du bruit qui permet d&rsquo;augmenter le niveau de confort \u00e0 l&rsquo;int\u00e9rieur des habitations, avec l&rsquo;avantage ult\u00e9rieur que l&rsquo;interstice qui se cr\u00e9e ainsi, permet le passage de c\u00e2bles et de tuyaux et, en outre, c&rsquo;est la solution la plus l\u00e9g\u00e8re par rapport \u00e0 la chape classique. Associ\u00e9 \u00e0 des syst\u00e8mes appropri\u00e9s d&rsquo;isolation sonore, <strong>Igl\u00f9<sup><sub>\u00ae<\/sub><\/sup><\/strong> contribue \u00e0 atteindre les valeurs fix\u00e9es par les normes en th\u00e8me de bruit.<\/p>\n<p style=\"text-align: justify;\">La Loi sur la pollution sonore n\u00b0447 du 26\/10\/95 \u00e9tablit les principes fondamentaux en mati\u00e8re de protection de l&rsquo;environnement et de l&rsquo;habitation contre la pollution sonore.<\/p>\n<p>[\/vc_column_text][\/vc_column][vc_column][vc_empty_space][vc_column_text]<\/p>\n<p style=\"text-align: justify;\">On l&rsquo;effectue en r\u00e9alisant des structures horizontales de masse appropri\u00e9e et en interposant entre plancher et chape des couches de mat\u00e9riau en mesure d&rsquo;amortir les vibrations dues aux bruits d&rsquo;impact. Selon l&rsquo;usage de l&rsquo;\u00e9difice, la loi fixe diff\u00e9rents param\u00e8tres d&rsquo;isolation sonore.<\/p>\n<p><span lang=\"fr\">La loi-cadre n \u00b0 447 du 26\/10\/95 sur les nuisances sonores \u00e9tablit les principes fondamentaux de la protection de l&rsquo;environnement ext\u00e9rieur et du cadre de vie contre les nuisances sonores.<\/span>[\/vc_column_text][\/vc_column][\/vc_row][vc_row][vc_column][vc_separator][vc_column_text css=\u00a0\u00bb.vc_custom_1592297006811{margin-bottom: 15px !important;}\u00a0\u00bb]<strong>PRODUITS SUGG\u00c9RES:<\/strong>[\/vc_column_text][vc_empty_space height=\u00a0\u00bb10px\u00a0\u00bb][\/vc_column][vc_column][vc_masonry_grid post_type=\u00a0\u00bbids\u00a0\u00bb element_width=\u00a0\u00bb3&Prime; grid_id=\u00a0\u00bbvc_gid:1627394260378-22dc8f36-66bd-0&Prime; include=\u00a0\u00bb1034&Prime; el_class=\u00a0\u00bbtext-size-p\u00a0\u00bb][\/vc_column][\/vc_row]<\/p>\n","protected":false},"excerpt":{"rendered":"<p>Associ\u00e9 \u00e0 des syst\u00e8mes appropri\u00e9s d&rsquo;isolation sonore, Igl\u00f9\u00ae contribue \u00e0 atteindre les valeurs fix\u00e9es par les normes en th\u00e8me de bruit.<\/p>\n","protected":false},"author":1,"featured_media":57923,"parent":42521,"menu_order":4,"comment_status":"closed","ping_status":"closed","template":"","meta":[],"acf":[],"aioseo_notices":[],"_links":{"self":[{"href":"https:\/\/www.daliform.com\/fr\/wp-json\/wp\/v2\/pages\/44812"}],"collection":[{"href":"https:\/\/www.daliform.com\/fr\/wp-json\/wp\/v2\/pages"}],"about":[{"href":"https:\/\/www.daliform.com\/fr\/wp-json\/wp\/v2\/types\/page"}],"author":[{"embeddable":true,"href":"https:\/\/www.daliform.com\/fr\/wp-json\/wp\/v2\/users\/1"}],"replies":[{"embeddable":true,"href":"https:\/\/www.daliform.com\/fr\/wp-json\/wp\/v2\/comments?post=44812"}],"version-history":[{"count":1,"href":"https:\/\/www.daliform.com\/fr\/wp-json\/wp\/v2\/pages\/44812\/revisions"}],"predecessor-version":[{"id":108856,"href":"https:\/\/www.daliform.com\/fr\/wp-json\/wp\/v2\/pages\/44812\/revisions\/108856"}],"up":[{"embeddable":true,"href":"https:\/\/www.daliform.com\/fr\/wp-json\/wp\/v2\/pages\/42521"}],"wp:featuredmedia":[{"embeddable":true,"href":"https:\/\/www.daliform.com\/fr\/wp-json\/wp\/v2\/media\/57923"}],"wp:attachment":[{"href":"https:\/\/www.daliform.com\/fr\/wp-json\/wp\/v2\/media?parent=44812"}],"curies":[{"name":"wp","href":"https:\/\/api.w.org\/{rel}","templated":true}]}}