{"id":44684,"date":"2016-03-07T10:39:03","date_gmt":"2016-03-07T09:39:03","guid":{"rendered":"https:\/\/www.daliform.com\/iglu\/applications-iglu\/traitement-des-argiles-gonflantes\/"},"modified":"2022-03-02T09:41:14","modified_gmt":"2022-03-02T08:41:14","slug":"iglu-traitement-des-argiles-gonflantes","status":"publish","type":"page","link":"https:\/\/www.daliform.com\/fr\/iglu-vides-sanitaires-aeres\/iglu-applications\/iglu-traitement-des-argiles-gonflantes\/","title":{"rendered":"Traitement des argiles gonflantes"},"content":{"rendered":"<p>[vc_row padding_top=\u00a0\u00bb0&Prime; padding_bottom=\u00a0\u00bb0&Prime;][vc_column]\n\t<div class=\"custom-heading wpb_content_element  heading-medium\">\n\t\t<h2 class=\"heading-title\" >L'utilise du Coffrargile permette de seconder les gonflements et les retraits de l\u2019aire de fondation dus aux caract\u00e9ristiques m\u00e9caniques particuli\u00e8res des terrains argileux.<\/h2>\n\t\t<span class=\"heading-line primary\"><\/span>\n\t<\/div>[\/vc_column][\/vc_row][vc_row][vc_column width=\u00a0\u00bb1\/2&Prime;][vc_single_image image=\u00a0\u00bb35204&Prime; img_size=\u00a0\u00bbfull\u00a0\u00bb alignment=\u00a0\u00bbcenter\u00a0\u00bb css=\u00a0\u00bb.vc_custom_1627393202750{margin-left: -20px !important;}\u00a0\u00bb][\/vc_column][vc_column width=\u00a0\u00bb1\/2&Prime;][vc_column_text]Coffrargile doit \u00eatre utilis\u00e9 avec Beton Up, un accessoire qui emp\u00eache au b\u00e9ton de former les typiques petits piliers du syst\u00e8me Iglu\u2019\u00ae classique.<br \/>\nDe cette mani\u00e8re, les coffrages ont la fonction d\u2019un simple platelage sur lequel il est possible de r\u00e9aliser un plancher portant en b\u00e9ton arm\u00e9 avec en dessous un interstice, dont le but est celui de seconder les gonflements et les retraits de l\u2019aire de fondation dus aux caract\u00e9ristiques m\u00e9caniques particuli\u00e8res des terrains argileux.[\/vc_column_text][vc_column_text]<strong>AVANTAGES:<br \/>\n<\/strong>&#8211; INDESTRUCTIBLE AUX INTEMP\u00c9RIES.<br \/>\n&#8211; FACILE \u00c0 STOKER ET \u00c0 MANIPULER SUR CHANTIER.<br \/>\n&#8211; ECOLOGIQUE ET RESPECTUEUX DE L\u2019ENVIRONNEMENT<br \/>\n&#8211; PAR RAPPORT AUX COFFRAGES CARTON, COFFRARGILE NE LAISSE PAS DE COMPOSANTS ORGANIQUES R\u00c9SIDUELS DANS LE VIDE SANITAIRE QUI SONT TOUJOURS SOURCE D\u2019ODEURS ET SONT SOUVENT PROPICE \u00c0 LA NIDIFICATION DE PETITS RONGEURS ET AUTRES PARASITES.<br \/>\n&#8211; AUCUNE TRANSMISSION D\u2019EFFORTS SUR LA STRUCTURE PORT\u00c9E.<br \/>\n&#8211; FACILE \u00c0 POSER.[\/vc_column_text][\/vc_column][\/vc_row][vc_row][vc_column][vc_separator][vc_column_text css=\u00a0\u00bb.vc_custom_1592297006811{margin-bottom: 15px !important;}\u00a0\u00bb]<strong>PRODUITS SUGG\u00c9RES:<\/strong>[\/vc_column_text][vc_empty_space height=\u00a0\u00bb10px\u00a0\u00bb][\/vc_column][vc_column][vc_masonry_grid post_type=\u00a0\u00bbids\u00a0\u00bb element_width=\u00a0\u00bb3&Prime; grid_id=\u00a0\u00bbvc_gid:1631200226580-a23d0dba-a622-1&Prime; include=\u00a0\u00bb10314&Prime; el_class=\u00a0\u00bbtext-size-p\u00a0\u00bb][\/vc_column][\/vc_row]<\/p>\n","protected":false},"excerpt":{"rendered":"<p>Coffrargile est la solution pour cr\u00e9er des dalles en b\u00e9ton, qui ne ressentent pas les effets des gonflements et des retraits des terrains argileux.<\/p>\n","protected":false},"author":1,"featured_media":57912,"parent":42521,"menu_order":3,"comment_status":"closed","ping_status":"closed","template":"","meta":[],"acf":[],"aioseo_notices":[],"_links":{"self":[{"href":"https:\/\/www.daliform.com\/fr\/wp-json\/wp\/v2\/pages\/44684"}],"collection":[{"href":"https:\/\/www.daliform.com\/fr\/wp-json\/wp\/v2\/pages"}],"about":[{"href":"https:\/\/www.daliform.com\/fr\/wp-json\/wp\/v2\/types\/page"}],"author":[{"embeddable":true,"href":"https:\/\/www.daliform.com\/fr\/wp-json\/wp\/v2\/users\/1"}],"replies":[{"embeddable":true,"href":"https:\/\/www.daliform.com\/fr\/wp-json\/wp\/v2\/comments?post=44684"}],"version-history":[{"count":1,"href":"https:\/\/www.daliform.com\/fr\/wp-json\/wp\/v2\/pages\/44684\/revisions"}],"predecessor-version":[{"id":108855,"href":"https:\/\/www.daliform.com\/fr\/wp-json\/wp\/v2\/pages\/44684\/revisions\/108855"}],"up":[{"embeddable":true,"href":"https:\/\/www.daliform.com\/fr\/wp-json\/wp\/v2\/pages\/42521"}],"wp:featuredmedia":[{"embeddable":true,"href":"https:\/\/www.daliform.com\/fr\/wp-json\/wp\/v2\/media\/57912"}],"wp:attachment":[{"href":"https:\/\/www.daliform.com\/fr\/wp-json\/wp\/v2\/media?parent=44684"}],"curies":[{"name":"wp","href":"https:\/\/api.w.org\/{rel}","templated":true}]}}