{"id":44180,"date":"2016-03-07T10:35:44","date_gmt":"2016-03-07T09:35:44","guid":{"rendered":"https:\/\/www.daliform.com\/iglu\/applications-iglu\/toitures-ventiles\/"},"modified":"2022-03-02T09:39:20","modified_gmt":"2022-03-02T08:39:20","slug":"toitures-ventiles","status":"publish","type":"page","link":"https:\/\/www.daliform.com\/fr\/iglu-vides-sanitaires-aeres\/iglu-applications\/toitures-ventiles\/","title":{"rendered":"Toitures ventil\u00e9s"},"content":{"rendered":"<p>[vc_row padding_top=\u00a0\u00bb0&Prime; padding_bottom=\u00a0\u00bb0&Prime;][vc_column]\n\t<div class=\"custom-heading wpb_content_element  heading-medium\">\n\t\t<h2 class=\"heading-title\" >La r\u00e9alisation d'une toiture ventil\u00e9e avec le syst\u00e8me Iglu'\u00ae ventilated roof garantit un plus grand confort de vie en hiver comme en \u00e9t\u00e9.<\/h2>\n\t\t<span class=\"heading-line primary\"><\/span>\n\t<\/div>[\/vc_column][\/vc_row][vc_row][vc_column width=\u00a0\u00bb1\/2&Prime;][vc_single_image image=\u00a0\u00bb44149&Prime; img_size=\u00a0\u00bblarge\u00a0\u00bb][\/vc_column][vc_column width=\u00a0\u00bb1\/2&Prime;][vc_column_text]Le toit joue un r\u00f4le tr\u00e8s important pour chaque b\u00e2timent quant \u00e0 garantir une r\u00e9ponse efficace aux facteurs environnementaux tels que les variations de temp\u00e9rature et les conditions m\u00e9t\u00e9orologiques.<br \/>\nPour l&rsquo;utilisation du syst\u00e8me Iglu&rsquo; \u00ae ventilated roof dans les b\u00e2timents r\u00e9sidentiels, commerciaux, industriels ou publics il est essentiel de cr\u00e9er:<br \/>\n&#8211;<strong> combles confortables<\/strong> avec caract\u00e9ristiques hygrothermiques appropri\u00e9es : la cr\u00e9ation d&rsquo;une cavit\u00e9 de ventilation d&rsquo;\u00e9paisseur constante est un choix conceptuel brillante, compatible avec n&rsquo;importe quel toit en pente en b\u00e9ton arm\u00e9.<br \/>\n&#8211; <strong>toits plats utilis\u00e9s comme terrasse<\/strong> afin de permettre la pleine exploitation de la surface de l&rsquo;espace b\u00e2ti.[\/vc_column_text][\/vc_column][vc_column][vc_column_text]<strong>AVANTAGES:<br \/>\n<\/strong>\u2022 EN HIVER, LA FERMETURE DE LA VENTILATION PAR UN SIMPLE CLAPET PERMET DE S&rsquo;ISOLER DU FROID EXT\u00c9RIEUR.<br \/>\n\u2022 EN \u00c9T\u00c9, LE SYST\u00c8ME PERMET DE R\u00c9DUIRE L&rsquo;APPORT CALORIFIQUE DANS LES ESPACES INTERNES GR\u00c2CE \u00c0 LA VENTILATION.<br \/>\n\u2022 LA VENTILATION PERMET \u00c9GALEMENT D&rsquo;\u00c9VITER LA STAGNATION DE L&rsquo;HUMIDIT\u00c9 EN DESSOUS DE LA SURFACE DU TOIT, EMP\u00caCHANT AINSI LA FORMATION DE MOISISSURE OU AUTRE SUSCEPTIBLE DE CONDUIRE \u00c0 UNE D\u00c9GRADATION DE LA STRUCTURE.<br \/>\n\u2022 \u00c9CONOMIES SIGNIFICATIVES SUR LA CONSOMMATION D&rsquo;\u00c9NERGIE (CHAUFFAGE\/CLIMATISATION).[\/vc_column_text][vc_column_text]<\/p>\n<p class=\"p1\"><strong>En positionnant sur la couverture horizontale de l&rsquo;\u00e9difice les coffrages Iglu\u2019<sup>\u00ae <\/sup>ventilated roof, il est possible de cr\u00e9er un matelas d&rsquo;air permettant une isolation contre la chaleur en \u00e9t\u00e9 et contre le froid en hiver, avec pour cons\u00e9quence des \u00e9conomies en termes de climatisation des espaces internes.<\/strong><\/p>\n<p class=\"p1\">L&rsquo;accumulation de chaleur en \u00e9t\u00e9 et les basses temp\u00e9ratures en hiver impliquant la formation de condensation et de moisissures, sont des ph\u00e9nom\u00e8nes trouvant une solution valable avec l&rsquo;adoption d&rsquo;une toiture ventil\u00e9e de type Iglu&rsquo;<sup>\u00ae<\/sup> ventilated roof, syst\u00e8me favorisant un flux continu d&rsquo;air \u00e0 l&rsquo;int\u00e9rieur des espaces couverts.<br \/>\n<strong>La r\u00e9alisation d&rsquo;une toiture ventil\u00e9e (plane et inclin\u00e9e) avec le syst\u00e8me Iglu&rsquo;<sup>\u00ae<\/sup> ventilated roof garantit un plus grand confort de vie en hiver comme en \u00e9t\u00e9, \u00e0 permet d&rsquo;am\u00e9liorer la conservation des mat\u00e9riaux formant le toit.<\/strong><\/p>\n<p>[\/vc_column_text][\/vc_column][\/vc_row][vc_row][vc_column][vc_separator][vc_column_text css=\u00a0\u00bb.vc_custom_1592297006811{margin-bottom: 15px !important;}\u00a0\u00bb]<strong>PRODUITS SUGG\u00c9RES:<\/strong>[\/vc_column_text][vc_empty_space height=\u00a0\u00bb10px\u00a0\u00bb][\/vc_column][vc_column][vc_masonry_grid post_type=\u00a0\u00bbids\u00a0\u00bb element_width=\u00a0\u00bb3&Prime; grid_id=\u00a0\u00bbvc_gid:1627391613477-e9d16684-6942-0&Prime; include=\u00a0\u00bb1034&Prime; el_class=\u00a0\u00bbtext-size-p\u00a0\u00bb][\/vc_column][\/vc_row]<\/p>\n","protected":false},"excerpt":{"rendered":"<p>Toiture ventil\u00e9e de type IGLU&rsquo;\u00ae est id\u00e9al pour cr\u00e9er des zones ventil\u00e9es, qui r\u00e9duisent la transmission de la chaleur et de la diff\u00e9rence de temp\u00e9rature entre l\u2019int\u00e9rieur et l\u2019ext\u00e9rieur.<\/p>\n","protected":false},"author":1,"featured_media":57900,"parent":42521,"menu_order":2,"comment_status":"closed","ping_status":"closed","template":"","meta":[],"acf":[],"aioseo_notices":[],"_links":{"self":[{"href":"https:\/\/www.daliform.com\/fr\/wp-json\/wp\/v2\/pages\/44180"}],"collection":[{"href":"https:\/\/www.daliform.com\/fr\/wp-json\/wp\/v2\/pages"}],"about":[{"href":"https:\/\/www.daliform.com\/fr\/wp-json\/wp\/v2\/types\/page"}],"author":[{"embeddable":true,"href":"https:\/\/www.daliform.com\/fr\/wp-json\/wp\/v2\/users\/1"}],"replies":[{"embeddable":true,"href":"https:\/\/www.daliform.com\/fr\/wp-json\/wp\/v2\/comments?post=44180"}],"version-history":[{"count":1,"href":"https:\/\/www.daliform.com\/fr\/wp-json\/wp\/v2\/pages\/44180\/revisions"}],"predecessor-version":[{"id":108854,"href":"https:\/\/www.daliform.com\/fr\/wp-json\/wp\/v2\/pages\/44180\/revisions\/108854"}],"up":[{"embeddable":true,"href":"https:\/\/www.daliform.com\/fr\/wp-json\/wp\/v2\/pages\/42521"}],"wp:featuredmedia":[{"embeddable":true,"href":"https:\/\/www.daliform.com\/fr\/wp-json\/wp\/v2\/media\/57900"}],"wp:attachment":[{"href":"https:\/\/www.daliform.com\/fr\/wp-json\/wp\/v2\/media?parent=44180"}],"curies":[{"name":"wp","href":"https:\/\/api.w.org\/{rel}","templated":true}]}}