{"id":43529,"date":"2016-03-04T14:03:48","date_gmt":"2016-03-04T13:03:48","guid":{"rendered":"https:\/\/www.daliform.com\/iglu\/applications-iglu\/cellules-frigorifiques\/"},"modified":"2022-03-02T09:35:21","modified_gmt":"2022-03-02T08:35:21","slug":"cellules-frigorifiques","status":"publish","type":"page","link":"https:\/\/www.daliform.com\/fr\/iglu-vides-sanitaires-aeres\/iglu-applications\/cellules-frigorifiques\/","title":{"rendered":"Cellules frigorifiques"},"content":{"rendered":"<p>[vc_row padding_top=\u00a0\u00bb0&Prime; padding_bottom=\u00a0\u00bb0&Prime;][vc_column]\n\t<div class=\"custom-heading wpb_content_element  heading-medium\">\n\t\t<h2 class=\"heading-title\" >Avec Iglu\u2019\u00ae, une cavit\u00e9 ventil\u00e9e est cr\u00e9\u00e9e sous le plancher des chambres froides, \u00e9vitant la d\u00e9formation et les fissures.<\/h2>\n\t\t<span class=\"heading-line primary\"><\/span>\n\t<\/div>[\/vc_column][\/vc_row][vc_row][vc_column width=\u00a0\u00bb1\/2&Prime;][vc_single_image image=\u00a0\u00bb35109&Prime; img_size=\u00a0\u00bbfull\u00a0\u00bb alignment=\u00a0\u00bbcenter\u00a0\u00bb css=\u00a0\u00bb.vc_custom_1627391311377{margin-left: -20px !important;}\u00a0\u00bb][vc_column_text]<strong>AVANTAGES:<\/strong><\/p>\n<p>\u2022 PR\u00c9VENTION DE LA D\u00c9FORMATION ET DU SOUL\u00c8VEMENT DU SOL (CRYOSOUL\u00c8VEMENT)<br \/>\n\u2022 R\u00c9SISTANCE \u00c9LEV\u00c9E AUX CHARGES DISTRIBU\u00c9ES ET CONCENTR\u00c9ES<br \/>\n\u2022 VENTILATION EFFICACE DANS TOUTES LES DIRECTIONS<br \/>\n\u2022 \u00c9LIMINATION DE L\u2019AIR GEL\u00c9<br \/>\n\u2022 FACILIT\u00c9 DE POSE<br \/>\n\u2022 LIBERT\u00c9 DE PASSAGE MAXIMALE DES INSTALLATIONS SOUS LE SOL DANS CHAQUE DIRECTION<br \/>\n\u2022 AUCUN POINT DE CONTACT ENTRE LE B\u00c9TON ET LE SOL[\/vc_column_text][\/vc_column][vc_column width=\u00a0\u00bb1\/2&Prime;][vc_column_text]<\/p>\n<p class=\"p1\">Un <strong>vide sanitaire<\/strong> r\u00e9alis\u00e9 avec Iglu\u2019<sup>\u00ae<\/sup> est le syst\u00e8me id\u00e9ale pour obtenir une ventilation plus efficace sous le sol car gr\u00e2ce aux Iglu\u2019<sup>\u00ae<\/sup>, il est possible de cr\u00e9er un espace unique ouvert et permettre \u00e0 l\u2019air de circuler dans toutes les directions, \u00e9vitant ainsi la naissance du cryosoul\u00e8vement.<\/p>\n<p class=\"p1\">Iglu\u2019<sup>\u00ae<\/sup> est la solution constructive la plus s\u00fbre et la plus \u00e9conomique pour r\u00e9aliser un interstice ventil\u00e9, en cas de chambres froides aussi bien n\u00e9gatives que positives.<br \/>\nIl garantit le maintien de la temp\u00e9rature de l\u2019interstice sup\u00e9rieure \u00e0 z\u00e9ro en \u00e9liminant l\u2019humidit\u00e9 pr\u00e9sente dans la sous-couche et \u00e9vitant ainsi que l\u2019aire de fondation (l\u2019ensemble b\u00e9ton maigre-terrain) ne g\u00e8le et ne se d\u00e9forme en poussant la surface de pose vers le haut et en provoquant la fissure du sol (processus connu comme cryosoul\u00e8vement).<\/p>\n<p>[\/vc_column_text][vc_column_text]L\u2019utilisation de Iglu\u2019\u00ae, pour la formation d\u2019un sol industriel pour chambres froides, est d\u00e9finie dans le LGPCF (lignes directrices pour planchers industriels dans les chambres froides) du 2014 (ENCOPER). Dans le texte, les conditions requises essentielles et n\u00e9cessaires \u00e0 la durabilit\u00e9 de toutes les dalles de b\u00e9ton pour usage industriel destin\u00e9es aux chambres froides sont sp\u00e9cifi\u00e9es. En particulier, les conditions essentielles de r\u00e9sistance m\u00e9canique et stabilit\u00e9 non pr\u00e9vues dans la norme UNI 11146 plus g\u00e9n\u00e9rique sont trait\u00e9es.[\/vc_column_text][\/vc_column][\/vc_row][vc_row][vc_column][vc_separator][vc_column_text css=\u00a0\u00bb.vc_custom_1592297006811{margin-bottom: 15px !important;}\u00a0\u00bb]<strong>PRODUITS SUGG\u00c9RES:<\/strong>[\/vc_column_text][vc_empty_space height=\u00a0\u00bb10px\u00a0\u00bb][\/vc_column][vc_column][vc_masonry_grid post_type=\u00a0\u00bbids\u00a0\u00bb element_width=\u00a0\u00bb3&Prime; grid_id=\u00a0\u00bbvc_gid:1627390802089-3cc89707-08bd-4&Prime; include=\u00a0\u00bb1034&Prime; el_class=\u00a0\u00bbtext-size-p\u00a0\u00bb][\/vc_column][\/vc_row]<\/p>\n","protected":false},"excerpt":{"rendered":"<p>Pour la cr\u00e9ation d\u2019espaces destin\u00e9s au contr\u00f4le de l\u2019humidit\u00e9 et de la temp\u00e9rature (cellules frigo, r\u00e9serves alimentaires, caves, cellules de s\u00e9chage).<\/p>\n","protected":false},"author":1,"featured_media":57889,"parent":42521,"menu_order":1,"comment_status":"closed","ping_status":"closed","template":"","meta":[],"acf":[],"aioseo_notices":[],"_links":{"self":[{"href":"https:\/\/www.daliform.com\/fr\/wp-json\/wp\/v2\/pages\/43529"}],"collection":[{"href":"https:\/\/www.daliform.com\/fr\/wp-json\/wp\/v2\/pages"}],"about":[{"href":"https:\/\/www.daliform.com\/fr\/wp-json\/wp\/v2\/types\/page"}],"author":[{"embeddable":true,"href":"https:\/\/www.daliform.com\/fr\/wp-json\/wp\/v2\/users\/1"}],"replies":[{"embeddable":true,"href":"https:\/\/www.daliform.com\/fr\/wp-json\/wp\/v2\/comments?post=43529"}],"version-history":[{"count":1,"href":"https:\/\/www.daliform.com\/fr\/wp-json\/wp\/v2\/pages\/43529\/revisions"}],"predecessor-version":[{"id":108853,"href":"https:\/\/www.daliform.com\/fr\/wp-json\/wp\/v2\/pages\/43529\/revisions\/108853"}],"up":[{"embeddable":true,"href":"https:\/\/www.daliform.com\/fr\/wp-json\/wp\/v2\/pages\/42521"}],"wp:featuredmedia":[{"embeddable":true,"href":"https:\/\/www.daliform.com\/fr\/wp-json\/wp\/v2\/media\/57889"}],"wp:attachment":[{"href":"https:\/\/www.daliform.com\/fr\/wp-json\/wp\/v2\/media?parent=43529"}],"curies":[{"name":"wp","href":"https:\/\/api.w.org\/{rel}","templated":true}]}}