{"id":42925,"date":"2016-04-13T08:57:09","date_gmt":"2016-04-13T06:57:09","guid":{"rendered":"https:\/\/www.daliform.com\/iglu\/applications-iglu\/vides-sanitaires-aeres\/"},"modified":"2022-03-02T09:30:36","modified_gmt":"2022-03-02T08:30:36","slug":"vides-sanitaires-aeres-application","status":"publish","type":"page","link":"https:\/\/www.daliform.com\/fr\/iglu-vides-sanitaires-aeres\/iglu-applications\/vides-sanitaires-aeres-application\/","title":{"rendered":"Vides sanitaires a\u00e9r\u00e9s"},"content":{"rendered":"<p>[vc_row padding_top=\u00a0\u00bb0&Prime; padding_bottom=\u00a0\u00bb0&Prime;][vc_column]\n\t<div class=\"custom-heading wpb_content_element  heading-medium\">\n\t\t<h2 class=\"heading-title\" >Le vide sanitaire ventil\u00e9 est la solution id\u00e9ale pour \u00e9liminer le probl\u00e8me de la mont\u00e9e de l'humidit\u00e9 et prot\u00e9ger la maison du dangereux Gaz Radon.<\/h2>\n\t\t<span class=\"heading-line primary\"><\/span>\n\t<\/div>[\/vc_column][\/vc_row][vc_row][vc_column width=\u00a0\u00bb1\/2&Prime;][vc_single_image image=\u00a0\u00bb42972&Prime; img_size=\u00a0\u00bblarge\u00a0\u00bb][\/vc_column][vc_column width=\u00a0\u00bb1\/2&Prime;][vc_column_text]<\/p>\n<p class=\"p1\">Le <strong>vide sanitaire a\u00e9r\u00e9<\/strong> r\u00e9alis\u00e9 avec l&rsquo;Igl\u00f9<sup>\u00ae<\/sup> repr\u00e9sente le rem\u00e8de efficace, rapide et \u00e9conomique qui permet la dispersion dans l&rsquo;atmosph\u00e8re du dangereux gaz Radon et de l&rsquo;humidit\u00e9, \u00e0 l&rsquo;avantage de notre sant\u00e9.<br \/>\nLe <strong>matelas d&rsquo;air form\u00e9 par les Igl\u00f9<sup>\u00ae<\/sup><\/strong> et par <strong>le System Atlantis<\/strong> doit \u00eatre raccord\u00e9 \u00e0 l&rsquo;ext\u00e9rieur par de simples tuyaux. De cette mani\u00e8re, on cr\u00e9e un flux d&rsquo;air naturel qui traverse le matelas et \u00e9limine l&rsquo;humidit\u00e9 et le gaz Radon (si pr\u00e9sentes).<\/p>\n<p>[\/vc_column_text][vc_column_text]<strong>AVANTAGES:<br \/>\n<\/strong>\u2022 \u00c9LIMINATION DU GAZ RADON<br \/>\n\u2022 VENTILATION EFFICACE DANS TOUTES LES DIRECTIONS<br \/>\n\u2022 \u00c9TANCH\u00c9ITE \u00c0 L&rsquo;HUMIDIT\u00c9 ASCENSIONELLE<br \/>\n\u2022 CR\u00c9ATION DE COMPARTIMENTS POUR LE PASSAGE DES SYST\u00c8MES[\/vc_column_text][\/vc_column][\/vc_row][vc_row][vc_column][vc_separator][vc_column_text css=\u00a0\u00bb.vc_custom_1592297006811{margin-bottom: 15px !important;}\u00a0\u00bb]<strong>PRODUITS SUGG\u00c9RES:<\/strong>[\/vc_column_text][vc_empty_space height=\u00a0\u00bb10px\u00a0\u00bb][\/vc_column][vc_column][vc_masonry_grid post_type=\u00a0\u00bbids\u00a0\u00bb element_width=\u00a0\u00bb3&Prime; grid_id=\u00a0\u00bbvc_gid:1599569219211-cd808f1d-d549-7&Prime; include=\u00a0\u00bb1034, 4579&Prime; el_class=\u00a0\u00bbtext-size-p\u00a0\u00bb][\/vc_column][\/vc_row]<\/p>\n","protected":false},"excerpt":{"rendered":"<p>Coffrages perdus pour vides sanitaires a\u00e9r\u00e9s, des matelas d\u2019air, des planchers et de toits a\u00e9r\u00e9s.<\/p>\n","protected":false},"author":1,"featured_media":57878,"parent":42521,"menu_order":0,"comment_status":"closed","ping_status":"closed","template":"","meta":[],"acf":[],"aioseo_notices":[],"_links":{"self":[{"href":"https:\/\/www.daliform.com\/fr\/wp-json\/wp\/v2\/pages\/42925"}],"collection":[{"href":"https:\/\/www.daliform.com\/fr\/wp-json\/wp\/v2\/pages"}],"about":[{"href":"https:\/\/www.daliform.com\/fr\/wp-json\/wp\/v2\/types\/page"}],"author":[{"embeddable":true,"href":"https:\/\/www.daliform.com\/fr\/wp-json\/wp\/v2\/users\/1"}],"replies":[{"embeddable":true,"href":"https:\/\/www.daliform.com\/fr\/wp-json\/wp\/v2\/comments?post=42925"}],"version-history":[{"count":1,"href":"https:\/\/www.daliform.com\/fr\/wp-json\/wp\/v2\/pages\/42925\/revisions"}],"predecessor-version":[{"id":108852,"href":"https:\/\/www.daliform.com\/fr\/wp-json\/wp\/v2\/pages\/42925\/revisions\/108852"}],"up":[{"embeddable":true,"href":"https:\/\/www.daliform.com\/fr\/wp-json\/wp\/v2\/pages\/42521"}],"wp:featuredmedia":[{"embeddable":true,"href":"https:\/\/www.daliform.com\/fr\/wp-json\/wp\/v2\/media\/57878"}],"wp:attachment":[{"href":"https:\/\/www.daliform.com\/fr\/wp-json\/wp\/v2\/media?parent=42925"}],"curies":[{"name":"wp","href":"https:\/\/api.w.org\/{rel}","templated":true}]}}