{"id":39235,"date":"2016-02-17T15:29:13","date_gmt":"2016-02-17T14:29:13","guid":{"rendered":"https:\/\/www.daliform.com\/iglu\/"},"modified":"2024-07-29T12:21:41","modified_gmt":"2024-07-29T10:21:41","slug":"iglu-vides-sanitaires-aeres","status":"publish","type":"page","link":"https:\/\/www.daliform.com\/fr\/iglu-vides-sanitaires-aeres\/","title":{"rendered":"Iglu&rsquo;\u00ae"},"content":{"rendered":"<p>[vc_row][vc_column width=\u00a0\u00bb1\/4&Prime;][vc_single_image image=\u00a0\u00bb35073&Prime; img_size=\u00a0\u00bblarge\u00a0\u00bb][\/vc_column][vc_column width=\u00a0\u00bb3\/4&Prime;][vc_column_text]<\/p>\n<h5><strong>Iglu&rsquo;<sup><sub>\u00ae\u00a0 <\/sub><\/sup><\/strong>est le <strong>produit leader sur le march\u00e9<\/strong>, cr\u00e9\u00e9 et brevet\u00e9 dans le but de r\u00e9aliser des <strong>vides sanitaires, des matelas d&rsquo;air, des planchers et de toits a\u00e9r\u00e9s<\/strong> dans la construction et la renovation d&rsquo;\u00e9difices civils et industriels.<\/h5>\n<p>Fruit d&rsquo;une g\u00e9niale intuition remontant \u00e0 1993, il a profond\u00e9ment am\u00e9lior\u00e9 la mani\u00e8re de construire. La <strong>port\u00e9e innovante de l\u2019Iglu&rsquo;<sup><strong>\u00ae<\/strong><\/sup><\/strong> a \u00e9t\u00e9 telle qu&rsquo;il a obtenu de nombreux succ\u00e8s et des prix aussi bien nationaux qu&rsquo;internationaux, en s&rsquo;affirmant rapidement comme le <strong>produit d&rsquo;excellence dans le monde du b\u00e2timent<\/strong>.<\/p>\n<p>Un coffrage en <strong>plastique recycl\u00e9<\/strong> destin\u00e9 \u00e0 la construction durable, pour des solutions respectueuses de l&rsquo;environnement.[\/vc_column_text][\/vc_column][vc_column][vc_empty_space height=\u00a0\u00bb20px\u00a0\u00bb][vc_column_text]<strong>Les coffrages modulaires en plastique Iglu&rsquo;<sub><sup>\u00ae<\/sup><\/sub><\/strong>, associ\u00e9s en s\u00e9quence selon un sens pr\u00e9\u00e9tabli, permettent la formation rapide d&rsquo;une plateforme pi\u00e9tonne autoportante au-dessus de laquelle on r\u00e9alise un coulage de b\u00e9ton arm\u00e9 pour cr\u00e9er, de mani\u00e8re extr\u00eamement simple et \u00e9conomique, un <strong>vide sanitaire a\u00e9r\u00e9<\/strong> reposant sur des piliers, avec la <strong>zone sous-jacente creuse que l&rsquo;on peut utiliser pour le passage des r\u00e9seaux<\/strong>, mais surtout <strong>ventil\u00e9e pour contraster l&rsquo;humidit\u00e9 ascensionnelle et les gaz radioactifs.<\/strong>[\/vc_column_text][\/vc_column][\/vc_row]<\/p>\n","protected":false},"excerpt":{"rendered":"<p>Coffrages perdus pour vides sanitaires a\u00e9r\u00e9s, des matelas d\u2019air, des planchers et de toits a\u00e9r\u00e9s.<\/p>\n","protected":false},"author":1,"featured_media":35060,"parent":0,"menu_order":15,"comment_status":"closed","ping_status":"closed","template":"template-product.php","meta":[],"acf":[],"aioseo_notices":[],"_links":{"self":[{"href":"https:\/\/www.daliform.com\/fr\/wp-json\/wp\/v2\/pages\/39235"}],"collection":[{"href":"https:\/\/www.daliform.com\/fr\/wp-json\/wp\/v2\/pages"}],"about":[{"href":"https:\/\/www.daliform.com\/fr\/wp-json\/wp\/v2\/types\/page"}],"author":[{"embeddable":true,"href":"https:\/\/www.daliform.com\/fr\/wp-json\/wp\/v2\/users\/1"}],"replies":[{"embeddable":true,"href":"https:\/\/www.daliform.com\/fr\/wp-json\/wp\/v2\/comments?post=39235"}],"version-history":[{"count":2,"href":"https:\/\/www.daliform.com\/fr\/wp-json\/wp\/v2\/pages\/39235\/revisions"}],"predecessor-version":[{"id":112855,"href":"https:\/\/www.daliform.com\/fr\/wp-json\/wp\/v2\/pages\/39235\/revisions\/112855"}],"wp:featuredmedia":[{"embeddable":true,"href":"https:\/\/www.daliform.com\/fr\/wp-json\/wp\/v2\/media\/35060"}],"wp:attachment":[{"href":"https:\/\/www.daliform.com\/fr\/wp-json\/wp\/v2\/media?parent=39235"}],"curies":[{"name":"wp","href":"https:\/\/api.w.org\/{rel}","templated":true}]}}