{"id":35463,"date":"2016-05-30T09:26:12","date_gmt":"2016-05-30T07:26:12","guid":{"rendered":"https:\/\/www.daliform.com\/solutions-de-construction\/fonds-equestres\/"},"modified":"2021-08-02T16:28:41","modified_gmt":"2021-08-02T14:28:41","slug":"fond-equestres-daliform-group","status":"publish","type":"page","link":"https:\/\/www.daliform.com\/fr\/solutions-de-construction\/fond-equestres-daliform-group\/","title":{"rendered":"FONDS \u00c8QUESTRES"},"content":{"rendered":"<p>[vc_row margin_top=\u00a0\u00bb-20&Prime;][vc_column el_class=\u00a0\u00bbSolutionGrid\u00a0\u00bb][vc_masonry_grid post_type=\u00a0\u00bbids\u00a0\u00bb element_width=\u00a0\u00bb3&Prime; item=\u00a0\u00bbnone\u00a0\u00bb grid_id=\u00a0\u00bbvc_gid:1589537333691-c83a1eb8-20e7-2&Prime; include=\u00a0\u00bb3670&Prime;][\/vc_column][\/vc_row]<\/p>\n","protected":false},"excerpt":{"rendered":"<p>Syst\u00e8mes de consolidation et de stabilisation de terrain \u00e9questres ou destin\u00e9s aux animaux en tout genre. <\/p>\n","protected":false},"author":1,"featured_media":34405,"parent":34044,"menu_order":6,"comment_status":"closed","ping_status":"closed","template":"","meta":[],"acf":[],"aioseo_notices":[],"_links":{"self":[{"href":"https:\/\/www.daliform.com\/fr\/wp-json\/wp\/v2\/pages\/35463"}],"collection":[{"href":"https:\/\/www.daliform.com\/fr\/wp-json\/wp\/v2\/pages"}],"about":[{"href":"https:\/\/www.daliform.com\/fr\/wp-json\/wp\/v2\/types\/page"}],"author":[{"embeddable":true,"href":"https:\/\/www.daliform.com\/fr\/wp-json\/wp\/v2\/users\/1"}],"replies":[{"embeddable":true,"href":"https:\/\/www.daliform.com\/fr\/wp-json\/wp\/v2\/comments?post=35463"}],"version-history":[{"count":1,"href":"https:\/\/www.daliform.com\/fr\/wp-json\/wp\/v2\/pages\/35463\/revisions"}],"predecessor-version":[{"id":108845,"href":"https:\/\/www.daliform.com\/fr\/wp-json\/wp\/v2\/pages\/35463\/revisions\/108845"}],"up":[{"embeddable":true,"href":"https:\/\/www.daliform.com\/fr\/wp-json\/wp\/v2\/pages\/34044"}],"wp:featuredmedia":[{"embeddable":true,"href":"https:\/\/www.daliform.com\/fr\/wp-json\/wp\/v2\/media\/34405"}],"wp:attachment":[{"href":"https:\/\/www.daliform.com\/fr\/wp-json\/wp\/v2\/media?parent=35463"}],"curies":[{"name":"wp","href":"https:\/\/api.w.org\/{rel}","templated":true}]}}