{"id":35387,"date":"2016-05-30T09:23:14","date_gmt":"2016-05-30T07:23:14","guid":{"rendered":"https:\/\/www.daliform.com\/solutions-de-construction\/espaces-verts-et-jardins\/"},"modified":"2021-08-02T15:53:44","modified_gmt":"2021-08-02T13:53:44","slug":"espaces-verts-et-jardins-daliform-group","status":"publish","type":"page","link":"https:\/\/www.daliform.com\/fr\/solutions-de-construction\/espaces-verts-et-jardins-daliform-group\/","title":{"rendered":"ESPACES VERTS ET JARDINS"},"content":{"rendered":"<p>[vc_row margin_top=\u00a0\u00bb-20&Prime;][vc_column el_class=\u00a0\u00bbSolutionGrid\u00a0\u00bb][vc_masonry_grid post_type=\u00a0\u00bbids\u00a0\u00bb element_width=\u00a0\u00bb3&Prime; item=\u00a0\u00bbnone\u00a0\u00bb grid_id=\u00a0\u00bbvc_gid:1589537247741-70ed75c5-ba22-1&Prime; include=\u00a0\u00bb3703, 5291, 3598&Prime;][\/vc_column][\/vc_row]<\/p>\n","protected":false},"excerpt":{"rendered":"<p>Syst\u00e8me de sauvegarde des racines et pour la formation de v\u00e9g\u00e9tation verticale. Syst\u00e8mes pour la r\u00e9alisation de jardins suspendus.<\/p>\n","protected":false},"author":1,"featured_media":34381,"parent":34044,"menu_order":5,"comment_status":"closed","ping_status":"closed","template":"","meta":[],"acf":[],"aioseo_notices":[],"_links":{"self":[{"href":"https:\/\/www.daliform.com\/fr\/wp-json\/wp\/v2\/pages\/35387"}],"collection":[{"href":"https:\/\/www.daliform.com\/fr\/wp-json\/wp\/v2\/pages"}],"about":[{"href":"https:\/\/www.daliform.com\/fr\/wp-json\/wp\/v2\/types\/page"}],"author":[{"embeddable":true,"href":"https:\/\/www.daliform.com\/fr\/wp-json\/wp\/v2\/users\/1"}],"replies":[{"embeddable":true,"href":"https:\/\/www.daliform.com\/fr\/wp-json\/wp\/v2\/comments?post=35387"}],"version-history":[{"count":1,"href":"https:\/\/www.daliform.com\/fr\/wp-json\/wp\/v2\/pages\/35387\/revisions"}],"predecessor-version":[{"id":108844,"href":"https:\/\/www.daliform.com\/fr\/wp-json\/wp\/v2\/pages\/35387\/revisions\/108844"}],"up":[{"embeddable":true,"href":"https:\/\/www.daliform.com\/fr\/wp-json\/wp\/v2\/pages\/34044"}],"wp:featuredmedia":[{"embeddable":true,"href":"https:\/\/www.daliform.com\/fr\/wp-json\/wp\/v2\/media\/34381"}],"wp:attachment":[{"href":"https:\/\/www.daliform.com\/fr\/wp-json\/wp\/v2\/media?parent=35387"}],"curies":[{"name":"wp","href":"https:\/\/api.w.org\/{rel}","templated":true}]}}