{"id":35179,"date":"2016-05-30T09:16:59","date_gmt":"2016-05-30T07:16:59","guid":{"rendered":"https:\/\/www.daliform.com\/solutions-de-construction\/grille-a-engazonner\/"},"modified":"2021-08-02T15:06:44","modified_gmt":"2021-08-02T13:06:44","slug":"grille-a-engazonner-daliform-group","status":"publish","type":"page","link":"https:\/\/www.daliform.com\/fr\/solutions-de-construction\/grille-a-engazonner-daliform-group\/","title":{"rendered":"GRILLE \u00c0 ENGAZONNER"},"content":{"rendered":"<p>[vc_row margin_top=\u00a0\u00bb-20&Prime;][vc_column el_class=\u00a0\u00bbSolutionGrid\u00a0\u00bb][vc_masonry_grid post_type=\u00a0\u00bbids\u00a0\u00bb element_width=\u00a0\u00bb3&Prime; item=\u00a0\u00bbnone\u00a0\u00bb grid_id=\u00a0\u00bbvc_gid:1605006102156-eb2d10b5-2cae-10&Prime; include=\u00a0\u00bb4162, 4055, 30669, 3761, 3734&Prime;][\/vc_column][\/vc_row]<\/p>\n","protected":false},"excerpt":{"rendered":"<p>Syst\u00e8mes pour la cr\u00e9ation de sols en surface avec finition gazon ou graviers. Syst\u00e8mes de protection du manteau herbeux existant. <\/p>\n","protected":false},"author":1,"featured_media":34370,"parent":34044,"menu_order":4,"comment_status":"closed","ping_status":"closed","template":"","meta":[],"acf":[],"aioseo_notices":[],"_links":{"self":[{"href":"https:\/\/www.daliform.com\/fr\/wp-json\/wp\/v2\/pages\/35179"}],"collection":[{"href":"https:\/\/www.daliform.com\/fr\/wp-json\/wp\/v2\/pages"}],"about":[{"href":"https:\/\/www.daliform.com\/fr\/wp-json\/wp\/v2\/types\/page"}],"author":[{"embeddable":true,"href":"https:\/\/www.daliform.com\/fr\/wp-json\/wp\/v2\/users\/1"}],"replies":[{"embeddable":true,"href":"https:\/\/www.daliform.com\/fr\/wp-json\/wp\/v2\/comments?post=35179"}],"version-history":[{"count":1,"href":"https:\/\/www.daliform.com\/fr\/wp-json\/wp\/v2\/pages\/35179\/revisions"}],"predecessor-version":[{"id":108843,"href":"https:\/\/www.daliform.com\/fr\/wp-json\/wp\/v2\/pages\/35179\/revisions\/108843"}],"up":[{"embeddable":true,"href":"https:\/\/www.daliform.com\/fr\/wp-json\/wp\/v2\/pages\/34044"}],"wp:featuredmedia":[{"embeddable":true,"href":"https:\/\/www.daliform.com\/fr\/wp-json\/wp\/v2\/media\/34370"}],"wp:attachment":[{"href":"https:\/\/www.daliform.com\/fr\/wp-json\/wp\/v2\/media?parent=35179"}],"curies":[{"name":"wp","href":"https:\/\/api.w.org\/{rel}","templated":true}]}}