{"id":35068,"date":"2016-05-30T09:13:22","date_gmt":"2016-05-30T07:13:22","guid":{"rendered":"https:\/\/www.daliform.com\/solutions-de-construction\/cuves-et-piscines\/"},"modified":"2021-08-02T14:48:24","modified_gmt":"2021-08-02T12:48:24","slug":"cuves-et-piscines-daliform-group","status":"publish","type":"page","link":"https:\/\/www.daliform.com\/fr\/solutions-de-construction\/cuves-et-piscines-daliform-group\/","title":{"rendered":"CUVES ET PISCINES"},"content":{"rendered":"<p>[vc_row margin_top=\u00a0\u00bb-20&Prime;][vc_column el_class=\u00a0\u00bbSolutionGrid\u00a0\u00bb][vc_masonry_grid post_type=\u00a0\u00bbids\u00a0\u00bb element_width=\u00a0\u00bb3&Prime; item=\u00a0\u00bbnone\u00a0\u00bb grid_id=\u00a0\u00bbvc_gid:1589537115700-86c3b4c6-4d85-5&Prime; include=\u00a0\u00bb4915, 4913, 4910&Prime;][\/vc_column][\/vc_row]<\/p>\n","protected":false},"excerpt":{"rendered":"<p>Syst\u00e8mes pour la cr\u00e9ation de r\u00e9servoirs enterr\u00e9s (et en surface) pour la r\u00e9cup\u00e9ration et la dispersion des eaux pluviales.<\/p>\n","protected":false},"author":1,"featured_media":34359,"parent":34044,"menu_order":3,"comment_status":"closed","ping_status":"closed","template":"","meta":[],"acf":[],"aioseo_notices":[],"_links":{"self":[{"href":"https:\/\/www.daliform.com\/fr\/wp-json\/wp\/v2\/pages\/35068"}],"collection":[{"href":"https:\/\/www.daliform.com\/fr\/wp-json\/wp\/v2\/pages"}],"about":[{"href":"https:\/\/www.daliform.com\/fr\/wp-json\/wp\/v2\/types\/page"}],"author":[{"embeddable":true,"href":"https:\/\/www.daliform.com\/fr\/wp-json\/wp\/v2\/users\/1"}],"replies":[{"embeddable":true,"href":"https:\/\/www.daliform.com\/fr\/wp-json\/wp\/v2\/comments?post=35068"}],"version-history":[{"count":1,"href":"https:\/\/www.daliform.com\/fr\/wp-json\/wp\/v2\/pages\/35068\/revisions"}],"predecessor-version":[{"id":108842,"href":"https:\/\/www.daliform.com\/fr\/wp-json\/wp\/v2\/pages\/35068\/revisions\/108842"}],"up":[{"embeddable":true,"href":"https:\/\/www.daliform.com\/fr\/wp-json\/wp\/v2\/pages\/34044"}],"wp:featuredmedia":[{"embeddable":true,"href":"https:\/\/www.daliform.com\/fr\/wp-json\/wp\/v2\/media\/34359"}],"wp:attachment":[{"href":"https:\/\/www.daliform.com\/fr\/wp-json\/wp\/v2\/media?parent=35068"}],"curies":[{"name":"wp","href":"https:\/\/api.w.org\/{rel}","templated":true}]}}