{"id":35012,"date":"2016-05-30T09:04:15","date_gmt":"2016-05-30T07:04:15","guid":{"rendered":"https:\/\/www.daliform.com\/solutions-de-construction\/fondation\/"},"modified":"2021-08-02T14:23:53","modified_gmt":"2021-08-02T12:23:53","slug":"fondation-daliform-group","status":"publish","type":"page","link":"https:\/\/www.daliform.com\/fr\/solutions-de-construction\/fondation-daliform-group\/","title":{"rendered":"FONDATION"},"content":{"rendered":"<p>[vc_row margin_top=\u00a0\u00bb-20&Prime;][vc_column el_class=\u00a0\u00bbSolutionGrid\u00a0\u00bb][vc_masonry_grid post_type=\u00a0\u00bbids\u00a0\u00bb element_width=\u00a0\u00bb3&Prime; item=\u00a0\u00bbnone\u00a0\u00bb grid_id=\u00a0\u00bbvc_gid:1589537055195-d8a7c89e-c53d-1&Prime; include=\u00a0\u00bb4271, 5168, 5166&Prime;][\/vc_column][\/vc_row]<\/p>\n","protected":false},"excerpt":{"rendered":"<p>Syst\u00e8mes de coffrage perdu (sans d\u00e9sarmement) pour la formation de cordons et de trav\u00e9es en fondation.<\/p>\n","protected":false},"author":1,"featured_media":34338,"parent":34044,"menu_order":2,"comment_status":"closed","ping_status":"closed","template":"","meta":[],"acf":[],"aioseo_notices":[],"_links":{"self":[{"href":"https:\/\/www.daliform.com\/fr\/wp-json\/wp\/v2\/pages\/35012"}],"collection":[{"href":"https:\/\/www.daliform.com\/fr\/wp-json\/wp\/v2\/pages"}],"about":[{"href":"https:\/\/www.daliform.com\/fr\/wp-json\/wp\/v2\/types\/page"}],"author":[{"embeddable":true,"href":"https:\/\/www.daliform.com\/fr\/wp-json\/wp\/v2\/users\/1"}],"replies":[{"embeddable":true,"href":"https:\/\/www.daliform.com\/fr\/wp-json\/wp\/v2\/comments?post=35012"}],"version-history":[{"count":1,"href":"https:\/\/www.daliform.com\/fr\/wp-json\/wp\/v2\/pages\/35012\/revisions"}],"predecessor-version":[{"id":108841,"href":"https:\/\/www.daliform.com\/fr\/wp-json\/wp\/v2\/pages\/35012\/revisions\/108841"}],"up":[{"embeddable":true,"href":"https:\/\/www.daliform.com\/fr\/wp-json\/wp\/v2\/pages\/34044"}],"wp:featuredmedia":[{"embeddable":true,"href":"https:\/\/www.daliform.com\/fr\/wp-json\/wp\/v2\/media\/34338"}],"wp:attachment":[{"href":"https:\/\/www.daliform.com\/fr\/wp-json\/wp\/v2\/media?parent=35012"}],"curies":[{"name":"wp","href":"https:\/\/api.w.org\/{rel}","templated":true}]}}