{"id":34748,"date":"2016-05-30T08:35:47","date_gmt":"2016-05-30T06:35:47","guid":{"rendered":"https:\/\/www.daliform.com\/solutions-de-construction\/dalles-allegees\/"},"modified":"2021-08-02T13:53:53","modified_gmt":"2021-08-02T11:53:53","slug":"dalles-allegees-daliform-group","status":"publish","type":"page","link":"https:\/\/www.daliform.com\/fr\/solutions-de-construction\/dalles-allegees-daliform-group\/","title":{"rendered":"DALLES ALL\u00c9G\u00c9ES"},"content":{"rendered":"<p>[vc_row margin_top=\u00a0\u00bb-20&Prime;][vc_column el_class=\u00a0\u00bbSolutionGrid\u00a0\u00bb][vc_masonry_grid post_type=\u00a0\u00bbids\u00a0\u00bb element_width=\u00a0\u00bb3&Prime; item=\u00a0\u00bbnone\u00a0\u00bb grid_id=\u00a0\u00bbvc_gid:1599490072443-0ec4ac13-6a54-3&Prime; include=\u00a0\u00bb4503, 4423, 8726, 4402, 7231&Prime;][\/vc_column][\/vc_row]<\/p>\n","protected":false},"excerpt":{"rendered":"<p>Syst\u00e8mes pour la formation de plaques all\u00e9g\u00e9es en b\u00e9ton \u00e0 couler sur site, pour les sols ou dalles de fondation, predalles.<\/p>\n","protected":false},"author":1,"featured_media":34327,"parent":34044,"menu_order":1,"comment_status":"closed","ping_status":"closed","template":"","meta":[],"acf":[],"aioseo_notices":[],"_links":{"self":[{"href":"https:\/\/www.daliform.com\/fr\/wp-json\/wp\/v2\/pages\/34748"}],"collection":[{"href":"https:\/\/www.daliform.com\/fr\/wp-json\/wp\/v2\/pages"}],"about":[{"href":"https:\/\/www.daliform.com\/fr\/wp-json\/wp\/v2\/types\/page"}],"author":[{"embeddable":true,"href":"https:\/\/www.daliform.com\/fr\/wp-json\/wp\/v2\/users\/1"}],"replies":[{"embeddable":true,"href":"https:\/\/www.daliform.com\/fr\/wp-json\/wp\/v2\/comments?post=34748"}],"version-history":[{"count":1,"href":"https:\/\/www.daliform.com\/fr\/wp-json\/wp\/v2\/pages\/34748\/revisions"}],"predecessor-version":[{"id":108840,"href":"https:\/\/www.daliform.com\/fr\/wp-json\/wp\/v2\/pages\/34748\/revisions\/108840"}],"up":[{"embeddable":true,"href":"https:\/\/www.daliform.com\/fr\/wp-json\/wp\/v2\/pages\/34044"}],"wp:featuredmedia":[{"embeddable":true,"href":"https:\/\/www.daliform.com\/fr\/wp-json\/wp\/v2\/media\/34327"}],"wp:attachment":[{"href":"https:\/\/www.daliform.com\/fr\/wp-json\/wp\/v2\/media?parent=34748"}],"curies":[{"name":"wp","href":"https:\/\/api.w.org\/{rel}","templated":true}]}}