{"id":34729,"date":"2016-04-06T10:25:12","date_gmt":"2016-04-06T08:25:12","guid":{"rendered":"https:\/\/www.daliform.com\/solutions-de-construction\/batiment\/"},"modified":"2021-08-02T13:34:33","modified_gmt":"2021-08-02T11:34:33","slug":"batiment-daliform-group","status":"publish","type":"page","link":"https:\/\/www.daliform.com\/fr\/solutions-de-construction\/batiment-daliform-group\/","title":{"rendered":"B\u00c2TIMENT"},"content":{"rendered":"<p>[vc_row margin_top=\u00a0\u00bb-20&Prime;][vc_column el_class=\u00a0\u00bbSolutionGrid\u00a0\u00bb][vc_masonry_grid post_type=\u00a0\u00bbids\u00a0\u00bb element_width=\u00a0\u00bb3&Prime; item=\u00a0\u00bbnone\u00a0\u00bb initial_loading_animation=\u00a0\u00bbfadeIn\u00a0\u00bb grid_id=\u00a0\u00bbvc_gid:1605005332874-1c9c7ad6-bf7c-5&Prime; include=\u00a0\u00bb1034, 30449, 4579, 12037, 1728, 1807, 2784, 1809, 1815, 4241&Prime;][\/vc_column][\/vc_row]<\/p>\n","protected":false},"excerpt":{"rendered":"<p>Vides sanitaires a\u00e9r\u00e9s, planchers et de toits a\u00e9r\u00e9s, chambres froides, dallages industriels, rampes d\u2019acc\u00e8s carrossables, traitement des argiles gonflantes.<\/p>\n","protected":false},"author":1,"featured_media":34349,"parent":34044,"menu_order":0,"comment_status":"closed","ping_status":"closed","template":"","meta":[],"acf":[],"aioseo_notices":[],"_links":{"self":[{"href":"https:\/\/www.daliform.com\/fr\/wp-json\/wp\/v2\/pages\/34729"}],"collection":[{"href":"https:\/\/www.daliform.com\/fr\/wp-json\/wp\/v2\/pages"}],"about":[{"href":"https:\/\/www.daliform.com\/fr\/wp-json\/wp\/v2\/types\/page"}],"author":[{"embeddable":true,"href":"https:\/\/www.daliform.com\/fr\/wp-json\/wp\/v2\/users\/1"}],"replies":[{"embeddable":true,"href":"https:\/\/www.daliform.com\/fr\/wp-json\/wp\/v2\/comments?post=34729"}],"version-history":[{"count":1,"href":"https:\/\/www.daliform.com\/fr\/wp-json\/wp\/v2\/pages\/34729\/revisions"}],"predecessor-version":[{"id":108839,"href":"https:\/\/www.daliform.com\/fr\/wp-json\/wp\/v2\/pages\/34729\/revisions\/108839"}],"up":[{"embeddable":true,"href":"https:\/\/www.daliform.com\/fr\/wp-json\/wp\/v2\/pages\/34044"}],"wp:featuredmedia":[{"embeddable":true,"href":"https:\/\/www.daliform.com\/fr\/wp-json\/wp\/v2\/media\/34349"}],"wp:attachment":[{"href":"https:\/\/www.daliform.com\/fr\/wp-json\/wp\/v2\/media?parent=34729"}],"curies":[{"name":"wp","href":"https:\/\/api.w.org\/{rel}","templated":true}]}}