{"id":34655,"date":"2021-02-11T10:15:46","date_gmt":"2021-02-11T09:15:46","guid":{"rendered":"https:\/\/www.daliform.com\/bibliotheques-bim\/"},"modified":"2025-01-10T17:16:36","modified_gmt":"2025-01-10T16:16:36","slug":"bim-bibliotheques-daliform","status":"publish","type":"page","link":"https:\/\/www.daliform.com\/fr\/bim-bibliotheques-daliform\/","title":{"rendered":"Biblioth\u00e8ques BIM"},"content":{"rendered":"<p>[vc_row][vc_column][vc_column_text]<\/p>\n<h3><strong>VIDES SANITAIRES A\u00c9R\u00c9S<\/strong><\/h3>\n<p>[\/vc_column_text][vc_separator color=\u00a0\u00bbcustom\u00a0\u00bb accent_color=\u00a0\u00bb#ed1d24&Prime;][vc_empty_space height=\u00a0\u00bb5px\u00a0\u00bb][\/vc_column][\/vc_row][vc_row][vc_column width=\u00a0\u00bb1\/4&Prime;][vc_column_text css=\u00a0\u00bb.vc_custom_1652434210523{padding-bottom: 20px !important;}\u00a0\u00bb]<span style=\"color: #ed1d24;\"><strong>IGLU&rsquo;\u00ae <\/strong><\/span><span style=\"color: #000000;\"><strong>BIM FILES<\/strong><\/span>[\/vc_column_text][vc_single_image image=\u00a0\u00bb107447&Prime; img_size=\u00a0\u00bb80&#215;60&Prime;][\/vc_column][vc_column width=\u00a0\u00bb1\/4&Prime;][vc_column_text css=\u00a0\u00bb.vc_custom_1652358523932{padding-bottom: 10px !important;}\u00a0\u00bb]<strong>Revit<\/strong>[\/vc_column_text]\n\t<div class=\"iconbox-wrapper \">\n\t\t<div class=\"iconbox-icon\">\n\t\t\t\t<i class=\"fa fa-file-archive-o \" style=\"color: #1e73be;font-size:20px;\"><\/i>\n\t\t<\/div>\n\t\t<h4 class=\"iconbox-heading\">\n\t\t\t\t<a href=\"https:\/\/www.daliform.com\/BIM-daliform\/IGLU\/iglu-standard\/Building-Materials_Other_Daliform_IGLU_For-standard-use.rvt.zip\">Standard Use<\/a>\n\t\t<\/h4>\n\t<\/div>\n\t<div class=\"iconbox-wrapper \">\n\t\t<div class=\"iconbox-icon\">\n\t\t\t\t<i class=\"fa fa-file-archive-o \" style=\"color: #1e73be;font-size:20px;\"><\/i>\n\t\t<\/div>\n\t\t<h4 class=\"iconbox-heading\">\n\t\t\t\t<a href=\"https:\/\/www.daliform.com\/BIM-daliform\/IGLU\/iglu-rendering\/Building-Materials_Other_Daliform_IGLU%27_For-rendering.rvt\">Rendering<\/a>\n\t\t<\/h4>\n\t<\/div>[\/vc_column][vc_column width=\u00a0\u00bb1\/4&Prime;][vc_column_text css=\u00a0\u00bb.vc_custom_1653027587128{padding-bottom: 10px !important;}\u00a0\u00bb]<strong>AllPlan<\/strong>[\/vc_column_text]\n\t<div class=\"iconbox-wrapper \">\n\t\t<div class=\"iconbox-icon\">\n\t\t\t\t<i class=\"fa fa-file-archive-o \" style=\"color: #1e73be;font-size:20px;\"><\/i>\n\t\t<\/div>\n\t\t<h4 class=\"iconbox-heading\">\n\t\t\t\t<a href=\"https:\/\/www.daliform.com\/BIM-daliform\/IGLU\/iglu-standard\/Building-Materials_Other_Daliform_IGLU_For-standard-use.zip\">Standard Use<\/a>\n\t\t<\/h4>\n\t<\/div>\n\t<div class=\"iconbox-wrapper \">\n\t\t<div class=\"iconbox-icon\">\n\t\t\t\t<i class=\"fa fa-file-archive-o \" style=\"color: #1e73be;font-size:20px;\"><\/i>\n\t\t<\/div>\n\t\t<h4 class=\"iconbox-heading\">\n\t\t\t\t<a href=\"https:\/\/www.daliform.com\/BIM-daliform\/IGLU\/iglu-rendering\/Building-Materials_Other_Daliform_IGLU_For-rendering.zip\">Rendering<\/a>\n\t\t<\/h4>\n\t<\/div>[\/vc_column][vc_column width=\u00a0\u00bb1\/4&Prime;][vc_column_text css=\u00a0\u00bb.vc_custom_1652359047190{padding-bottom: 10px !important;}\u00a0\u00bb]<strong>Industry Foundation Classes (.ifc)<\/strong>[\/vc_column_text]\n\t<div class=\"iconbox-wrapper \">\n\t\t<div class=\"iconbox-icon\">\n\t\t\t\t<i class=\"fa fa-file-archive-o \" style=\"color: #1e73be;font-size:20px;\"><\/i>\n\t\t<\/div>\n\t\t<h4 class=\"iconbox-heading\">\n\t\t\t\t<a href=\"https:\/\/www.daliform.com\/BIM-daliform\/IGLU\/IGLU_ATLANTISstandard.ifc.zip\">Standard Use<\/a>\n\t\t<\/h4>\n\t<\/div>[\/vc_column][vc_column][vc_empty_space height=\u00a0\u00bb20px\u00a0\u00bb][vc_separator color=\u00a0\u00bbcustom\u00a0\u00bb border_width=\u00a0\u00bb2&Prime; accent_color=\u00a0\u00bb#cccccc\u00a0\u00bb][\/vc_column][\/vc_row][vc_row][vc_column width=\u00a0\u00bb1\/4&Prime;][vc_column_text css=\u00a0\u00bb.vc_custom_1652434219298{padding-bottom: 20px !important;}\u00a0\u00bb]<span style=\"color: #ed1d24;\"><strong>IGLU&rsquo;\u00ae PLUS <span style=\"color: #000000;\">BIM FILES<\/span><\/strong><\/span>[\/vc_column_text][vc_single_image image=\u00a0\u00bb107460&Prime; img_size=\u00a0\u00bb80X60&Prime;][\/vc_column][vc_column width=\u00a0\u00bb1\/4&Prime;][vc_column_text css=\u00a0\u00bb.vc_custom_1652358523932{padding-bottom: 10px !important;}\u00a0\u00bb]<strong>Revit<\/strong>[\/vc_column_text]\n\t<div class=\"iconbox-wrapper \">\n\t\t<div class=\"iconbox-icon\">\n\t\t\t\t<i class=\"fa fa-file-archive-o \" style=\"color: #1e73be;font-size:20px;\"><\/i>\n\t\t<\/div>\n\t\t<h4 class=\"iconbox-heading\">\n\t\t\t\t<a href=\"https:\/\/www.daliform.com\/BIM-daliform\/IGLU\/igluplus-standard\/Building-Materials_Other_Daliform_IGLU-PLUS_For-standard-use.rvt.zip\">Standard Use<\/a>\n\t\t<\/h4>\n\t<\/div>\n\t<div class=\"iconbox-wrapper \">\n\t\t<div class=\"iconbox-icon\">\n\t\t\t\t<i class=\"fa fa-file-archive-o \" style=\"color: #1e73be;font-size:20px;\"><\/i>\n\t\t<\/div>\n\t\t<h4 class=\"iconbox-heading\">\n\t\t\t\t<a href=\"https:\/\/www.daliform.com\/BIM-daliform\/IGLU\/igluplus-rendering\/Building-Materials_Other_Daliform_IGLU-PLUS_For-rendering.rvt.zip\">Rendering<\/a>\n\t\t<\/h4>\n\t<\/div>[\/vc_column][vc_column width=\u00a0\u00bb1\/4&Prime;][vc_column_text css=\u00a0\u00bb.vc_custom_1653027593236{padding-bottom: 10px !important;}\u00a0\u00bb]<strong>AllPlan<\/strong>[\/vc_column_text]\n\t<div class=\"iconbox-wrapper \">\n\t\t<div class=\"iconbox-icon\">\n\t\t\t\t<i class=\"fa fa-file-archive-o \" style=\"color: #1e73be;font-size:20px;\"><\/i>\n\t\t<\/div>\n\t\t<h4 class=\"iconbox-heading\">\n\t\t\t\t<a href=\"https:\/\/www.daliform.com\/BIM-daliform\/IGLU\/igluplus-standard\/Building-Materials_Other_Daliform_IGLU-PLUS_For-standard-use.zip\">Standard Use<\/a>\n\t\t<\/h4>\n\t<\/div>\n\t<div class=\"iconbox-wrapper \">\n\t\t<div class=\"iconbox-icon\">\n\t\t\t\t<i class=\"fa fa-file-archive-o \" style=\"color: #1e73be;font-size:20px;\"><\/i>\n\t\t<\/div>\n\t\t<h4 class=\"iconbox-heading\">\n\t\t\t\t<a href=\"https:\/\/www.daliform.com\/BIM-daliform\/IGLU\/igluplus-rendering\/Building-Materials_Other_Daliform_IGLU-PLUS_For-rendering.zip\">Rendering<\/a>\n\t\t<\/h4>\n\t<\/div>[\/vc_column][vc_column width=\u00a0\u00bb1\/4&Prime;][vc_column_text css=\u00a0\u00bb.vc_custom_1652359047190{padding-bottom: 10px !important;}\u00a0\u00bb]<strong>Industry Foundation Classes (.ifc)<\/strong>[\/vc_column_text]\n\t<div class=\"iconbox-wrapper \">\n\t\t<div class=\"iconbox-icon\">\n\t\t\t\t<i class=\"fa fa-file-archive-o \" style=\"color: #1e73be;font-size:20px;\"><\/i>\n\t\t<\/div>\n\t\t<h4 class=\"iconbox-heading\">\n\t\t\t\t<a href=\"https:\/\/www.daliform.com\/BIM-daliform\/IGLU\/IGLU_ATLANTISstandard.ifc.zip\">Standard Use<\/a>\n\t\t<\/h4>\n\t<\/div>[\/vc_column][vc_column][vc_empty_space height=\u00a0\u00bb20px\u00a0\u00bb][vc_separator color=\u00a0\u00bbcustom\u00a0\u00bb border_width=\u00a0\u00bb2&Prime; accent_color=\u00a0\u00bb#cccccc\u00a0\u00bb][\/vc_column][\/vc_row][vc_row][vc_column width=\u00a0\u00bb1\/4&Prime;][vc_column_text css=\u00a0\u00bb.vc_custom_1652434231626{padding-bottom: 20px !important;}\u00a0\u00bb]<span style=\"color: #ed1d24;\"><strong>ATLANTIS SYSTEM 50&#215;50 <span style=\"color: #000000;\">BIM FILES<\/span><\/strong><\/span>[\/vc_column_text][vc_single_image image=\u00a0\u00bb107538&Prime; img_size=\u00a0\u00bb101X100&Prime;][\/vc_column][vc_column width=\u00a0\u00bb1\/4&Prime;][vc_column_text css=\u00a0\u00bb.vc_custom_1652358523932{padding-bottom: 10px !important;}\u00a0\u00bb]<strong>Revit<\/strong>[\/vc_column_text]\n\t<div class=\"iconbox-wrapper \">\n\t\t<div class=\"iconbox-icon\">\n\t\t\t\t<i class=\"fa fa-file-archive-o \" style=\"color: #1e73be;font-size:20px;\"><\/i>\n\t\t<\/div>\n\t\t<h4 class=\"iconbox-heading\">\n\t\t\t\t<a href=\"https:\/\/www.daliform.com\/BIM-daliform\/ATLANTIS\/standard-use\/Building-Materials_Other_Daliform_ATLANTIS_50x50_For-standard-use.rfa.zip\">Standard<\/a>\n\t\t<\/h4>\n\t<\/div>\n\t<div class=\"iconbox-wrapper \">\n\t\t<div class=\"iconbox-icon\">\n\t\t\t\t<i class=\"fa fa-file-archive-o \" style=\"color: #1e73be;font-size:20px;\"><\/i>\n\t\t<\/div>\n\t\t<h4 class=\"iconbox-heading\">\n\t\t\t\t<a href=\"https:\/\/www.daliform.com\/BIM-daliform\/ATLANTIS\/rendering\/Building-Materials_Other_Daliform_ATLANTIS_50x50_For-rendering.rfa.zip\">Rendering<\/a>\n\t\t<\/h4>\n\t<\/div>\n\t<div class=\"iconbox-wrapper \">\n\t\t<div class=\"iconbox-icon\">\n\t\t\t\t<i class=\"fa fa-file-archive-o \" style=\"color: #1e73be;font-size:20px;\"><\/i>\n\t\t<\/div>\n\t\t<h4 class=\"iconbox-heading\">\n\t\t\t\t<a href=\"https:\/\/www.daliform.com\/BIM-daliform\/ATLANTIS\/standard-use\/Building-Materials_Other_Daliform_ATLANTIS_accessories.rvt.zip\">Accessori standard use<\/a>\n\t\t<\/h4>\n\t<\/div>\n\t<div class=\"iconbox-wrapper \">\n\t\t<div class=\"iconbox-icon\">\n\t\t\t\t<i class=\"fa fa-file-archive-o \" style=\"color: #1e73be;font-size:20px;\"><\/i>\n\t\t<\/div>\n\t\t<h4 class=\"iconbox-heading\">\n\t\t\t\t<a href=\"https:\/\/www.daliform.com\/BIM-daliform\/ATLANTIS\/rendering\/Building-Materials_Other_Daliform_ATLANTIS_accessories.rvt.zip\">Accessori rendering<\/a>\n\t\t<\/h4>\n\t<\/div>[\/vc_column][vc_column width=\u00a0\u00bb1\/4&Prime;][vc_column_text css=\u00a0\u00bb.vc_custom_1653027604599{padding-bottom: 10px !important;}\u00a0\u00bb]<strong>AllPlan<\/strong>[\/vc_column_text]\n\t<div class=\"iconbox-wrapper \">\n\t\t<div class=\"iconbox-icon\">\n\t\t\t\t<i class=\"fa fa-file-archive-o \" style=\"color: #1e73be;font-size:20px;\"><\/i>\n\t\t<\/div>\n\t\t<h4 class=\"iconbox-heading\">\n\t\t\t\t<a href=\"https:\/\/www.daliform.com\/BIM-daliform\/ATLANTIS\/standard-use\/Building-Materials_Other_Daliform_ATLANTIS_50x50_For-standard-use.zip\">Standard<\/a>\n\t\t<\/h4>\n\t<\/div>\n\t<div class=\"iconbox-wrapper \">\n\t\t<div class=\"iconbox-icon\">\n\t\t\t\t<i class=\"fa fa-file-archive-o \" style=\"color: #1e73be;font-size:20px;\"><\/i>\n\t\t<\/div>\n\t\t<h4 class=\"iconbox-heading\">\n\t\t\t\t<a href=\"https:\/\/www.daliform.com\/BIM-daliform\/ATLANTIS\/rendering\/Building-Materials_Other_Daliform_ATLANTIS_50x50_For-rendering.zip\">Rendering<\/a>\n\t\t<\/h4>\n\t<\/div>[\/vc_column][vc_column width=\u00a0\u00bb1\/4&Prime;][vc_column_text css=\u00a0\u00bb.vc_custom_1652359047190{padding-bottom: 10px !important;}\u00a0\u00bb]<strong>Industry Foundation Classes (.ifc)<\/strong>[\/vc_column_text]\n\t<div class=\"iconbox-wrapper \">\n\t\t<div class=\"iconbox-icon\">\n\t\t\t\t<i class=\"fa fa-file-archive-o \" style=\"color: #1e73be;font-size:20px;\"><\/i>\n\t\t<\/div>\n\t\t<h4 class=\"iconbox-heading\">\n\t\t\t\t<a href=\"https:\/\/www.daliform.com\/BIM-daliform\/IGLU\/IGLU_ATLANTISstandard.ifc.zip\">Standard Use<\/a>\n\t\t<\/h4>\n\t<\/div>[\/vc_column][vc_column][vc_empty_space height=\u00a0\u00bb20px\u00a0\u00bb][vc_separator color=\u00a0\u00bbcustom\u00a0\u00bb border_width=\u00a0\u00bb2&Prime; accent_color=\u00a0\u00bb#cccccc\u00a0\u00bb][\/vc_column][\/vc_row][vc_row][vc_column width=\u00a0\u00bb1\/4&Prime;][vc_column_text css=\u00a0\u00bb.vc_custom_1652434289633{padding-bottom: 20px !important;}\u00a0\u00bb]<span style=\"color: #ed1d24;\"><strong>ATLANTIS SYSTEM 71&#215;71 <span style=\"color: #000000;\">BIM FILES<\/span><\/strong><\/span>[\/vc_column_text][vc_single_image image=\u00a0\u00bb107549&Prime; img_size=\u00a0\u00bb101X100&Prime;][\/vc_column][vc_column width=\u00a0\u00bb1\/4&Prime;][vc_column_text css=\u00a0\u00bb.vc_custom_1652358523932{padding-bottom: 10px !important;}\u00a0\u00bb]<strong>Revit<\/strong>[\/vc_column_text]\n\t<div class=\"iconbox-wrapper \">\n\t\t<div class=\"iconbox-icon\">\n\t\t\t\t<i class=\"fa fa-file-archive-o \" style=\"color: #1e73be;font-size:20px;\"><\/i>\n\t\t<\/div>\n\t\t<h4 class=\"iconbox-heading\">\n\t\t\t\t<a href=\"https:\/\/www.daliform.com\/BIM-daliform\/ATLANTIS\/standard-use\/Building-Materials_Daliform_ATLANTIS_71x71_For-standard-use.rfa.zip\">Standard<\/a>\n\t\t<\/h4>\n\t<\/div>\n\t<div class=\"iconbox-wrapper \">\n\t\t<div class=\"iconbox-icon\">\n\t\t\t\t<i class=\"fa fa-file-archive-o \" style=\"color: #1e73be;font-size:20px;\"><\/i>\n\t\t<\/div>\n\t\t<h4 class=\"iconbox-heading\">\n\t\t\t\t<a href=\"https:\/\/www.daliform.com\/BIM-daliform\/ATLANTIS\/rendering\/Building-Materials_Daliform_ATLANTIS_71x71_For-rendering.rfa.zip\">Rendering<\/a>\n\t\t<\/h4>\n\t<\/div>\n\t<div class=\"iconbox-wrapper \">\n\t\t<div class=\"iconbox-icon\">\n\t\t\t\t<i class=\"fa fa-file-archive-o \" style=\"color: #1e73be;font-size:20px;\"><\/i>\n\t\t<\/div>\n\t\t<h4 class=\"iconbox-heading\">\n\t\t\t\t<a href=\"https:\/\/www.daliform.com\/BIM-daliform\/ATLANTIS\/standard-use\/Building-Materials_Other_Daliform_ATLANTIS_accessories.rvt.zip\">Accessori standard use<\/a>\n\t\t<\/h4>\n\t<\/div>\n\t<div class=\"iconbox-wrapper \">\n\t\t<div class=\"iconbox-icon\">\n\t\t\t\t<i class=\"fa fa-file-archive-o \" style=\"color: #1e73be;font-size:20px;\"><\/i>\n\t\t<\/div>\n\t\t<h4 class=\"iconbox-heading\">\n\t\t\t\t<a href=\"https:\/\/www.daliform.com\/BIM-daliform\/ATLANTIS\/rendering\/Building-Materials_Other_Daliform_ATLANTIS_accessories.rvt.zip\">Accessori rendering<\/a>\n\t\t<\/h4>\n\t<\/div>[\/vc_column][vc_column width=\u00a0\u00bb1\/4&Prime;][vc_column_text css=\u00a0\u00bb.vc_custom_1653027604599{padding-bottom: 10px !important;}\u00a0\u00bb]<strong>AllPlan<\/strong>[\/vc_column_text]\n\t<div class=\"iconbox-wrapper \">\n\t\t<div class=\"iconbox-icon\">\n\t\t\t\t<i class=\"fa fa-file-archive-o \" style=\"color: #1e73be;font-size:20px;\"><\/i>\n\t\t<\/div>\n\t\t<h4 class=\"iconbox-heading\">\n\t\t\t\t<a href=\"https:\/\/www.daliform.com\/BIM-daliform\/ATLANTIS\/standard-use\/Atlantis71x71_standard.zip\">Standard<\/a>\n\t\t<\/h4>\n\t<\/div>\n\t<div class=\"iconbox-wrapper \">\n\t\t<div class=\"iconbox-icon\">\n\t\t\t\t<i class=\"fa fa-file-archive-o \" style=\"color: #1e73be;font-size:20px;\"><\/i>\n\t\t<\/div>\n\t\t<h4 class=\"iconbox-heading\">\n\t\t\t\t<a href=\"https:\/\/www.daliform.com\/BIM-daliform\/ATLANTIS\/standard-use\/Atlantis71x71_rendering.zip\">Rendering<\/a>\n\t\t<\/h4>\n\t<\/div>[\/vc_column][vc_column width=\u00a0\u00bb1\/4&Prime;][vc_column_text css=\u00a0\u00bb.vc_custom_1652359047190{padding-bottom: 10px !important;}\u00a0\u00bb]<strong>Industry Foundation Classes (.ifc)<\/strong>[\/vc_column_text]\n\t<div class=\"iconbox-wrapper \">\n\t\t<div class=\"iconbox-icon\">\n\t\t\t\t<i class=\"fa fa-file-archive-o \" style=\"color: #1e73be;font-size:20px;\"><\/i>\n\t\t<\/div>\n\t\t<h4 class=\"iconbox-heading\">\n\t\t\t\t<a href=\"https:\/\/www.daliform.com\/BIM-daliform\/ATLANTIS\/standard-use\/Atlantis71x71%20Standard.ifc\">Standard Use<\/a>\n\t\t<\/h4>\n\t<\/div>\n\t<div class=\"iconbox-wrapper \">\n\t\t<div class=\"iconbox-icon\">\n\t\t\t\t<i class=\"fa fa-file-archive-o \" style=\"color: #1e73be;font-size:20px;\"><\/i>\n\t\t<\/div>\n\t\t<h4 class=\"iconbox-heading\">\n\t\t\t\t<a href=\"https:\/\/www.daliform.com\/BIM-daliform\/ATLANTIS\/standard-use\/Atlantis71x71%20Rendering.ifc\">Rendering<\/a>\n\t\t<\/h4>\n\t<\/div>[\/vc_column][vc_column][vc_empty_space height=\u00a0\u00bb20px\u00a0\u00bb][vc_separator color=\u00a0\u00bbcustom\u00a0\u00bb border_width=\u00a0\u00bb2&Prime; accent_color=\u00a0\u00bb#cccccc\u00a0\u00bb][\/vc_column][\/vc_row][vc_row][vc_column width=\u00a0\u00bb1\/4&Prime;][vc_column_text css=\u00a0\u00bb.vc_custom_1652434374670{padding-bottom: 20px !important;}\u00a0\u00bb]<span style=\"color: #ed1d24;\"><strong>ATLANTIS SYSTEM 100&#215;100 <span style=\"color: #000000;\">BIM FILES<\/span><\/strong><\/span>[\/vc_column_text][vc_single_image image=\u00a0\u00bb107560&Prime; img_size=\u00a0\u00bb101X100&Prime;][\/vc_column][vc_column width=\u00a0\u00bb1\/4&Prime;][vc_column_text css=\u00a0\u00bb.vc_custom_1652358523932{padding-bottom: 10px !important;}\u00a0\u00bb]<strong>Revit<\/strong>[\/vc_column_text]\n\t<div class=\"iconbox-wrapper \">\n\t\t<div class=\"iconbox-icon\">\n\t\t\t\t<i class=\"fa fa-file-archive-o \" style=\"color: #1e73be;font-size:20px;\"><\/i>\n\t\t<\/div>\n\t\t<h4 class=\"iconbox-heading\">\n\t\t\t\t<a href=\"https:\/\/www.daliform.com\/BIM-daliform\/ATLANTIS\/standard-use\/Building-Materials_Other_Daliform_ATLANTIS_100x100_For-standard-use.rfa.zip\">Standard<\/a>\n\t\t<\/h4>\n\t<\/div>\n\t<div class=\"iconbox-wrapper \">\n\t\t<div class=\"iconbox-icon\">\n\t\t\t\t<i class=\"fa fa-file-archive-o \" style=\"color: #1e73be;font-size:20px;\"><\/i>\n\t\t<\/div>\n\t\t<h4 class=\"iconbox-heading\">\n\t\t\t\t<a href=\"https:\/\/www.daliform.com\/BIM-daliform\/ATLANTIS\/rendering\/Atlantis-100x100-rvt.zip\">Rendering<\/a>\n\t\t<\/h4>\n\t<\/div>\n\t<div class=\"iconbox-wrapper \">\n\t\t<div class=\"iconbox-icon\">\n\t\t\t\t<i class=\"fa fa-file-archive-o \" style=\"color: #1e73be;font-size:20px;\"><\/i>\n\t\t<\/div>\n\t\t<h4 class=\"iconbox-heading\">\n\t\t\t\t<a href=\"https:\/\/www.daliform.com\/BIM-daliform\/ATLANTIS\/standard-use\/Building-Materials_Other_Daliform_ATLANTIS_accessories.rvt.zip\">Accessori standard use<\/a>\n\t\t<\/h4>\n\t<\/div>\n\t<div class=\"iconbox-wrapper \">\n\t\t<div class=\"iconbox-icon\">\n\t\t\t\t<i class=\"fa fa-file-archive-o \" style=\"color: #1e73be;font-size:20px;\"><\/i>\n\t\t<\/div>\n\t\t<h4 class=\"iconbox-heading\">\n\t\t\t\t<a href=\"https:\/\/www.daliform.com\/BIM-daliform\/ATLANTIS\/rendering\/Building-Materials_Other_Daliform_ATLANTIS_accessories.rvt.zip\">Accessori rendering<\/a>\n\t\t<\/h4>\n\t<\/div>[\/vc_column][vc_column width=\u00a0\u00bb1\/4&Prime;][vc_column_text css=\u00a0\u00bb.vc_custom_1653027617143{padding-bottom: 10px !important;}\u00a0\u00bb]<strong>AllPlan<\/strong>[\/vc_column_text]\n\t<div class=\"iconbox-wrapper \">\n\t\t<div class=\"iconbox-icon\">\n\t\t\t\t<i class=\"fa fa-file-archive-o \" style=\"color: #1e73be;font-size:20px;\"><\/i>\n\t\t<\/div>\n\t\t<h4 class=\"iconbox-heading\">\n\t\t\t\t<a href=\"https:\/\/www.daliform.com\/BIM-daliform\/ATLANTIS\/standard-use\/Building-Materials_Other_Daliform_ATLANTIS_100x100_For-standard-use.zip\">Standard<\/a>\n\t\t<\/h4>\n\t<\/div>\n\t<div class=\"iconbox-wrapper \">\n\t\t<div class=\"iconbox-icon\">\n\t\t\t\t<i class=\"fa fa-file-archive-o \" style=\"color: #1e73be;font-size:20px;\"><\/i>\n\t\t<\/div>\n\t\t<h4 class=\"iconbox-heading\">\n\t\t\t\t<a href=\"https:\/\/www.daliform.com\/BIM-daliform\/ATLANTIS\/rendering\/Building-Materials_Other_Daliform_ATLANTIS-100x100_For-rendering.zip\">Rendering<\/a>\n\t\t<\/h4>\n\t<\/div>[\/vc_column][vc_column width=\u00a0\u00bb1\/4&Prime;][vc_column_text css=\u00a0\u00bb.vc_custom_1652359047190{padding-bottom: 10px !important;}\u00a0\u00bb]<strong>Industry Foundation Classes (.ifc)<\/strong>[\/vc_column_text]\n\t<div class=\"iconbox-wrapper \">\n\t\t<div class=\"iconbox-icon\">\n\t\t\t\t<i class=\"fa fa-file-archive-o \" style=\"color: #1e73be;font-size:20px;\"><\/i>\n\t\t<\/div>\n\t\t<h4 class=\"iconbox-heading\">\n\t\t\t\t<a href=\"https:\/\/www.daliform.com\/BIM-daliform\/IGLU\/IGLU_ATLANTISstandard.ifc.zip\">Standard Use<\/a>\n\t\t<\/h4>\n\t<\/div>[\/vc_column][vc_column][vc_empty_space height=\u00a0\u00bb50px\u00a0\u00bb][\/vc_column][\/vc_row][vc_row][vc_column][vc_column_text]<\/p>\n<h3><strong>DALLES ALL\u00c9G\u00c9ES<\/strong><\/h3>\n<p>[\/vc_column_text][vc_separator color=\u00a0\u00bbcustom\u00a0\u00bb accent_color=\u00a0\u00bb#ed1d24&Prime;][vc_empty_space height=\u00a0\u00bb5px\u00a0\u00bb][\/vc_column][\/vc_row][vc_row][vc_column width=\u00a0\u00bb1\/4&Prime;][vc_column_text css=\u00a0\u00bb.vc_custom_1652434480161{padding-bottom: 20px !important;}\u00a0\u00bb]<span style=\"color: #ed1d24;\"><strong>U-BOOT\u00ae BETON <span style=\"color: #000000;\">BIM FILES<\/span><\/strong><\/span>[\/vc_column_text][vc_single_image image=\u00a0\u00bb107527&Prime; img_size=\u00a0\u00bb100X75&Prime;][\/vc_column][vc_column width=\u00a0\u00bb1\/4&Prime;][vc_column_text css=\u00a0\u00bb.vc_custom_1652358523932{padding-bottom: 10px !important;}\u00a0\u00bb]<strong>Revit<\/strong>[\/vc_column_text]\n\t<div class=\"iconbox-wrapper \">\n\t\t<div class=\"iconbox-icon\">\n\t\t\t\t<i class=\"fa fa-file-archive-o \" style=\"color: #1e73be;font-size:20px;\"><\/i>\n\t\t<\/div>\n\t\t<h4 class=\"iconbox-heading\">\n\t\t\t\t<a href=\"https:\/\/www.daliform.com\/BIM-daliform\/U-BOOT\/uboot-standard\/Building-Materials_Other_Daliform_U-BOOT_For-standard-use.rvt.zip\">U-Boot\u00ae Beton standard<\/a>\n\t\t<\/h4>\n\t<\/div>\n\t<div class=\"iconbox-wrapper \">\n\t\t<div class=\"iconbox-icon\">\n\t\t\t\t<i class=\"fa fa-file-archive-o \" style=\"color: #1e73be;font-size:20px;\"><\/i>\n\t\t<\/div>\n\t\t<h4 class=\"iconbox-heading\">\n\t\t\t\t<a href=\"https:\/\/www.daliform.com\/BIM-daliform\/U-BOOT\/ubootcone-standard\/Building-Materials_Other_Daliform_U-BOOT-CONE_For-standard-use.rvt.zip\">U-Boot\u00ae Beton standard<\/a>\n\t\t<\/h4>\n\t<\/div>\n\t<div class=\"iconbox-wrapper \">\n\t\t<div class=\"iconbox-icon\">\n\t\t\t\t<i class=\"fa fa-file-archive-o \" style=\"color: #1e73be;font-size:20px;\"><\/i>\n\t\t<\/div>\n\t\t<h4 class=\"iconbox-heading\">\n\t\t\t\t<a href=\"https:\/\/www.daliform.com\/BIM-daliform\/U-BOOT\/uboot-rendering\/Building-Materials_Other_Daliform_U-BOOT_For-rendering.rvt\">U-Boot\u00ae Beton rendering<\/a>\n\t\t<\/h4>\n\t<\/div>\n\t<div class=\"iconbox-wrapper \">\n\t\t<div class=\"iconbox-icon\">\n\t\t\t\t<i class=\"fa fa-file-archive-o \" style=\"color: #1e73be;font-size:20px;\"><\/i>\n\t\t<\/div>\n\t\t<h4 class=\"iconbox-heading\">\n\t\t\t\t<a href=\"https:\/\/www.daliform.com\/BIM-daliform\/U-BOOT\/ubootcone-rendering\/Building-Materials_Other_Daliform_U-BOOT-CONE_For-rendering.rvt\">U-Boot\u00ae Beton rendering<\/a>\n\t\t<\/h4>\n\t<\/div>[\/vc_column][vc_column width=\u00a0\u00bb1\/4&Prime;][vc_column_text css=\u00a0\u00bb.vc_custom_1653027643187{padding-bottom: 10px !important;}\u00a0\u00bb]<strong>AllPlan<\/strong>[\/vc_column_text]\n\t<div class=\"iconbox-wrapper \">\n\t\t<div class=\"iconbox-icon\">\n\t\t\t\t<i class=\"fa fa-file-archive-o \" style=\"color: #1e73be;font-size:20px;\"><\/i>\n\t\t<\/div>\n\t\t<h4 class=\"iconbox-heading\">\n\t\t\t\t<a href=\"https:\/\/www.daliform.com\/BIM-daliform\/U-BOOT\/uboot-standard\/Building-Materials_Other_Daliform_U-BOOT-_For-standard-use.zip\">U-Boot\u00ae Beton standard<\/a>\n\t\t<\/h4>\n\t<\/div>\n\t<div class=\"iconbox-wrapper \">\n\t\t<div class=\"iconbox-icon\">\n\t\t\t\t<i class=\"fa fa-file-archive-o \" style=\"color: #1e73be;font-size:20px;\"><\/i>\n\t\t<\/div>\n\t\t<h4 class=\"iconbox-heading\">\n\t\t\t\t<a href=\"https:\/\/www.daliform.com\/BIM-daliform\/U-BOOT\/ubootcone-standard\/Building-Materials_Other_Daliform_U-BOOT%20CONE-For-standard-use.zip\">U-Boot\u00ae Beton CONE standard<\/a>\n\t\t<\/h4>\n\t<\/div>\n\t<div class=\"iconbox-wrapper \">\n\t\t<div class=\"iconbox-icon\">\n\t\t\t\t<i class=\"fa fa-file-archive-o \" style=\"color: #1e73be;font-size:20px;\"><\/i>\n\t\t<\/div>\n\t\t<h4 class=\"iconbox-heading\">\n\t\t\t\t<a href=\"https:\/\/www.daliform.com\/BIM-daliform\/U-BOOT\/uboot-rendering\/Building-Materials_Other_Daliform_U-BOOT-_For-standard-use.zip\">U-Boot\u00ae Beton rendering<\/a>\n\t\t<\/h4>\n\t<\/div>\n\t<div class=\"iconbox-wrapper \">\n\t\t<div class=\"iconbox-icon\">\n\t\t\t\t<i class=\"fa fa-file-archive-o \" style=\"color: #1e73be;font-size:20px;\"><\/i>\n\t\t<\/div>\n\t\t<h4 class=\"iconbox-heading\">\n\t\t\t\t<a href=\"https:\/\/www.daliform.com\/BIM-daliform\/U-BOOT\/ubootcone-rendering\/Building-Materials_Other_Daliform_U-BOOT-CONE-_For-rendering.zip\">U-Boot\u00ae Beton CONE rendering<\/a>\n\t\t<\/h4>\n\t<\/div>[\/vc_column][vc_column width=\u00a0\u00bb1\/4&Prime;][vc_column_text css=\u00a0\u00bb.vc_custom_1652359047190{padding-bottom: 10px !important;}\u00a0\u00bb]<strong>Industry Foundation Classes (.ifc)<\/strong>[\/vc_column_text]\n\t<div class=\"iconbox-wrapper \">\n\t\t<div class=\"iconbox-icon\">\n\t\t\t\t<i class=\"fa fa-file-archive-o \" style=\"color: #1e73be;font-size:20px;\"><\/i>\n\t\t<\/div>\n\t\t<h4 class=\"iconbox-heading\">\n\t\t\t\t<a href=\"https:\/\/www.daliform.com\/BIM-daliform\/U-BOOT\/\/U_BOOTstandard.ifc.zip\">Standard Use<\/a>\n\t\t<\/h4>\n\t<\/div>[\/vc_column][vc_column][vc_empty_space height=\u00a0\u00bb20px\u00a0\u00bb][\/vc_column][\/vc_row]<\/p>\n","protected":false},"excerpt":{"rendered":"<p>T\u00e9l\u00e9chargez gratuitement les objets BIM pour Revit et AllPlan: vides sanitaires a\u00e9r\u00e9s IGLU&rsquo;\u00ae et Syst\u00e8me Atlantis, dalles alleg\u00e9es avec U-Boot\u00ae Beton.<\/p>\n","protected":false},"author":1,"featured_media":34314,"parent":0,"menu_order":12,"comment_status":"closed","ping_status":"closed","template":"","meta":[],"acf":[],"aioseo_notices":[],"_links":{"self":[{"href":"https:\/\/www.daliform.com\/fr\/wp-json\/wp\/v2\/pages\/34655"}],"collection":[{"href":"https:\/\/www.daliform.com\/fr\/wp-json\/wp\/v2\/pages"}],"about":[{"href":"https:\/\/www.daliform.com\/fr\/wp-json\/wp\/v2\/types\/page"}],"author":[{"embeddable":true,"href":"https:\/\/www.daliform.com\/fr\/wp-json\/wp\/v2\/users\/1"}],"replies":[{"embeddable":true,"href":"https:\/\/www.daliform.com\/fr\/wp-json\/wp\/v2\/comments?post=34655"}],"version-history":[{"count":8,"href":"https:\/\/www.daliform.com\/fr\/wp-json\/wp\/v2\/pages\/34655\/revisions"}],"predecessor-version":[{"id":125178,"href":"https:\/\/www.daliform.com\/fr\/wp-json\/wp\/v2\/pages\/34655\/revisions\/125178"}],"wp:featuredmedia":[{"embeddable":true,"href":"https:\/\/www.daliform.com\/fr\/wp-json\/wp\/v2\/media\/34314"}],"wp:attachment":[{"href":"https:\/\/www.daliform.com\/fr\/wp-json\/wp\/v2\/media?parent=34655"}],"curies":[{"name":"wp","href":"https:\/\/api.w.org\/{rel}","templated":true}]}}