{"id":34044,"date":"2020-05-11T15:53:14","date_gmt":"2020-05-11T13:53:14","guid":{"rendered":"https:\/\/www.daliform.com\/solutions-de-construction\/"},"modified":"2021-09-09T11:03:57","modified_gmt":"2021-09-09T09:03:57","slug":"solutions-de-construction","status":"publish","type":"page","link":"https:\/\/www.daliform.com\/fr\/solutions-de-construction\/","title":{"rendered":"Solutions de construction"},"content":{"rendered":"<p>[vc_row row_id=\u00a0\u00bbSolutions\u00a0\u00bb][vc_column][vc_basic_grid post_type=\u00a0\u00bbids\u00a0\u00bb element_width=\u00a0\u00bb3&Prime; item=\u00a0\u00bb24415&Prime; grid_id=\u00a0\u00bbvc_gid:1595408156586-8a531310-32a9-7&Prime; include=\u00a0\u00bb2336, 5439, 5446, 5452, 5455, 5458, 5461, 5464&Prime;][\/vc_column][\/vc_row]<\/p>\n","protected":false},"excerpt":{"rendered":"<p>Solutions pour vides sanitaires aer\u00e9s, radiers, dalles all\u00e9g\u00e9es, jardins suspendus, stationnements carrossables, cuves de r\u00e9tention ou dispersion des eaux pluviales.<\/p>\n","protected":false},"author":11,"featured_media":33797,"parent":0,"menu_order":13,"comment_status":"closed","ping_status":"closed","template":"","meta":[],"acf":[],"aioseo_notices":[],"_links":{"self":[{"href":"https:\/\/www.daliform.com\/fr\/wp-json\/wp\/v2\/pages\/34044"}],"collection":[{"href":"https:\/\/www.daliform.com\/fr\/wp-json\/wp\/v2\/pages"}],"about":[{"href":"https:\/\/www.daliform.com\/fr\/wp-json\/wp\/v2\/types\/page"}],"author":[{"embeddable":true,"href":"https:\/\/www.daliform.com\/fr\/wp-json\/wp\/v2\/users\/11"}],"replies":[{"embeddable":true,"href":"https:\/\/www.daliform.com\/fr\/wp-json\/wp\/v2\/comments?post=34044"}],"version-history":[{"count":1,"href":"https:\/\/www.daliform.com\/fr\/wp-json\/wp\/v2\/pages\/34044\/revisions"}],"predecessor-version":[{"id":108838,"href":"https:\/\/www.daliform.com\/fr\/wp-json\/wp\/v2\/pages\/34044\/revisions\/108838"}],"wp:featuredmedia":[{"embeddable":true,"href":"https:\/\/www.daliform.com\/fr\/wp-json\/wp\/v2\/media\/33797"}],"wp:attachment":[{"href":"https:\/\/www.daliform.com\/fr\/wp-json\/wp\/v2\/media?parent=34044"}],"curies":[{"name":"wp","href":"https:\/\/api.w.org\/{rel}","templated":true}]}}