{"id":130627,"date":"2025-02-10T16:49:10","date_gmt":"2025-02-10T15:49:10","guid":{"rendered":"https:\/\/www.daliform.com\/references\/costuzione-dellospedale-cacuaco-general-hospital\/"},"modified":"2025-02-10T18:03:06","modified_gmt":"2025-02-10T17:03:06","slug":"construction-de-lhopital-general-de-cacuaco","status":"publish","type":"page","link":"https:\/\/www.daliform.com\/fr\/references\/construction-de-lhopital-general-de-cacuaco\/","title":{"rendered":"Construction de l&rsquo;H\u00d4PITAL G\u00c9N\u00c9RAL DE CACUACO"},"content":{"rendered":"","protected":false},"excerpt":{"rendered":"","protected":false},"author":1,"featured_media":0,"parent":84031,"menu_order":0,"comment_status":"closed","ping_status":"closed","template":"template-reference.php","meta":[],"acf":[],"aioseo_notices":[],"_links":{"self":[{"href":"https:\/\/www.daliform.com\/fr\/wp-json\/wp\/v2\/pages\/130627"}],"collection":[{"href":"https:\/\/www.daliform.com\/fr\/wp-json\/wp\/v2\/pages"}],"about":[{"href":"https:\/\/www.daliform.com\/fr\/wp-json\/wp\/v2\/types\/page"}],"author":[{"embeddable":true,"href":"https:\/\/www.daliform.com\/fr\/wp-json\/wp\/v2\/users\/1"}],"replies":[{"embeddable":true,"href":"https:\/\/www.daliform.com\/fr\/wp-json\/wp\/v2\/comments?post=130627"}],"version-history":[{"count":1,"href":"https:\/\/www.daliform.com\/fr\/wp-json\/wp\/v2\/pages\/130627\/revisions"}],"predecessor-version":[{"id":130628,"href":"https:\/\/www.daliform.com\/fr\/wp-json\/wp\/v2\/pages\/130627\/revisions\/130628"}],"up":[{"embeddable":true,"href":"https:\/\/www.daliform.com\/fr\/wp-json\/wp\/v2\/pages\/84031"}],"wp:attachment":[{"href":"https:\/\/www.daliform.com\/fr\/wp-json\/wp\/v2\/media?parent=130627"}],"curies":[{"name":"wp","href":"https:\/\/api.w.org\/{rel}","templated":true}]}}