{"id":110300,"date":"2023-04-03T15:28:19","date_gmt":"2023-04-03T13:28:19","guid":{"rendered":"https:\/\/www.daliform.com\/references\/lightened-slab-for-industrial-building\/"},"modified":"2023-04-03T17:53:13","modified_gmt":"2023-04-03T15:53:13","slug":"dalle-allegee-pour-batiment-industriel","status":"publish","type":"page","link":"https:\/\/www.daliform.com\/fr\/references\/dalle-allegee-pour-batiment-industriel\/","title":{"rendered":"Dalle all\u00e9g\u00e9e pour b\u00e2timent industriel"},"content":{"rendered":"","protected":false},"excerpt":{"rendered":"","protected":false},"author":13,"featured_media":0,"parent":84031,"menu_order":154,"comment_status":"closed","ping_status":"closed","template":"template-reference.php","meta":[],"acf":[],"aioseo_notices":[],"_links":{"self":[{"href":"https:\/\/www.daliform.com\/fr\/wp-json\/wp\/v2\/pages\/110300"}],"collection":[{"href":"https:\/\/www.daliform.com\/fr\/wp-json\/wp\/v2\/pages"}],"about":[{"href":"https:\/\/www.daliform.com\/fr\/wp-json\/wp\/v2\/types\/page"}],"author":[{"embeddable":true,"href":"https:\/\/www.daliform.com\/fr\/wp-json\/wp\/v2\/users\/13"}],"replies":[{"embeddable":true,"href":"https:\/\/www.daliform.com\/fr\/wp-json\/wp\/v2\/comments?post=110300"}],"version-history":[{"count":2,"href":"https:\/\/www.daliform.com\/fr\/wp-json\/wp\/v2\/pages\/110300\/revisions"}],"predecessor-version":[{"id":110309,"href":"https:\/\/www.daliform.com\/fr\/wp-json\/wp\/v2\/pages\/110300\/revisions\/110309"}],"up":[{"embeddable":true,"href":"https:\/\/www.daliform.com\/fr\/wp-json\/wp\/v2\/pages\/84031"}],"wp:attachment":[{"href":"https:\/\/www.daliform.com\/fr\/wp-json\/wp\/v2\/media?parent=110300"}],"curies":[{"name":"wp","href":"https:\/\/api.w.org\/{rel}","templated":true}]}}