{"id":103126,"date":"2022-04-06T14:11:45","date_gmt":"2022-04-06T12:11:45","guid":{"rendered":"https:\/\/www.daliform.com\/?page_id=103126"},"modified":"2022-04-06T14:18:39","modified_gmt":"2022-04-06T12:18:39","slug":"ancienne-verrerie-lux-fondations-ventilees-pour-un-batiment-residentiel","status":"publish","type":"page","link":"https:\/\/www.daliform.com\/fr\/references\/ancienne-verrerie-lux-fondations-ventilees-pour-un-batiment-residentiel\/","title":{"rendered":"Ancienne verrerie \u00ab\u00a0Lux\u00a0\u00bb &#8211; fondations ventil\u00e9es pour un b\u00e2timent r\u00e9sidentiel"},"content":{"rendered":"","protected":false},"excerpt":{"rendered":"","protected":false},"author":1,"featured_media":0,"parent":84031,"menu_order":188,"comment_status":"closed","ping_status":"closed","template":"template-reference.php","meta":[],"acf":[],"aioseo_notices":[],"_links":{"self":[{"href":"https:\/\/www.daliform.com\/fr\/wp-json\/wp\/v2\/pages\/103126"}],"collection":[{"href":"https:\/\/www.daliform.com\/fr\/wp-json\/wp\/v2\/pages"}],"about":[{"href":"https:\/\/www.daliform.com\/fr\/wp-json\/wp\/v2\/types\/page"}],"author":[{"embeddable":true,"href":"https:\/\/www.daliform.com\/fr\/wp-json\/wp\/v2\/users\/1"}],"replies":[{"embeddable":true,"href":"https:\/\/www.daliform.com\/fr\/wp-json\/wp\/v2\/comments?post=103126"}],"version-history":[{"count":0,"href":"https:\/\/www.daliform.com\/fr\/wp-json\/wp\/v2\/pages\/103126\/revisions"}],"up":[{"embeddable":true,"href":"https:\/\/www.daliform.com\/fr\/wp-json\/wp\/v2\/pages\/84031"}],"wp:attachment":[{"href":"https:\/\/www.daliform.com\/fr\/wp-json\/wp\/v2\/media?parent=103126"}],"curies":[{"name":"wp","href":"https:\/\/api.w.org\/{rel}","templated":true}]}}