{"id":71164,"date":"2015-02-05T10:22:10","date_gmt":"2015-02-05T09:22:10","guid":{"rendered":"https:\/\/www.daliform.com\/?page_id=71164"},"modified":"2021-10-15T16:55:06","modified_gmt":"2021-10-15T14:55:06","slug":"contactos","status":"publish","type":"page","link":"https:\/\/www.daliform.com\/es\/contactos\/","title":{"rendered":"Contactos"},"content":{"rendered":"<p>[vc_row row_type=\u00bbrow_fullwidth_content\u00bb][vc_column width=\u00bb1\/3&#8243;][vc_column_text css=\u00bb.vc_custom_1634308775423{padding-top: 10px !important;padding-bottom: 10px !important;}\u00bb]<\/p>\n<h4 style=\"text-align: left;\">DALIFORM GROUP srl<\/h4>\n<p style=\"text-align: left;\">Via Postumia Centro, 49<br \/>\n31040 Gorgo al Monticano (TV) &#8211; Italy<br \/>\n+39 0422 2083<br \/>\n<a href=\"mailto:export@daliform.com\">export@daliform.com<\/a><\/p>\n<p style=\"font-size: 11px; text-align: left;\">Cap. Soc. \u20ac 40.000 i.v. | C.F. e P.IVA IT 04296720263 | Reg. Imp. TV n. 04296720263<\/p>\n<p>[\/vc_column_text][vc_separator][vc_column_text]<\/p>\n<p style=\"font-size: 13px; text-align: left;\">Follow us:<\/p>\n<p>[\/vc_column_text][vc_row_inner][vc_column_inner width=\u00bb1\/3&#8243;][vc_icon icon_fontawesome=\u00bbfab fa-facebook-square\u00bb color=\u00bbcustom\u00bb background_style=\u00bbrounded\u00bb background_color=\u00bbcustom\u00bb custom_color=\u00bb#1e73be\u00bb link=\u00bburl:https%3A%2F%2Fwww.facebook.com%2Fdaliform|||\u00bb custom_background_color=\u00bb#f2f2f2&#8243;][\/vc_column_inner][vc_column_inner width=\u00bb1\/3&#8243;][vc_icon icon_fontawesome=\u00bbfab fa-linkedin\u00bb color=\u00bbcustom\u00bb background_style=\u00bbrounded\u00bb background_color=\u00bbcustom\u00bb custom_color=\u00bb#1e73be\u00bb link=\u00bburl:https%3A%2F%2Fwww.linkedin.com%2Fcompany%2Fdaliform-group-srl%2F|||\u00bb custom_background_color=\u00bb#f2f2f2&#8243;][\/vc_column_inner][vc_column_inner width=\u00bb1\/3&#8243;][vc_icon icon_fontawesome=\u00bbfab fa-youtube\u00bb color=\u00bbcustom\u00bb background_style=\u00bbrounded\u00bb background_color=\u00bbcustom\u00bb custom_color=\u00bb#dd3333&#8243; link=\u00bburl:https%3A%2F%2Fwww.youtube.com%2Fuser%2FDaliformGroup1|||\u00bb custom_background_color=\u00bb#f2f2f2&#8243;][\/vc_column_inner][\/vc_row_inner][\/vc_column][vc_column width=\u00bb2\/3&#8243;][vc_column_text css=\u00bb.vc_custom_1581088432308{padding-top: 5px !important;padding-right: 5px !important;padding-bottom: 5px !important;padding-left: 5px !important;background-color: #f2f2f2 !important;}\u00bb]<\/p>\n<p><iframe loading=\"lazy\" style=\"border: 0;\" src=\"https:\/\/www.google.com\/maps\/embed?pb=!1m18!1m12!1m3!1d1974.2094010139892!2d12.560251647888347!3d45.785340757797535!2m3!1f0!2f0!3f0!3m2!1i1024!2i768!4f13.1!3m3!1m2!1s0x47795dad61791783%3A0x34fa62b93df2360b!2sDaliform%20Group%20srl!5e0!3m2!1sit!2sit!4v1581087790107!5m2!1sit!2sit\" width=\"100%\" height=\"600\" frameborder=\"0\" allowfullscreen=\"allowfullscreen\" data-mce-fragment=\"1\"><\/iframe><\/p>\n<p>[\/vc_column_text][\/vc_column][\/vc_row]<\/p>\n","protected":false},"excerpt":{"rendered":"<p>P\u00f3ngase en contacto con Daliform Group y env\u00ede un mensaje para solicitar informaci\u00f3n. Si desea hablar con un representante de Servicio al cliente, comun\u00edquese con nosotros.<\/p>\n","protected":false},"author":1,"featured_media":71051,"parent":0,"menu_order":41,"comment_status":"closed","ping_status":"closed","template":"","meta":[],"acf":[],"aioseo_notices":[],"_links":{"self":[{"href":"https:\/\/www.daliform.com\/es\/wp-json\/wp\/v2\/pages\/71164"}],"collection":[{"href":"https:\/\/www.daliform.com\/es\/wp-json\/wp\/v2\/pages"}],"about":[{"href":"https:\/\/www.daliform.com\/es\/wp-json\/wp\/v2\/types\/page"}],"author":[{"embeddable":true,"href":"https:\/\/www.daliform.com\/es\/wp-json\/wp\/v2\/users\/1"}],"replies":[{"embeddable":true,"href":"https:\/\/www.daliform.com\/es\/wp-json\/wp\/v2\/comments?post=71164"}],"version-history":[{"count":0,"href":"https:\/\/www.daliform.com\/es\/wp-json\/wp\/v2\/pages\/71164\/revisions"}],"wp:featuredmedia":[{"embeddable":true,"href":"https:\/\/www.daliform.com\/es\/wp-json\/wp\/v2\/media\/71051"}],"wp:attachment":[{"href":"https:\/\/www.daliform.com\/es\/wp-json\/wp\/v2\/media?parent=71164"}],"curies":[{"name":"wp","href":"https:\/\/api.w.org\/{rel}","templated":true}]}}