{"id":71045,"date":"2015-02-05T10:21:41","date_gmt":"2015-02-05T09:21:41","guid":{"rendered":"https:\/\/www.daliform.com\/?page_id=71045"},"modified":"2022-02-15T15:15:09","modified_gmt":"2022-02-15T14:15:09","slug":"sociedad","status":"publish","type":"page","link":"https:\/\/www.daliform.com\/es\/sociedad\/","title":{"rendered":"Sociedad"},"content":{"rendered":"<p>[vc_row padding_top=\u00bb10&#8243; padding_bottom=\u00bb10&#8243;][vc_column width=\u00bb1\/3&#8243;][vc_single_image image=\u00bb71051&#8243; img_size=\u00bbfull\u00bb alignment=\u00bbcenter\u00bb][\/vc_column][vc_column width=\u00bb2\/3&#8243;][vc_column_text]<\/p>\n<h5 style=\"text-align: justify;\"><strong>Daliform Group es la empresa l\u00edder en la creaci\u00f3n y la producci\u00f3n de productos de pl\u00e1stico para el sector de la construcci\u00f3n.<\/strong><\/h5>\n<p>La empresa, con su plantilla t\u00e9cnica de ingenieros sumamente cualificados, sigue siendo una \u201cforja de innovaciones exitosas\u201d; innovaciones que han mejorado mucho la manera de construir en los dos \u00faltimos decenios, con especial referencia a las losas huecas y c\u00e1maras de aislamiento ventiladas (IGLU\u2019<sup>\u00ae<\/sup> y ATLANTIS) a los forjados aligerados birideccionales (U-BOOT<sup>\u00ae<\/sup> BETON) y unidireccionales (U-BAHN BETON\u00ae), a los c\u00e9spedes transitables (PRATOPRATICO<sup>\u00ae<\/sup>, E.C.O. de Pratopratico<sup>\u00ae<\/sup>, Easy Park<sup>\u00ae<\/sup>, Easy Ride, V-Green<sup>\u00ae<\/sup>).[\/vc_column_text][\/vc_column][vc_column css=\u00bb.vc_custom_1459494796289{margin-top: 10px !important;margin-bottom: -10px !important;}\u00bb][vc_column_text]<\/p>\n<p style=\"text-align: justify;\">Daliform Group srl fue fundada en 2009 con el objetivo de heredar el prestigioso y exclusivo patrimonio de conocimientos y competencias de la empresa Daliform srl de Pordenone, la cual desde 1993 se ha distinguido por su capacidad de crear productos punteros para la construcci\u00f3n utilizando pl\u00e1stico reciclado, productos centrados en solucionar de una manera definitiva el problema de la humedad de remonte y \u00e9l de la concentraci\u00f3n de Gas Rad\u00f3n aflorante del subsuelo.<\/p>\n<p style=\"text-align: justify;\"><em>La iniciativa empresarial arranc\u00f3, a principios de los a\u00f1os 90, de una ley de la regi\u00f3n Friuli Venezia Giulia (la n\u00famero 44 del 23 de agosto de 1985) que, por primera vez en Italia, dict\u00f3 detalladamente las reglas para el uso obligatorio de la c\u00e1mara de aislamiento ventilada despu\u00e9s de averiguar la presencia de fuertes concentraciones de gas Rad\u00f3n en el territorio regional. <\/em><br \/>\n<em>Con respecto a las realizaciones tradicionales (muretes y rasillas o forjados) Daliform srl propuso entonces su propio sistema innovador y revolucionario de encofrados IGLU\u2019 que en muy poco tiempo cosech\u00f3 un gran \u00e9xito.<\/em><\/p>\n<p>[\/vc_column_text][\/vc_column][\/vc_row]<\/p>\n","protected":false},"excerpt":{"rendered":"<p>Daliform Group es la empresa l\u00edder en la creaci\u00f3n y la producci\u00f3n de productos de pl\u00e1stico para el sector de la construcci\u00f3n.<\/p>\n","protected":false},"author":1,"featured_media":70790,"parent":0,"menu_order":38,"comment_status":"closed","ping_status":"closed","template":"template-company.php","meta":[],"acf":[],"aioseo_notices":[],"_links":{"self":[{"href":"https:\/\/www.daliform.com\/es\/wp-json\/wp\/v2\/pages\/71045"}],"collection":[{"href":"https:\/\/www.daliform.com\/es\/wp-json\/wp\/v2\/pages"}],"about":[{"href":"https:\/\/www.daliform.com\/es\/wp-json\/wp\/v2\/types\/page"}],"author":[{"embeddable":true,"href":"https:\/\/www.daliform.com\/es\/wp-json\/wp\/v2\/users\/1"}],"replies":[{"embeddable":true,"href":"https:\/\/www.daliform.com\/es\/wp-json\/wp\/v2\/comments?post=71045"}],"version-history":[{"count":0,"href":"https:\/\/www.daliform.com\/es\/wp-json\/wp\/v2\/pages\/71045\/revisions"}],"wp:featuredmedia":[{"embeddable":true,"href":"https:\/\/www.daliform.com\/es\/wp-json\/wp\/v2\/media\/70790"}],"wp:attachment":[{"href":"https:\/\/www.daliform.com\/es\/wp-json\/wp\/v2\/media?parent=71045"}],"curies":[{"name":"wp","href":"https:\/\/api.w.org\/{rel}","templated":true}]}}