{"id":70928,"date":"2020-07-01T10:00:14","date_gmt":"2020-07-01T08:00:14","guid":{"rendered":"https:\/\/www.daliform.com\/?page_id=70928"},"modified":"2024-08-02T09:43:25","modified_gmt":"2024-08-02T07:43:25","slug":"software-uboot-es","status":"publish","type":"page","link":"https:\/\/www.daliform.com\/es\/servicio-de-ingenieria\/software-uboot-es\/","title":{"rendered":"U-BOOT\u00ae BETON DESIGN SOFTWARE"},"content":{"rendered":"<p>[vc_row row_type=\u00bbrow_full_center_content\u00bb bg_color=\u00bb#eeeeee\u00bb padding_left=\u00bb20&#8243; padding_right=\u00bb20&#8243;][vc_column][vc_text_separator title=\u00bbU-BOOT\u00ae BETON DESIGN SOFTWARE\u00bb title_align=\u00bbseparator_align_left\u00bb color=\u00bbwhite\u00bb][vc_empty_space height=\u00bb5px\u00bb][\/vc_column][vc_column width=\u00bb1\/2&#8243;][vc_column_text]<\/p>\n<h3>U-Boot\u00ae Beton Design Software, la herramienta esencial para el an\u00e1lisis estructural del dise\u00f1o de placas<\/h3>\n<p>El <strong>software de dise\u00f1o U-Boot\u00ae Beton<\/strong> satisface las necesidades de los dise\u00f1adores que se enfrentan al estudio de losas aligeradas con el sistema Daliform Group U-Boot\u00ae Beton, proporcion\u00e1ndoles todos los datos necesarios para llevar a cabo correctamente los an\u00e1lisis estructurales preparatorios para el dimensionamiento del losa.[\/vc_column_text][vc_empty_space][vc_button title=\u00bbget started!\u00bb color=\u00bbprimary\u00bb size=\u00bblarge\u00bb margin_top=\u00bb20&#8243; link=\u00bburl:http%3A%2F%2Fuboot-software.daliform.com%2F|target:_blank\u00bb][vc_column_text]<\/p>\n<p style=\"text-align: left;\">The Software is available for free.<\/p>\n<p>[\/vc_column_text][\/vc_column][vc_column width=\u00bb1\/2&#8243;][vc_column_text]<\/p>\n<h4><strong>Obtenga m\u00e1s informaci\u00f3n sobre el software U-Boot\u00ae Beton, consulte las gu\u00edas y vea los tutoriales en v\u00eddeo.<\/strong><\/h4>\n<p>[\/vc_column_text][vc_column_text]<\/p>\n<p class=\"p1\"><a href=\"https:\/\/www.daliform.com\/wp-content\/uploads\/2024\/08\/Guida-UBoot-Software_EN_llow.pdf\" target=\"_blank\" rel=\"noopener\"><strong>Gu\u00eda de predimensionamiento U-Boot\u00ae Beton para forjados aligerados<\/strong><\/a><\/p>\n<p><a href=\"https:\/\/www.daliform.com\/en\/u-boot-beton-design-software-tutorial\/\" target=\"_blank\" rel=\"noopener\"><strong><span class=\"VIiyi\" lang=\"it\"><span class=\"JLqJ4b ChMk0b\" data-language-for-alternatives=\"it\" data-language-to-translate-into=\"en\" data-phrase-index=\"0\" data-number-of-phrases=\"1\"><span class=\"Q4iAWc\">Lee el manual de instrucciones del software<\/span><\/span><\/span><\/strong><\/a>[\/vc_column_text][vc_column_text]<span style=\"color: #000000;\"><a style=\"color: #000000;\" href=\"https:\/\/youtu.be\/D5c2EuXePi8\" target=\"_blank\" rel=\"noopener\"><strong>Ver el v\u00eddeo tutorial completo<\/strong><\/a><\/span><\/p>\n<p><span style=\"color: #000000;\"><a style=\"color: #000000;\" href=\"https:\/\/www.youtube.com\/playlist?list=PLvxkADPUdJaMOVaGanIulFZnEfCw_zlaL\" target=\"_blank\" rel=\"noopener\"><strong>Ver todos los v\u00eddeos Tutorial<\/strong><\/a><\/span>[\/vc_column_text][\/vc_column][\/vc_row][vc_row row_id=\u00bbhomeAdditionalBoxes\u00bb row_type=\u00bbrow_full_center_content\u00bb][vc_column el_class=\u00bbhomeBook\u00bb][vc_empty_space][vc_text_separator title=\u00bbTECHNICAL TEXTBOOK\u00bb title_align=\u00bbseparator_align_left\u00bb][vc_empty_space height=\u00bb20px\u00bb][\/vc_column][vc_column width=\u00bb1\/4&#8243;][vc_column_text]<div class=\"_df_book df-lite\" id=\"df_107427\"  data-title=\"book-u-boot-beton-en\" _slug=\"book-u-boot-beton-it-2\" wpoptions=\"true\" thumb=\"https:\/\/www.daliform.com\/wp-content\/uploads\/2015\/02\/copertina-libro.jpg\" thumbtype=\"bg\" ><p class=\"df-raw-loading\">Please wait while flipbook is loading. For more related info, FAQs and issues please refer to <a href=\"https:\/\/wordpress.org\/plugins\/3d-flipbook-dflip-lite\/#installation\">DearFlip WordPress Flipbook Plugin Help<\/a> documentation.<\/p><\/div><script class=\"df-shortcode-script\" type=\"application\/javascript\">window.option_df_107427 = {\"outline\":[],\"backgroundColor\":\"#f2f2f2\",\"hard\":\"cover\",\"forceFit\":\"true\",\"autoEnableOutline\":\"false\",\"autoEnableThumbnail\":\"false\",\"overwritePDFOutline\":\"false\",\"enableDownload\":\"false\",\"direction\":\"1\",\"pageSize\":\"0\",\"controlsPosition\":\"bottom\",\"soundEnable\":\"false\",\"source\":\"https:\\\/\\\/www.daliform.com\\\/wp-content\\\/uploads\\\/2022\\\/05\\\/Pagine_UBOOT-book-en.pdf\",\"wpOptions\":\"true\"}; if(window.DFLIP && window.DFLIP.parseBooks){window.DFLIP.parseBooks();}<\/script><br \/>\n<span style=\"font-size: 11px;\"><em>Flick through a few pages of the book <\/em><\/span>[\/vc_column_text][\/vc_column][vc_column width=\u00bb3\/4&#8243;][vc_column_text]<\/p>\n<h3>\u00bfLey\u00f3 el primer libro de texto t\u00e9cnico sobre losas anuladas bidireccionales con el sistema U-Boot\u00ae Beton?<\/h3>\n<p>Al concluir un proyecto desarrollado en colaboraci\u00f3n con el Politecnico di Milano que comenz\u00f3 en 2013, Daliform Group se enorgullece en anunciar la publicaci\u00f3n de un importante libro de texto t\u00e9cnico titulado:<br \/>\n\u201cAnalysis and design of reinforced concrete voided slabs also subject to seismic actions. Using the U-Boot\u00ae Beton System\u201d.<\/p>\n<p>El libro, publicado por Dario Flaccovio, es un manual t\u00e9cnico pr\u00e1ctico dirigido a todos los consultores del sector de la construcci\u00f3n que deseen obtener m\u00e1s informaci\u00f3n sobre el uso de losas anuladas de dos v\u00edas.<\/p>\n<p>El estudio incluye los resultados de un extenso programa experimental realizado en el Polit\u00e9cnico de Mil\u00e1n, que destaca la excelente respuesta bidireccional de losas anuladas y el rendimiento eficiente en presencia de acciones s\u00edsmicas. Los resultados experimentales aqu\u00ed presentados est\u00e1n respaldados por modelos num\u00e9ricos avanzados.<\/p>\n<p>En general, los resultados derivados de la experimentaci\u00f3n f\u00edsica y num\u00e9rica forman una base s\u00f3lida para la comprensi\u00f3n y el dise\u00f1o de sistemas de losas anuladas para cargas s\u00edsmicas y de gravedad.<\/p>\n<p><a href=\"https:\/\/www.darioflaccovio.it\/calcolo-strutture-cemento-armato\/771-solai-alleggeriti-u-boot-calcestruzzo-armato-azioni-gravitazionali-sismiche.html\">Distribuido por Dario Flaccovio Editore.<\/a>[\/vc_column_text][\/vc_column][\/vc_row]<\/p>\n","protected":false},"excerpt":{"rendered":"<p>El servicio de ingenier\u00eda est\u00e1 a disposici\u00f3n de la clientela par el proyecto, el co-proyecto, estudios de factibilidad, los an\u00e1lisis comparados y de costes.<\/p>\n","protected":false},"author":1,"featured_media":0,"parent":70836,"menu_order":0,"comment_status":"closed","ping_status":"closed","template":"template-product.php","meta":[],"acf":[],"aioseo_notices":[],"_links":{"self":[{"href":"https:\/\/www.daliform.com\/es\/wp-json\/wp\/v2\/pages\/70928"}],"collection":[{"href":"https:\/\/www.daliform.com\/es\/wp-json\/wp\/v2\/pages"}],"about":[{"href":"https:\/\/www.daliform.com\/es\/wp-json\/wp\/v2\/types\/page"}],"author":[{"embeddable":true,"href":"https:\/\/www.daliform.com\/es\/wp-json\/wp\/v2\/users\/1"}],"replies":[{"embeddable":true,"href":"https:\/\/www.daliform.com\/es\/wp-json\/wp\/v2\/comments?post=70928"}],"version-history":[{"count":3,"href":"https:\/\/www.daliform.com\/es\/wp-json\/wp\/v2\/pages\/70928\/revisions"}],"predecessor-version":[{"id":113432,"href":"https:\/\/www.daliform.com\/es\/wp-json\/wp\/v2\/pages\/70928\/revisions\/113432"}],"up":[{"embeddable":true,"href":"https:\/\/www.daliform.com\/es\/wp-json\/wp\/v2\/pages\/70836"}],"wp:attachment":[{"href":"https:\/\/www.daliform.com\/es\/wp-json\/wp\/v2\/media?parent=70928"}],"curies":[{"name":"wp","href":"https:\/\/api.w.org\/{rel}","templated":true}]}}