{"id":70836,"date":"2016-04-06T15:18:46","date_gmt":"2016-04-06T13:18:46","guid":{"rendered":"https:\/\/www.daliform.com\/?page_id=70836"},"modified":"2022-05-13T15:07:08","modified_gmt":"2022-05-13T13:07:08","slug":"servicio-de-ingenieria","status":"publish","type":"page","link":"https:\/\/www.daliform.com\/es\/servicio-de-ingenieria\/","title":{"rendered":"Servicio de ingenier\u00ed\u00ada"},"content":{"rendered":"<p>[vc_row row_type=\u00bbrow_full_center_content\u00bb][vc_column][vc_row_inner][vc_column_inner width=\u00bb1\/3&#8243;][vc_single_image image=\u00bb107416&#8243; img_size=\u00bblarge\u00bb style=\u00bbvc_box_border\u00bb][\/vc_column_inner][vc_column_inner width=\u00bb2\/3&#8243;][vc_column_text]<\/p>\n<p style=\"text-align: justify;\"><span style=\"color: #000000;\"><strong>El servicio de ingenier\u00eda de Daliform Group <\/strong>est\u00e1 a disposici\u00f3n de la clientela (proyectistas, empresas, revendedores, comitentes) para todo lo que respecta al proyecto, el co-proyecto, los estudios de factibilidad, los an\u00e1lisis comparados y de costes.<\/span><br \/>\n<span style=\"color: #000000;\">Nuestra oficina t\u00e9cnica, gracias a nuestro equipo de ingenieros expertos, puede proporcionar todo el apoyo necesario desde la fase preliminar y de planificaci\u00f3n hasta la asistencia en el sitio de construcci\u00f3n.<\/span><br \/>\n<span style=\"color: #000000;\">Los productos de Daliform Group est\u00e1n presentes en las <strong>BIM files<\/strong> y se pueden insertar f\u00e1cilmente en el proyecto gracias a las propiedades en profundidad asociadas con los objetos.<\/span><\/p>\n<p>[\/vc_column_text][vc_button title=\u00bbBIM &#8211; Download\u00bb color=\u00bbprimary\u00bb margin_top=\u00bb-20px\u00bb link=\u00bburl:https%3A%2F%2Fwww.daliform.com%2Fes%2Fbim-bibliotecas-daliform%2F|title:BIM\u00bb][\/vc_column_inner][\/vc_row_inner][\/vc_column][\/vc_row]<\/p>\n","protected":false},"excerpt":{"rendered":"<p>El servicio de ingenier\u00eda est\u00e1 a disposici\u00f3n de la clientela par el proyecto, el co-proyecto, estudios de factibilidad, los an\u00e1lisis comparados y de costes.<\/p>\n","protected":false},"author":1,"featured_media":0,"parent":0,"menu_order":37,"comment_status":"closed","ping_status":"closed","template":"template-product.php","meta":[],"acf":[],"aioseo_notices":[],"_links":{"self":[{"href":"https:\/\/www.daliform.com\/es\/wp-json\/wp\/v2\/pages\/70836"}],"collection":[{"href":"https:\/\/www.daliform.com\/es\/wp-json\/wp\/v2\/pages"}],"about":[{"href":"https:\/\/www.daliform.com\/es\/wp-json\/wp\/v2\/types\/page"}],"author":[{"embeddable":true,"href":"https:\/\/www.daliform.com\/es\/wp-json\/wp\/v2\/users\/1"}],"replies":[{"embeddable":true,"href":"https:\/\/www.daliform.com\/es\/wp-json\/wp\/v2\/comments?post=70836"}],"version-history":[{"count":3,"href":"https:\/\/www.daliform.com\/es\/wp-json\/wp\/v2\/pages\/70836\/revisions"}],"predecessor-version":[{"id":107626,"href":"https:\/\/www.daliform.com\/es\/wp-json\/wp\/v2\/pages\/70836\/revisions\/107626"}],"wp:attachment":[{"href":"https:\/\/www.daliform.com\/es\/wp-json\/wp\/v2\/media?parent=70836"}],"curies":[{"name":"wp","href":"https:\/\/api.w.org\/{rel}","templated":true}]}}