{"id":69731,"date":"2016-05-10T15:44:52","date_gmt":"2016-05-10T13:44:52","guid":{"rendered":"https:\/\/www.daliform.com\/?page_id=69731"},"modified":"2024-08-02T10:44:39","modified_gmt":"2024-08-02T08:44:39","slug":"sistemas-para-techos-verdes","status":"publish","type":"page","link":"https:\/\/www.daliform.com\/es\/sistemas-para-techos-verdes\/","title":{"rendered":"Iglu&#8217;\u00ae Green Roof"},"content":{"rendered":"<p>[vc_row][vc_column width=\u00bb1\/4&#8243;][vc_single_image image=\u00bb64538&#8243; img_size=\u00bblarge\u00bb][\/vc_column][vc_column width=\u00bb3\/4&#8243;][vc_column_text]<\/p>\n<h5><strong>Iglu\u2019\u00ae green roof es un sistema dE PL\u00c1STICO RECICLADO de grande valor medio ambiental contra la continua cementificaci\u00f3n de nuestra ciudades para realizar terrazas ajardinadas y tejados verdes para proteger de las impermeabilizaciones, y con garant\u00eda de duraci\u00f3n del jard\u00edn.<\/strong><\/h5>\n<p>El problema fundamental de los terrazas ajardinadas consist\u00eda en el drenaje regular para evitar la muerte de la vegetaci\u00f3n debida o al excesivo estancamiento o a la falta de agua.<br \/>\nHoy, es posible regular el drenaje de los terrazas ajardinadas gracias a Iglu\u2019\u00ae green roof cuya superficie permite una acumulaci\u00f3n de agua adecuada y al mismo tiempo la evacuaci\u00f3n de agua excedente a trav\u00e9s de los agujeros \u00abde demasiado lleno\u00bb.[\/vc_column_text][\/vc_column][\/vc_row][vc_row padding_top=\u00bb0&#8243; padding_bottom=\u00bb0&#8243;][vc_column][vc_empty_space height=\u00bb20px\u00bb][vc_column_text]Realizar un techo verde con sistema Iglu\u2019\u00ae green roof permite satisfacer las normativas de las administraciones p\u00fablicas en t\u00e9rminos de par\u00e1metros de edificaci\u00f3n, ahorro energ\u00e9tico y reducci\u00f3n y mitigaci\u00f3n para que el agua filtre en el alcantarillado.[\/vc_column_text][\/vc_column][\/vc_row]<\/p>\n","protected":false},"excerpt":{"rendered":"<p>Igl\u00f9\u00ae green roof es ideal para realizar terrazas ajardinadas, permitiendo realizarlos en condiciones de seguridad y sin da\u00f1ar las impermeabilizaciones.<\/p>\n","protected":false},"author":1,"featured_media":64524,"parent":0,"menu_order":35,"comment_status":"closed","ping_status":"closed","template":"template-product.php","meta":[],"acf":[],"aioseo_notices":[],"_links":{"self":[{"href":"https:\/\/www.daliform.com\/es\/wp-json\/wp\/v2\/pages\/69731"}],"collection":[{"href":"https:\/\/www.daliform.com\/es\/wp-json\/wp\/v2\/pages"}],"about":[{"href":"https:\/\/www.daliform.com\/es\/wp-json\/wp\/v2\/types\/page"}],"author":[{"embeddable":true,"href":"https:\/\/www.daliform.com\/es\/wp-json\/wp\/v2\/users\/1"}],"replies":[{"embeddable":true,"href":"https:\/\/www.daliform.com\/es\/wp-json\/wp\/v2\/comments?post=69731"}],"version-history":[{"count":2,"href":"https:\/\/www.daliform.com\/es\/wp-json\/wp\/v2\/pages\/69731\/revisions"}],"predecessor-version":[{"id":112972,"href":"https:\/\/www.daliform.com\/es\/wp-json\/wp\/v2\/pages\/69731\/revisions\/112972"}],"wp:featuredmedia":[{"embeddable":true,"href":"https:\/\/www.daliform.com\/es\/wp-json\/wp\/v2\/media\/64524"}],"wp:attachment":[{"href":"https:\/\/www.daliform.com\/es\/wp-json\/wp\/v2\/media?parent=69731"}],"curies":[{"name":"wp","href":"https:\/\/api.w.org\/{rel}","templated":true}]}}